{"id":269,"date":"2024-09-03T14:40:19","date_gmt":"2024-09-03T12:40:19","guid":{"rendered":"https:\/\/opcleaningservice.com\/custom\/"},"modified":"2025-02-05T21:46:14","modified_gmt":"2025-02-05T20:46:14","slug":"servicio-personalizado","status":"publish","type":"page","link":"https:\/\/opcleaningservice.com\/es\/servicio-personalizado\/","title":{"rendered":"Personalizado"},"content":{"rendered":"<div class=\"wpb-content-wrapper\"><p>[vc_row][vc_column]\n\t\t\t\t<p class=\"rs-p-wp-fix\"><\/p>\n\t\t\t\t<sr7-module data-alias=\"preguntas-frecuentes-1\" data-id=\"31\" id=\"SR7_31_1\" class=\"rs-ov-hidden\" data-version=\"6.7.40\">\n\t\t\t\t\t<sr7-adjuster><\/sr7-adjuster>\n\t\t\t\t\t<sr7-content>\n\t\t\t\t\t\t<sr7-slide id=\"SR7_31_1-65\" data-key=\"65\">\n\t\t\t\t\t\t\t<sr7-bg id=\"SR7_31_1-65-1\" class=\"sr7-layer\"><noscript><img decoding=\"async\" src=\"https:\/\/opcleaningservice.com\/wp-content\/uploads\/2025\/02\/banners-cleaning-commercial.jpg\" alt=\"\" title=\"banners-cleaning-commercial\"><\/noscript><\/sr7-bg>\n\t\t\t\t\t\t\t<sr7-txt id=\"SR7_31_1-65-0\" class=\"sr7-layer\">SERVICIOS DE LIMPIEZA<br \/>\nPERSONALIZADOS<\/sr7-txt>\n\t\t\t\t\t\t<\/sr7-slide>\n\t\t\t\t\t\t<sr7-slide id=\"SR7_31_1-66\" data-key=\"66\">\n\t\t\t\t\t\t<\/sr7-slide>\n\t\t\t\t\t<\/sr7-content>\n\t\t\t\t\t<image_lists style=\"display:none\">\n\t\t\t\t\t\t<img data-src=\"\/\/opcleaningservice.com\/wp-content\/uploads\/2025\/02\/banners-cleaning-commercial.jpg\" data-libid=\"804\" data-lib=\"medialibrary\" title=\"banners-cleaning-commercial\" width=\"0\" height=\"0\" data-dbsrc=\"Ly9vcGNsZWFuaW5nc2VydmljZS5jb20vd3AtY29udGVudC91cGxvYWRzLzIwMjUvMDIvYmFubmVycy1jbGVhbmluZy1jb21tZXJjaWFsLmpwZw==\"\/>\n\t\t\t\t\t<\/image_lists>\n\t\t\t\t<\/sr7-module>\n\t\t\t\t<script>\n\t\t\t\t\tSR7.PMH ??={}; SR7.PMH[\"SR7_31_1\"] = {cn:100,state:false,fn: function() { if (_tpt!==undefined && _tpt.prepareModuleHeight !== undefined) {  _tpt.prepareModuleHeight({id:\"SR7_31_1\",el:[450,450,450,450,200],type:'standard',shdw:'0',gh:[450,450,450,450,200],gw:[1920,1920,1920,1920,480],vpt:['-100px&#039;,&#039;-100px&#039;,&#039;-100px&#039;,&#039;-100px&#039;,&#039;-100px'],size:{fullWidth:true, fullHeight:false},mh:'0',onh:0,onw:0,bg:{color:'{\"orig\":\"transparent\",\"type\":\"solid\",\"string\":\"transparent\"}'}});   SR7.PMH[\"SR7_31_1\"].state=true;} else if(SR7.PMH[\"SR7_31_1\"].cn-->0)\tsetTimeout( SR7.PMH[\"SR7_31_1\"].fn,19);}};SR7.PMH[\"SR7_31_1\" ].fn();\n\t\t\t\t<\/script>\n[vc_row_inner][vc_column_inner][vc_column_text css=\u00bb\u00bb]<div id=\"crumbs\"><a href=\"https:\/\/opcleaningservice.com\/es\/\">Home<\/a> > <\/div>[\/vc_column_text][\/vc_column_inner][\/vc_row_inner][\/vc_column][\/vc_row][vc_row gap=\u00bb25&#8243; equal_height=\u00bbyes\u00bb content_placement=\u00bbmiddle\u00bb][vc_column width=\u00bb1\/2&#8243;][vc_single_image image=\u00bb359&#8243; img_size=\u00bbfull\u00bb css=\u00bb\u00bb][\/vc_column][vc_column width=\u00bb1\/2&#8243;][vc_column_text css=\u00bb\u00bb]<\/p>\n<h1>SERVICIO PERSONALIZADO<\/h1>\n<p>En OP Cleaning Services, ofrecemos <strong>servicios de limpieza con frecuencia personalizada<\/strong>, adaptados a tu estilo de vida para mantener tu hogar o negocio impecable sin un horario fijo. Ya sea que viajes con frecuencia o tengas una rutina de trabajo impredecible, nuestra flexibilidad te permite <strong>elegir la frecuencia de limpieza<\/strong> que mejor te convenga. Disfruta de la tranquilidad de un plan dise\u00f1ado seg\u00fan tus necesidades, asegurando que tu espacio siempre est\u00e9 limpio y bien cuidado.[\/vc_column_text][vc_btn title=\u00bbRESERVA YA\u00bb css=\u00bb\u00bb link=\u00bburl:https%3A%2F%2Fopcleaningservice.com%2Fes%2Flimpieza-residencial-y-comercial%2Freservar-su-servicio%2F|title:Reservar%20Ahora\u00bb el_class=\u00bbbtn-opcleaning\u00bb][\/vc_column][\/vc_row][vc_row][vc_column][vc_empty_space height=\u00bb40px\u00bb][\/vc_column][\/vc_row][vc_row gap=\u00bb25&#8243; equal_height=\u00bbyes\u00bb content_placement=\u00bbmiddle\u00bb][vc_column width=\u00bb1\/2&#8243;][vc_column_text css=\u00bb\u00bb]<\/p>\n<h2>PERFECTO PARA LA NUEVA GENERACI\u00d3N<\/h2>\n<p>Para quienes est\u00e1n fuera de casa con frecuencia o tienen horarios de trabajo largos e impredecibles, nuestros servicios de <strong>limpieza con frecuencia personalizada<\/strong> son la soluci\u00f3n ideal. Olv\u00eddate de regresar a un espacio desordenado: nosotros nos encargamos de la limpieza en el momento que m\u00e1s te convenga. Desde desinfectar ba\u00f1os y cocinas hasta barrer y trapear pisos, nos aseguramos de que tu hogar o negocio siempre est\u00e9 fresco y organizado, sin importar lo agitado que sea tu d\u00eda a d\u00eda.[\/vc_column_text][\/vc_column][vc_column width=\u00bb1\/2&#8243;][vc_single_image image=\u00bb567&#8243; img_size=\u00bbfull\u00bb css=\u00bb\u00bb][\/vc_column][\/vc_row][vc_row][vc_column][vc_empty_space height=\u00bb40px\u00bb][\/vc_column][\/vc_row][vc_row gap=\u00bb25&#8243; equal_height=\u00bbyes\u00bb content_placement=\u00bbmiddle\u00bb][vc_column width=\u00bb1\/2&#8243;][vc_single_image image=\u00bb571&#8243; img_size=\u00bbfull\u00bb css=\u00bb\u00bb][\/vc_column][vc_column width=\u00bb1\/2&#8243;][vc_column_text css=\u00bb\u00bb]<\/p>\n<h2>TRANQUILIDAD PARA TU FAMILIA<\/h2>\n<p>Nuestros servicios de limpieza con frecuencia personalizada son ideales para familias que necesitan apoyo adicional o limpiezas m\u00e1s frecuentes. Ya sea para mantenerse al d\u00eda con el desorden diario o simplemente para un mantenimiento m\u00e1s regular, creamos un plan de limpieza adaptado a tus necesidades. El equipo de OP Cleaning se enfoca en todas las \u00e1reas clave, asegurando que ba\u00f1os, cocinas, pisos y superficies est\u00e9n desinfectados, limpios y organizados para que su hogar se sienta c\u00f3modo.[\/vc_column_text][vc_btn title=\u00bbRESERVA YA\u00bb css=\u00bb\u00bb link=\u00bburl:https%3A%2F%2Fopcleaningservice.com%2Fes%2Flimpieza-residencial-y-comercial%2Freservar-su-servicio%2F|title:Reservar%20Ahora\u00bb el_class=\u00bbbtn-opcleaning\u00bb][\/vc_column][\/vc_row][vc_row][vc_column][vc_empty_space height=\u00bb40px\u00bb][\/vc_column][\/vc_row][vc_row gap=\u00bb25&#8243; equal_height=\u00bbyes\u00bb content_placement=\u00bbmiddle\u00bb][vc_column width=\u00bb1\/2&#8243;][vc_column_text css=\u00bb\u00bb]<\/p>\n<h2>\u00bfQU\u00c9 NOS HACE DIFERENTES?<\/h2>\n<p>No importa con qu\u00e9 frecuencia nos necesites, nuestros servicios de <strong>limpieza con frecuencia personalizada<\/strong> se adaptan a tus <a href=\"https:\/\/healthpointcs.com\/blog\/how-frequently-should-i-engage-a-commercial-cleaning-service-for-my-company\/\" target=\"_blank\" rel=\"noopener\">requerimientos<\/a>. Ofrecemos desde limpiezas semanales hasta mensuales o bajo demanda, garantizando un servicio de alta calidad que se ajusta perfectamente a tu estilo de vida. Deja que OP Cleaning Services simplifique tu rutina. \u00a1Solicita una <a href=\"https:\/\/opcleaningservice.com\/es\/limpieza-residencial-y-comercial\/reservar-ahora\/\">cotizaci\u00f3n gratuita<\/a>\u00a0hoy y descubre c\u00f3mo podemos hacer que tu hogar o negocio brille![\/vc_column_text][vc_btn title=\u00bbM\u00c1S INFO\u00bb css=\u00bb\u00bb link=\u00bburl:https%3A%2F%2Fopcleaningservice.com%2Fes%2Flimpieza-residencial-y-comercial%2Freservar-su-servicio%2F|title:Reservar%20Ahora\u00bb el_class=\u00bbbtn-opcleaning\u00bb][\/vc_column][vc_column width=\u00bb1\/2&#8243;][vc_single_image image=\u00bb507&#8243; img_size=\u00bbfull\u00bb css=\u00bb\u00bb][\/vc_column][\/vc_row][vc_row][vc_column][vc_empty_space height=\u00bb40px\u00bb][vc_column_text css=\u00bb\u00bb]<\/p>\n<h2 style=\"text-align: center;\">TRABAJOS RECIENTES<\/h2>\n<p>[\/vc_column_text][vc_empty_space][\/vc_column][\/vc_row][vc_row][vc_column]<div id=\"ult-carousel-193954945369e506f7eec44\" class=\"ult-carousel-wrapper   ult_horizontal\" data-gutter=\"15\" data-rtl=\"false\" ><div class=\"ult-carousel-176112423569e506f7ee800 \" >[vc_single_image image=\u00bb521&#8243; img_size=\u00bbfull\u00bb alignment=\u00bbcenter\u00bb css=\u00bb\u00bb][vc_single_image image=\u00bb236&#8243; img_size=\u00bbfull\u00bb alignment=\u00bbcenter\u00bb css=\u00bb\u00bb][vc_single_image image=\u00bb234&#8243; img_size=\u00bbfull\u00bb alignment=\u00bbcenter\u00bb css=\u00bb\u00bb][vc_single_image image=\u00bb238&#8243; img_size=\u00bbfull\u00bb alignment=\u00bbcenter\u00bb css=\u00bb\u00bb][vc_single_image image=\u00bb235&#8243; img_size=\u00bbfull\u00bb alignment=\u00bbcenter\u00bb css=\u00bb\u00bb][vc_single_image image=\u00bb247&#8243; img_size=\u00bbfull\u00bb alignment=\u00bbcenter\u00bb css=\u00bb\u00bb][vc_single_image image=\u00bb246&#8243; img_size=\u00bbfull\u00bb alignment=\u00bbcenter\u00bb css=\u00bb\u00bb]<\/div><\/div>\t\t\t<script type=\"text\/javascript\">\n\t\t\t\tjQuery(document).ready(function ($) {\n\t\t\t\t\tif( typeof jQuery('.ult-carousel-176112423569e506f7ee800').slick == \"function\"){\n\t\t\t\t\t\t$('.ult-carousel-176112423569e506f7ee800').slick({dots: true,autoplay: true,autoplaySpeed: \"5000\",speed: \"300\",infinite: true,arrows: true,nextArrow: '<button type=\"button\" role=\"button\" aria-label=\"Next\" style=\"color:#333333; font-size:20px;\" class=\"slick-next default\"><i class=\"ultsl-arrow-right4\"><\/i><\/button>',prevArrow: '<button type=\"button\" role=\"button\" aria-label=\"Previous\" style=\"color:#333333; font-size:20px;\" class=\"slick-prev default\"><i class=\"ultsl-arrow-left4\"><\/i><\/button>',slidesToScroll:4,slidesToShow:4,swipe: true,draggable: true,touchMove: true,pauseOnHover: true,pauseOnFocus: false,responsive: [\n\t\t\t\t\t\t\t{\n\t\t\t\t\t\t\t  breakpoint: 1026,\n\t\t\t\t\t\t\t  settings: {\n\t\t\t\t\t\t\t\tslidesToShow: 4,\n\t\t\t\t\t\t\t\tslidesToScroll: 4,  \n\t\t\t\t\t\t\t  }\n\t\t\t\t\t\t\t},\n\t\t\t\t\t\t\t{\n\t\t\t\t\t\t\t  breakpoint: 1025,\n\t\t\t\t\t\t\t  settings: {\n\t\t\t\t\t\t\t\tslidesToShow: 3,\n\t\t\t\t\t\t\t\tslidesToScroll: 3\n\t\t\t\t\t\t\t  }\n\t\t\t\t\t\t\t},\n\t\t\t\t\t\t\t{\n\t\t\t\t\t\t\t  breakpoint: 760,\n\t\t\t\t\t\t\t  settings: {\n\t\t\t\t\t\t\t\tslidesToShow: 1,\n\t\t\t\t\t\t\t\tslidesToScroll: 1\n\t\t\t\t\t\t\t  }\n\t\t\t\t\t\t\t}\n\t\t\t\t\t\t],pauseOnDotsHover: true,customPaging: function(slider, i) {\n                   return '<i type=\"button\" style= \"color:#333333;\" class=\"ultsl-record\" data-role=\"none\"><\/i>';\n                },});\n\t\t\t\t\t}\n\t\t\t\t});\n\t\t\t<\/script>\n\t\t\t[vc_btn title=\u00bbSERVICIOS\u00bb color=\u00bbblack\u00bb align=\u00bbcenter\u00bb css=\u00bb\u00bb link=\u00bburl:https%3A%2F%2Fopcleaningservice.com%2Fes%2Fservicios-de-limpieza%2F|title:Book%20now\u00bb el_class=\u00bbbtn-opcleaning\u00bb][\/vc_column][\/vc_row][vc_row][vc_column][vc_empty_space height=\u00bb45px\u00bb][\/vc_column][\/vc_row][vc_row full_width=\u00bbstretch_row_content_no_spaces\u00bb el_class=\u00bbseccion-formu\u00bb css=\u00bb.vc_custom_1738689728526{background-image: url(https:\/\/opcleaningservice.com\/wp-content\/uploads\/2024\/09\/banner-form-SPAN.png?id=314) !important;background-position: center !important;background-repeat: no-repeat !important;background-size: cover !important;}\u00bb][vc_column][vc_row_inner el_class=\u00bbcontainer\u00bb][vc_column_inner width=\u00bb1\/2&#8243;][\/vc_column_inner][vc_column_inner width=\u00bb1\/2&#8243;]\n<div class=\"wpcf7 no-js\" id=\"wpcf7-f274-o1\" lang=\"es-ES\" dir=\"ltr\" data-wpcf7-id=\"274\">\n<div class=\"screen-reader-response\"><p role=\"status\" aria-live=\"polite\" aria-atomic=\"true\"><\/p> <ul><\/ul><\/div>\n<form action=\"\/es\/wp-json\/wp\/v2\/pages\/269#wpcf7-f274-o1\" method=\"post\" class=\"wpcf7-form init\" aria-label=\"Formulario de contacto\" novalidate=\"novalidate\" data-status=\"init\">\n<fieldset class=\"hidden-fields-container\"><input type=\"hidden\" name=\"_wpcf7\" value=\"274\" \/><input type=\"hidden\" name=\"_wpcf7_version\" value=\"6.1.5\" \/><input type=\"hidden\" name=\"_wpcf7_locale\" value=\"es_ES\" \/><input type=\"hidden\" name=\"_wpcf7_unit_tag\" value=\"wpcf7-f274-o1\" \/><input type=\"hidden\" name=\"_wpcf7_container_post\" value=\"0\" \/><input type=\"hidden\" name=\"_wpcf7_posted_data_hash\" value=\"\" \/><input type=\"hidden\" name=\"_wpcf7_recaptcha_response\" value=\"\" \/>\n<\/fieldset>\n<div class=\"formulario-contacto\">\n\t<div style=\"padding: 0px;\" class=\"col-sm-12 \">\n\t\t<h4>NOMBRE COMPLETO*\n\t\t<\/h4>\n\t\t<p><span class=\"wpcf7-form-control-wrap\" data-name=\"fullname\"><input size=\"40\" maxlength=\"400\" class=\"wpcf7-form-control wpcf7-text wpcf7-validates-as-required\" aria-required=\"true\" aria-invalid=\"false\" placeholder=\"Nombre completo\" value=\"\" type=\"text\" name=\"fullname\" \/><\/span>\n\t\t<\/p>\n\t\t<h4>E-MAIL*\n\t\t<\/h4>\n\t\t<p><span class=\"wpcf7-form-control-wrap\" data-name=\"email\"><input size=\"40\" maxlength=\"400\" class=\"wpcf7-form-control wpcf7-email wpcf7-validates-as-required wpcf7-text wpcf7-validates-as-email\" aria-required=\"true\" aria-invalid=\"false\" placeholder=\"Direcci\u00f3n de correo electr\u00f3nico\" value=\"\" type=\"email\" name=\"email\" \/><\/span>\n\t\t<\/p>\n\t\t<h4>N\u00daMERO DE TEL\u00c9FONO*\n\t\t<\/h4>\n\t\t<p><span class=\"wpcf7-form-control-wrap\" data-name=\"phone\"><input size=\"40\" maxlength=\"400\" class=\"wpcf7-form-control wpcf7-tel wpcf7-validates-as-required wpcf7-text wpcf7-validates-as-tel\" aria-required=\"true\" aria-invalid=\"false\" placeholder=\"000-000-0000\" value=\"\" type=\"tel\" name=\"phone\" \/><\/span>\n\t\t<\/p>\n\t<\/div>\n\t<div style=\"padding: 0px;\" class=\"col-sm-12\">\n\t\t<div class=\"campo\">\n\t\t\t<p><span class=\"wpcf7-form-control-wrap\" data-name=\"acceptance-601\"><span class=\"wpcf7-form-control wpcf7-acceptance\"><span class=\"wpcf7-list-item\"><input type=\"checkbox\" name=\"acceptance-601\" value=\"1\" aria-invalid=\"false\" \/><\/span><\/span><\/span>\n\t\t\t<\/p>\n\t\t\t<p>Acepto las<a href=\"#\" target=\"_black\"> Pol\u00edticas de privacidad y confidencialidad <\/a>para uso de mis datos**\n\t\t\t<\/p>\n\t\t<\/div>\n\t\t<div class=\"submit-formu\">\n\t\t\t<p><input class=\"wpcf7-form-control wpcf7-submit has-spinner\" type=\"submit\" value=\"ENVIAR\" \/>\n\t\t\t<\/p>\n\t\t<\/div>\n\t<\/div>\n<\/div><div class=\"wpcf7-response-output\" aria-hidden=\"true\"><\/div>\n<\/form>\n<\/div>\n[\/vc_column_inner][\/vc_row_inner][\/vc_column][\/vc_row]<\/p>\n<\/div>","protected":false},"excerpt":{"rendered":"<p>[vc_row][vc_column][vc_row_inner][vc_column_inner][vc_column_text css=\u00bb\u00bb][\/vc_column_text][\/vc_column_inner][\/vc_row_inner][\/vc_column][\/vc_row][vc_row gap=\u00bb25&#8243; equal_height=\u00bbyes\u00bb content_placement=\u00bbmiddle\u00bb][vc_column width=\u00bb1\/2&#8243;][vc_single_image image=\u00bb359&#8243; img_size=\u00bbfull\u00bb css=\u00bb\u00bb][\/vc_column][vc_column width=\u00bb1\/2&#8243;][vc_column_text css=\u00bb\u00bb] SERVICIO PERSONALIZADO En OP <a class=\"read-more\" href=\"https:\/\/opcleaningservice.com\/es\/servicio-personalizado\/\">Read More<\/a><\/p>\n","protected":false},"author":1,"featured_media":0,"parent":0,"menu_order":0,"comment_status":"closed","ping_status":"closed","template":"","meta":{"_acf_changed":false,"_joinchat":[],"footnotes":""},"class_list":["post-269","page","type-page","status-publish","hentry"],"acf":[],"yoast_head":"<!-- This site is optimized with the Yoast SEO plugin v27.4 - https:\/\/yoast.com\/product\/yoast-seo-wordpress\/ -->\n<title>Servicio personalizado<\/title>\n<meta name=\"description\" content=\"Elige un Servicio personalizado de limpieza que se ajusta a tu estilo de vida y requerimientos espec\u00edficos.\" \/>\n<meta name=\"robots\" content=\"index, follow, max-snippet:-1, max-image-preview:large, max-video-preview:-1\" \/>\n<link rel=\"canonical\" href=\"https:\/\/opcleaningservice.com\/es\/servicio-personalizado\/\" \/>\n<meta property=\"og:locale\" content=\"es_ES\" \/>\n<meta property=\"og:type\" content=\"article\" \/>\n<meta property=\"og:title\" content=\"Servicio personalizado\" \/>\n<meta property=\"og:description\" content=\"Elige un Servicio personalizado de limpieza que se ajusta a tu estilo de vida y requerimientos espec\u00edficos.\" \/>\n<meta property=\"og:url\" content=\"https:\/\/opcleaningservice.com\/es\/servicio-personalizado\/\" \/>\n<meta property=\"og:site_name\" content=\"OP Cleaning services Inc\" \/>\n<meta property=\"article:modified_time\" content=\"2025-02-05T20:46:14+00:00\" \/>\n<meta name=\"twitter:card\" content=\"summary_large_image\" \/>\n<meta name=\"twitter:label1\" content=\"Tiempo de lectura\" \/>\n\t<meta name=\"twitter:data1\" content=\"5 minutos\" \/>\n<script type=\"application\/ld+json\" class=\"yoast-schema-graph\">{\"@context\":\"https:\\\/\\\/schema.org\",\"@graph\":[{\"@type\":\"WebPage\",\"@id\":\"https:\\\/\\\/opcleaningservice.com\\\/es\\\/servicio-personalizado\\\/\",\"url\":\"https:\\\/\\\/opcleaningservice.com\\\/es\\\/servicio-personalizado\\\/\",\"name\":\"Servicio personalizado\",\"isPartOf\":{\"@id\":\"https:\\\/\\\/opcleaningservice.com\\\/#website\"},\"datePublished\":\"2024-09-03T12:40:19+00:00\",\"dateModified\":\"2025-02-05T20:46:14+00:00\",\"description\":\"Elige un Servicio personalizado de limpieza que se ajusta a tu estilo de vida y requerimientos espec\u00edficos.\",\"breadcrumb\":{\"@id\":\"https:\\\/\\\/opcleaningservice.com\\\/es\\\/servicio-personalizado\\\/#breadcrumb\"},\"inLanguage\":\"es\",\"potentialAction\":[{\"@type\":\"ReadAction\",\"target\":[\"https:\\\/\\\/opcleaningservice.com\\\/es\\\/servicio-personalizado\\\/\"]}]},{\"@type\":\"BreadcrumbList\",\"@id\":\"https:\\\/\\\/opcleaningservice.com\\\/es\\\/servicio-personalizado\\\/#breadcrumb\",\"itemListElement\":[{\"@type\":\"ListItem\",\"position\":1,\"name\":\"Home\",\"item\":\"https:\\\/\\\/opcleaningservice.com\\\/es\\\/\"},{\"@type\":\"ListItem\",\"position\":2,\"name\":\"Personalizado\"}]},{\"@type\":\"WebSite\",\"@id\":\"https:\\\/\\\/opcleaningservice.com\\\/#website\",\"url\":\"https:\\\/\\\/opcleaningservice.com\\\/\",\"name\":\"OP Cleaning services Inc\",\"description\":\"Cleaning services\",\"potentialAction\":[{\"@type\":\"SearchAction\",\"target\":{\"@type\":\"EntryPoint\",\"urlTemplate\":\"https:\\\/\\\/opcleaningservice.com\\\/?s={search_term_string}\"},\"query-input\":{\"@type\":\"PropertyValueSpecification\",\"valueRequired\":true,\"valueName\":\"search_term_string\"}}],\"inLanguage\":\"es\"}]}<\/script>\n<!-- \/ Yoast SEO plugin. -->","yoast_head_json":{"title":"Servicio personalizado","description":"Elige un Servicio personalizado de limpieza que se ajusta a tu estilo de vida y requerimientos espec\u00edficos.","robots":{"index":"index","follow":"follow","max-snippet":"max-snippet:-1","max-image-preview":"max-image-preview:large","max-video-preview":"max-video-preview:-1"},"canonical":"https:\/\/opcleaningservice.com\/es\/servicio-personalizado\/","og_locale":"es_ES","og_type":"article","og_title":"Servicio personalizado","og_description":"Elige un Servicio personalizado de limpieza que se ajusta a tu estilo de vida y requerimientos espec\u00edficos.","og_url":"https:\/\/opcleaningservice.com\/es\/servicio-personalizado\/","og_site_name":"OP Cleaning services Inc","article_modified_time":"2025-02-05T20:46:14+00:00","twitter_card":"summary_large_image","twitter_misc":{"Tiempo de lectura":"5 minutos"},"schema":{"@context":"https:\/\/schema.org","@graph":[{"@type":"WebPage","@id":"https:\/\/opcleaningservice.com\/es\/servicio-personalizado\/","url":"https:\/\/opcleaningservice.com\/es\/servicio-personalizado\/","name":"Servicio personalizado","isPartOf":{"@id":"https:\/\/opcleaningservice.com\/#website"},"datePublished":"2024-09-03T12:40:19+00:00","dateModified":"2025-02-05T20:46:14+00:00","description":"Elige un Servicio personalizado de limpieza que se ajusta a tu estilo de vida y requerimientos espec\u00edficos.","breadcrumb":{"@id":"https:\/\/opcleaningservice.com\/es\/servicio-personalizado\/#breadcrumb"},"inLanguage":"es","potentialAction":[{"@type":"ReadAction","target":["https:\/\/opcleaningservice.com\/es\/servicio-personalizado\/"]}]},{"@type":"BreadcrumbList","@id":"https:\/\/opcleaningservice.com\/es\/servicio-personalizado\/#breadcrumb","itemListElement":[{"@type":"ListItem","position":1,"name":"Home","item":"https:\/\/opcleaningservice.com\/es\/"},{"@type":"ListItem","position":2,"name":"Personalizado"}]},{"@type":"WebSite","@id":"https:\/\/opcleaningservice.com\/#website","url":"https:\/\/opcleaningservice.com\/","name":"OP Cleaning services Inc","description":"Cleaning services","potentialAction":[{"@type":"SearchAction","target":{"@type":"EntryPoint","urlTemplate":"https:\/\/opcleaningservice.com\/?s={search_term_string}"},"query-input":{"@type":"PropertyValueSpecification","valueRequired":true,"valueName":"search_term_string"}}],"inLanguage":"es"}]}},"_links":{"self":[{"href":"https:\/\/opcleaningservice.com\/es\/wp-json\/wp\/v2\/pages\/269","targetHints":{"allow":["GET"]}}],"collection":[{"href":"https:\/\/opcleaningservice.com\/es\/wp-json\/wp\/v2\/pages"}],"about":[{"href":"https:\/\/opcleaningservice.com\/es\/wp-json\/wp\/v2\/types\/page"}],"author":[{"embeddable":true,"href":"https:\/\/opcleaningservice.com\/es\/wp-json\/wp\/v2\/users\/1"}],"replies":[{"embeddable":true,"href":"https:\/\/opcleaningservice.com\/es\/wp-json\/wp\/v2\/comments?post=269"}],"version-history":[{"count":20,"href":"https:\/\/opcleaningservice.com\/es\/wp-json\/wp\/v2\/pages\/269\/revisions"}],"predecessor-version":[{"id":943,"href":"https:\/\/opcleaningservice.com\/es\/wp-json\/wp\/v2\/pages\/269\/revisions\/943"}],"wp:attachment":[{"href":"https:\/\/opcleaningservice.com\/es\/wp-json\/wp\/v2\/media?parent=269"}],"curies":[{"name":"wp","href":"https:\/\/api.w.org\/{rel}","templated":true}]}}