{"id":273,"date":"2024-08-26T18:49:10","date_gmt":"2024-08-26T16:49:10","guid":{"rendered":"https:\/\/opcleaningservice.com\/terms-conditions\/"},"modified":"2025-02-05T21:53:11","modified_gmt":"2025-02-05T20:53:11","slug":"terminos-y-condiciones","status":"publish","type":"page","link":"https:\/\/opcleaningservice.com\/es\/terminos-y-condiciones\/","title":{"rendered":"T\u00e9rminos y condiciones"},"content":{"rendered":"<div class=\"wpb-content-wrapper\"><p>[vc_row][vc_column]\n\t\t\t\t<p class=\"rs-p-wp-fix\"><\/p>\n\t\t\t\t<sr7-module data-alias=\"terms-and-conditions-1\" data-id=\"32\" id=\"SR7_32_1\" class=\"rs-ov-hidden\" data-version=\"6.7.40\">\n\t\t\t\t\t<sr7-adjuster><\/sr7-adjuster>\n\t\t\t\t\t<sr7-content>\n\t\t\t\t\t\t<sr7-slide id=\"SR7_32_1-67\" data-key=\"67\">\n\t\t\t\t\t\t\t<sr7-bg id=\"SR7_32_1-67-1\" class=\"sr7-layer\"><noscript><img decoding=\"async\" src=\"https:\/\/opcleaningservice.com\/wp-content\/uploads\/2024\/09\/bg-interno.jpg\" alt=\"\" title=\"bg-interno\"><\/noscript><\/sr7-bg>\n\t\t\t\t\t\t\t<sr7-txt id=\"SR7_32_1-67-0\" class=\"sr7-layer\">T\u00c9RMINOS Y CONDICIONES<\/sr7-txt>\n\t\t\t\t\t\t<\/sr7-slide>\n\t\t\t\t\t\t<sr7-slide id=\"SR7_32_1-68\" data-key=\"68\">\n\t\t\t\t\t\t<\/sr7-slide>\n\t\t\t\t\t<\/sr7-content>\n\t\t\t\t\t<image_lists style=\"display:none\">\n\t\t\t\t\t\t<img data-src=\"\/\/opcleaningservice.com\/wp-content\/uploads\/2024\/09\/bg-interno.jpg\" data-libid=\"184\" data-lib=\"medialibrary\" title=\"bg-interno\" width=\"0\" height=\"0\" data-dbsrc=\"Ly9vcGNsZWFuaW5nc2VydmljZS5jb20vd3AtY29udGVudC91cGxvYWRzLzIwMjQvMDkvYmctaW50ZXJuby5qcGc=\"\/>\n\t\t\t\t\t<\/image_lists>\n\t\t\t\t<\/sr7-module>\n\t\t\t\t<script>\n\t\t\t\t\tSR7.PMH ??={}; SR7.PMH[\"SR7_32_1\"] = {cn:100,state:false,fn: function() { if (_tpt!==undefined && _tpt.prepareModuleHeight !== undefined) {  _tpt.prepareModuleHeight({id:\"SR7_32_1\",el:[350,350,350,350,200],type:'standard',shdw:'0',gh:[350,350,350,350,200],gw:[1920,1920,1920,1920,480],vpt:['-100px&#039;,&#039;-100px&#039;,&#039;-100px&#039;,&#039;-100px&#039;,&#039;-100px'],size:{fullWidth:true, fullHeight:false},mh:'0',onh:0,onw:0,bg:{color:'{\"orig\":\"transparent\",\"type\":\"solid\",\"string\":\"transparent\"}'}});   SR7.PMH[\"SR7_32_1\"].state=true;} else if(SR7.PMH[\"SR7_32_1\"].cn-->0)\tsetTimeout( SR7.PMH[\"SR7_32_1\"].fn,19);}};SR7.PMH[\"SR7_32_1\" ].fn();\n\t\t\t\t<\/script>\n[vc_row_inner][vc_column_inner][vc_column_text css=\u00bb\u00bb]<div id=\"crumbs\"><a href=\"https:\/\/opcleaningservice.com\/es\/\">Home<\/a> > <\/div>[\/vc_column_text][\/vc_column_inner][\/vc_row_inner][\/vc_column][\/vc_row][vc_row][vc_column][vc_column_text css=\u00bb\u00bb]<\/p>\n<h1 style=\"text-align: center;\" data-pm-slice=\"1 1 []\"><strong>T\u00e9rminos y Condiciones<\/strong><\/h1>\n<p>[\/vc_column_text][vc_column_text css=\u00bb\u00bb]<\/p>\n<h2 data-pm-slice=\"1 1 []\"><strong>1. Introducci\u00f3n<\/strong><\/h2>\n<p data-pm-slice=\"1 1 []\">En <a href=\"https:\/\/opcleaningservice.com\/es\/op-cleaning\/\" target=\"_blank\" rel=\"noopener\">OP Cleaning Service<\/a> prestamos servicios de limpieza personalizados. Al acceder y utilizar nuestro sitio web, acepta cumplir con estos t\u00e9rminos y condiciones. Si no est\u00e1 de acuerdo con alguna parte de estos t\u00e9rminos, le recomendamos que no utilice nuestros <a href=\"https:\/\/opcleaningservice.com\/es\/servicios-de-limpieza\/\" target=\"_blank\" rel=\"noopener\">servicios<\/a>.<\/p>\n<h2><strong>2. Servicios de Limpieza<\/strong><\/h2>\n<p>OP Cleaning Service ofrece una variedad de servicios de limpieza para hogares, oficinas y negocios en Orlando, Florida. Nuestros servicios incluyen limpieza profunda, mantenimiento regular, limpieza de mudanza y limpieza comercial. Nos esforzamos por brindar un servicio de calidad y garantizar la satisfacci\u00f3n de nuestros clientes.<\/p>\n<h2><strong>3. Uso del Sitio Web<\/strong><\/h2>\n<p>El uso de nuestro sitio web est\u00e1 sujeto a las siguientes condiciones:<\/p>\n<ul data-spread=\"false\">\n<li>No puede utilizar este sitio web para actividades ilegales o fraudulentas.<\/li>\n<li>No est\u00e1 permitido copiar, distribuir o modificar el contenido sin autorizaci\u00f3n.<\/li>\n<li>OP Cleaning Service se reserva el derecho de modificar o eliminar contenido sin previo aviso.<\/li>\n<\/ul>\n<h2><strong>4. Reservas y Pagos<\/strong><\/h2>\n<p>Para contratar nuestros servicios de limpieza, los clientes pueden realizar reservas a trav\u00e9s de nuestro sitio web. Todos los pagos deben realizarse seg\u00fan los t\u00e9rminos acordados. Nos reservamos el derecho de cancelar cualquier reserva en caso de incumplimiento de pago.<\/p>\n<h2><strong>5. Cancelaciones y Reembolsos<\/strong><\/h2>\n<p>Si necesita cancelar un servicio de limpieza, le solicitamos que lo haga con al menos 24 horas de anticipaci\u00f3n. Las cancelaciones fuera de este plazo pueden estar sujetas a cargos adicionales. No ofrecemos reembolsos por servicios ya prestados.<\/p>\n<h2><strong>6. Responsabilidad y Garant\u00eda<\/strong><\/h2>\n<p>Nos esforzamos por ofrecer los mejores servicios de limpieza, pero no nos hacemos responsables de da\u00f1os accidentales que puedan ocurrir durante la prestaci\u00f3n del servicio. Sin embargo, trabajamos con seguros que protegen a nuestros clientes en caso de incidentes.<\/p>\n<h2><strong>7. Privacidad y Seguridad<\/strong><\/h2>\n<p>Protegemos la <a href=\"https:\/\/www.cloudflare.com\/es-es\/learning\/privacy\/what-is-data-privacy\/\" target=\"_blank\" rel=\"noopener\">informaci\u00f3n personal<\/a> de nuestros clientes seg\u00fan nuestra <a href=\"https:\/\/opcleaningservice.com\/es\/politica-de-privacidad\/\" target=\"_blank\" rel=\"noopener\">Pol\u00edtica de Privacidad<\/a>. No compartimos datos personales con terceros sin consentimiento previo.<\/p>\n<h2><strong>8. Modificaciones de los T\u00e9rminos<\/strong><\/h2>\n<p>OP Cleaning Service se reserva el derecho de actualizar estos t\u00e9rminos y condiciones en cualquier momento. Le recomendamos revisar esta p\u00e1gina peri\u00f3dicamente.<\/p>\n<h2><strong>9. Contacto<\/strong><\/h2>\n<p><a href=\"https:\/\/opcleaningservice.com\/es\/limpieza-residencial-y-comercial\/reservar-su-servicio\/\" target=\"_blank\" rel=\"noopener\">Si tiene alguna pregunta<\/a> sobre estos t\u00e9rminos y condiciones o sobre nuestros servicios de limpieza, puede contactarnos a trav\u00e9s de nuestro formulario en l\u00ednea o llamarnos directamente.<\/p>\n<p>Gracias por confiar en OP Cleaning Service para sus necesidades de limpieza.[\/vc_column_text][vc_empty_space height=\u00bb40px\u00bb el_class=\u00bbespacios\u00bb][\/vc_column][\/vc_row][vc_row][vc_column][vc_empty_space][vc_column_text css=\u00bb\u00bb]<\/p>\n<h2 style=\"text-align: center;\">TRABAJOS RECIENTES<\/h2>\n<p>[\/vc_column_text][vc_empty_space]<div id=\"ult-carousel-404502393069e4f08ad8c9a\" class=\"ult-carousel-wrapper   ult_horizontal\" data-gutter=\"15\" data-rtl=\"false\" ><div class=\"ult-carousel-211029294369e4f08ad8afa \" >[vc_single_image image=\u00bb521&#8243; img_size=\u00bbfull\u00bb alignment=\u00bbcenter\u00bb css=\u00bb\u00bb][vc_single_image image=\u00bb233&#8243; img_size=\u00bbfull\u00bb alignment=\u00bbcenter\u00bb css=\u00bb\u00bb][vc_single_image image=\u00bb239&#8243; img_size=\u00bbfull\u00bb alignment=\u00bbcenter\u00bb css=\u00bb\u00bb][vc_single_image image=\u00bb237&#8243; img_size=\u00bbfull\u00bb alignment=\u00bbcenter\u00bb css=\u00bb\u00bb][vc_single_image image=\u00bb241&#8243; img_size=\u00bbfull\u00bb alignment=\u00bbcenter\u00bb css=\u00bb\u00bb][vc_single_image image=\u00bb246&#8243; img_size=\u00bbfull\u00bb alignment=\u00bbcenter\u00bb css=\u00bb\u00bb][vc_single_image image=\u00bb242&#8243; img_size=\u00bbfull\u00bb alignment=\u00bbcenter\u00bb css=\u00bb\u00bb][vc_single_image image=\u00bb234&#8243; img_size=\u00bbfull\u00bb alignment=\u00bbcenter\u00bb css=\u00bb\u00bb][vc_single_image image=\u00bb247&#8243; img_size=\u00bbfull\u00bb alignment=\u00bbcenter\u00bb css=\u00bb\u00bb]<\/div><\/div>\t\t\t<script type=\"text\/javascript\">\n\t\t\t\tjQuery(document).ready(function ($) {\n\t\t\t\t\tif( typeof jQuery('.ult-carousel-211029294369e4f08ad8afa').slick == \"function\"){\n\t\t\t\t\t\t$('.ult-carousel-211029294369e4f08ad8afa').slick({dots: true,autoplay: true,autoplaySpeed: \"5000\",speed: \"300\",infinite: true,arrows: true,nextArrow: '<button type=\"button\" role=\"button\" aria-label=\"Next\" style=\"color:#333333; font-size:20px;\" class=\"slick-next default\"><i class=\"ultsl-arrow-right4\"><\/i><\/button>',prevArrow: '<button type=\"button\" role=\"button\" aria-label=\"Previous\" style=\"color:#333333; font-size:20px;\" class=\"slick-prev default\"><i class=\"ultsl-arrow-left4\"><\/i><\/button>',slidesToScroll:4,slidesToShow:4,swipe: true,draggable: true,touchMove: true,pauseOnHover: true,pauseOnFocus: false,responsive: [\n\t\t\t\t\t\t\t{\n\t\t\t\t\t\t\t  breakpoint: 1026,\n\t\t\t\t\t\t\t  settings: {\n\t\t\t\t\t\t\t\tslidesToShow: 4,\n\t\t\t\t\t\t\t\tslidesToScroll: 4,  \n\t\t\t\t\t\t\t  }\n\t\t\t\t\t\t\t},\n\t\t\t\t\t\t\t{\n\t\t\t\t\t\t\t  breakpoint: 1025,\n\t\t\t\t\t\t\t  settings: {\n\t\t\t\t\t\t\t\tslidesToShow: 3,\n\t\t\t\t\t\t\t\tslidesToScroll: 3\n\t\t\t\t\t\t\t  }\n\t\t\t\t\t\t\t},\n\t\t\t\t\t\t\t{\n\t\t\t\t\t\t\t  breakpoint: 760,\n\t\t\t\t\t\t\t  settings: {\n\t\t\t\t\t\t\t\tslidesToShow: 1,\n\t\t\t\t\t\t\t\tslidesToScroll: 1\n\t\t\t\t\t\t\t  }\n\t\t\t\t\t\t\t}\n\t\t\t\t\t\t],pauseOnDotsHover: true,customPaging: function(slider, i) {\n                   return '<i type=\"button\" style= \"color:#333333;\" class=\"ultsl-record\" data-role=\"none\"><\/i>';\n                },});\n\t\t\t\t\t}\n\t\t\t\t});\n\t\t\t<\/script>\n\t\t\t[vc_empty_space][vc_btn title=\u00bbRESERVAR\u00bb color=\u00bbblack\u00bb align=\u00bbcenter\u00bb css=\u00bb\u00bb link=\u00bburl:https%3A%2F%2Fopcleaningservice.com%2Fes%2Flimpieza-residencial-y-comercial%2Freservar-su-servicio%2F|title:Reservar%20Ahora\u00bb el_class=\u00bbbtn-opcleaning\u00bb][\/vc_column][\/vc_row][vc_row][vc_column][vc_empty_space height=\u00bb40px\u00bb][\/vc_column][\/vc_row][vc_row full_width=\u00bbstretch_row_content_no_spaces\u00bb el_class=\u00bbseccion-formu\u00bb css=\u00bb.vc_custom_1738786421551{background-image: url(https:\/\/opcleaningservice.com\/wp-content\/uploads\/2024\/09\/banner-form-SPAN.png?id=314) !important;background-position: center !important;background-repeat: no-repeat !important;background-size: cover !important;}\u00bb][vc_column][vc_row_inner el_class=\u00bbcontainer\u00bb][vc_column_inner width=\u00bb1\/2&#8243;][\/vc_column_inner][vc_column_inner width=\u00bb1\/2&#8243;]\n<div class=\"wpcf7 no-js\" id=\"wpcf7-f274-o1\" lang=\"es-ES\" dir=\"ltr\" data-wpcf7-id=\"274\">\n<div class=\"screen-reader-response\"><p role=\"status\" aria-live=\"polite\" aria-atomic=\"true\"><\/p> <ul><\/ul><\/div>\n<form action=\"\/es\/wp-json\/wp\/v2\/pages\/273#wpcf7-f274-o1\" method=\"post\" class=\"wpcf7-form init\" aria-label=\"Formulario de contacto\" novalidate=\"novalidate\" data-status=\"init\">\n<fieldset class=\"hidden-fields-container\"><input type=\"hidden\" name=\"_wpcf7\" value=\"274\" \/><input type=\"hidden\" name=\"_wpcf7_version\" value=\"6.1.5\" \/><input type=\"hidden\" name=\"_wpcf7_locale\" value=\"es_ES\" \/><input type=\"hidden\" name=\"_wpcf7_unit_tag\" value=\"wpcf7-f274-o1\" \/><input type=\"hidden\" name=\"_wpcf7_container_post\" value=\"0\" \/><input type=\"hidden\" name=\"_wpcf7_posted_data_hash\" value=\"\" \/><input type=\"hidden\" name=\"_wpcf7_recaptcha_response\" value=\"\" \/>\n<\/fieldset>\n<div class=\"formulario-contacto\">\n\t<div style=\"padding: 0px;\" class=\"col-sm-12 \">\n\t\t<h4>NOMBRE COMPLETO*\n\t\t<\/h4>\n\t\t<p><span class=\"wpcf7-form-control-wrap\" data-name=\"fullname\"><input size=\"40\" maxlength=\"400\" class=\"wpcf7-form-control wpcf7-text wpcf7-validates-as-required\" aria-required=\"true\" aria-invalid=\"false\" placeholder=\"Nombre completo\" value=\"\" type=\"text\" name=\"fullname\" \/><\/span>\n\t\t<\/p>\n\t\t<h4>E-MAIL*\n\t\t<\/h4>\n\t\t<p><span class=\"wpcf7-form-control-wrap\" data-name=\"email\"><input size=\"40\" maxlength=\"400\" class=\"wpcf7-form-control wpcf7-email wpcf7-validates-as-required wpcf7-text wpcf7-validates-as-email\" aria-required=\"true\" aria-invalid=\"false\" placeholder=\"Direcci\u00f3n de correo electr\u00f3nico\" value=\"\" type=\"email\" name=\"email\" \/><\/span>\n\t\t<\/p>\n\t\t<h4>N\u00daMERO DE TEL\u00c9FONO*\n\t\t<\/h4>\n\t\t<p><span class=\"wpcf7-form-control-wrap\" data-name=\"phone\"><input size=\"40\" maxlength=\"400\" class=\"wpcf7-form-control wpcf7-tel wpcf7-validates-as-required wpcf7-text wpcf7-validates-as-tel\" aria-required=\"true\" aria-invalid=\"false\" placeholder=\"000-000-0000\" value=\"\" type=\"tel\" name=\"phone\" \/><\/span>\n\t\t<\/p>\n\t<\/div>\n\t<div style=\"padding: 0px;\" class=\"col-sm-12\">\n\t\t<div class=\"campo\">\n\t\t\t<p><span class=\"wpcf7-form-control-wrap\" data-name=\"acceptance-601\"><span class=\"wpcf7-form-control wpcf7-acceptance\"><span class=\"wpcf7-list-item\"><input type=\"checkbox\" name=\"acceptance-601\" value=\"1\" aria-invalid=\"false\" \/><\/span><\/span><\/span>\n\t\t\t<\/p>\n\t\t\t<p>Acepto las<a href=\"#\" target=\"_black\"> Pol\u00edticas de privacidad y confidencialidad <\/a>para uso de mis datos**\n\t\t\t<\/p>\n\t\t<\/div>\n\t\t<div class=\"submit-formu\">\n\t\t\t<p><input class=\"wpcf7-form-control wpcf7-submit has-spinner\" type=\"submit\" value=\"ENVIAR\" \/>\n\t\t\t<\/p>\n\t\t<\/div>\n\t<\/div>\n<\/div><div class=\"wpcf7-response-output\" aria-hidden=\"true\"><\/div>\n<\/form>\n<\/div>\n[\/vc_column_inner][\/vc_row_inner][\/vc_column][\/vc_row]<\/p>\n<\/div>","protected":false},"excerpt":{"rendered":"<p>[vc_row][vc_column][vc_row_inner][vc_column_inner][vc_column_text css=\u00bb\u00bb][\/vc_column_text][\/vc_column_inner][\/vc_row_inner][\/vc_column][\/vc_row][vc_row][vc_column][vc_column_text css=\u00bb\u00bb] T\u00e9rminos y Condiciones [\/vc_column_text][vc_column_text css=\u00bb\u00bb] 1. Introducci\u00f3n En OP Cleaning Service prestamos <a class=\"read-more\" href=\"https:\/\/opcleaningservice.com\/es\/terminos-y-condiciones\/\">Read More<\/a><\/p>\n","protected":false},"author":1,"featured_media":0,"parent":0,"menu_order":0,"comment_status":"closed","ping_status":"closed","template":"","meta":{"_acf_changed":false,"_joinchat":[],"footnotes":""},"class_list":["post-273","page","type-page","status-publish","hentry"],"acf":[],"yoast_head":"<!-- This site is optimized with the Yoast SEO plugin v27.4 - https:\/\/yoast.com\/product\/yoast-seo-wordpress\/ -->\n<title>t\u00e9rminos y condiciones OP Cleaning services Inc<\/title>\n<meta name=\"description\" content=\"t\u00e9rminos y condiciones de nuestros servicios de limpieza que se ajustan a tu horario y tus necesidades espec\u00edficas.\" \/>\n<meta name=\"robots\" content=\"index, follow, max-snippet:-1, max-image-preview:large, max-video-preview:-1\" \/>\n<link rel=\"canonical\" href=\"https:\/\/opcleaningservice.com\/es\/terminos-y-condiciones\/\" \/>\n<meta property=\"og:locale\" content=\"es_ES\" \/>\n<meta property=\"og:type\" content=\"article\" \/>\n<meta property=\"og:title\" content=\"t\u00e9rminos y condiciones OP Cleaning services Inc\" \/>\n<meta property=\"og:description\" content=\"t\u00e9rminos y condiciones de nuestros servicios de limpieza que se ajustan a tu horario y tus necesidades espec\u00edficas.\" \/>\n<meta property=\"og:url\" content=\"https:\/\/opcleaningservice.com\/es\/terminos-y-condiciones\/\" \/>\n<meta property=\"og:site_name\" content=\"OP Cleaning services Inc\" \/>\n<meta property=\"article:modified_time\" content=\"2025-02-05T20:53:11+00:00\" \/>\n<meta name=\"twitter:card\" content=\"summary_large_image\" \/>\n<meta name=\"twitter:label1\" content=\"Tiempo de lectura\" \/>\n\t<meta name=\"twitter:data1\" content=\"2 minutos\" \/>\n<script type=\"application\/ld+json\" class=\"yoast-schema-graph\">{\"@context\":\"https:\\\/\\\/schema.org\",\"@graph\":[{\"@type\":\"WebPage\",\"@id\":\"https:\\\/\\\/opcleaningservice.com\\\/es\\\/terminos-y-condiciones\\\/\",\"url\":\"https:\\\/\\\/opcleaningservice.com\\\/es\\\/terminos-y-condiciones\\\/\",\"name\":\"t\u00e9rminos y condiciones OP Cleaning services Inc\",\"isPartOf\":{\"@id\":\"https:\\\/\\\/opcleaningservice.com\\\/#website\"},\"datePublished\":\"2024-08-26T16:49:10+00:00\",\"dateModified\":\"2025-02-05T20:53:11+00:00\",\"description\":\"t\u00e9rminos y condiciones de nuestros servicios de limpieza que se ajustan a tu horario y tus necesidades espec\u00edficas.\",\"breadcrumb\":{\"@id\":\"https:\\\/\\\/opcleaningservice.com\\\/es\\\/terminos-y-condiciones\\\/#breadcrumb\"},\"inLanguage\":\"es\",\"potentialAction\":[{\"@type\":\"ReadAction\",\"target\":[\"https:\\\/\\\/opcleaningservice.com\\\/es\\\/terminos-y-condiciones\\\/\"]}]},{\"@type\":\"BreadcrumbList\",\"@id\":\"https:\\\/\\\/opcleaningservice.com\\\/es\\\/terminos-y-condiciones\\\/#breadcrumb\",\"itemListElement\":[{\"@type\":\"ListItem\",\"position\":1,\"name\":\"Home\",\"item\":\"https:\\\/\\\/opcleaningservice.com\\\/es\\\/\"},{\"@type\":\"ListItem\",\"position\":2,\"name\":\"T\u00e9rminos y condiciones\"}]},{\"@type\":\"WebSite\",\"@id\":\"https:\\\/\\\/opcleaningservice.com\\\/#website\",\"url\":\"https:\\\/\\\/opcleaningservice.com\\\/\",\"name\":\"OP Cleaning services Inc\",\"description\":\"Cleaning services\",\"potentialAction\":[{\"@type\":\"SearchAction\",\"target\":{\"@type\":\"EntryPoint\",\"urlTemplate\":\"https:\\\/\\\/opcleaningservice.com\\\/?s={search_term_string}\"},\"query-input\":{\"@type\":\"PropertyValueSpecification\",\"valueRequired\":true,\"valueName\":\"search_term_string\"}}],\"inLanguage\":\"es\"}]}<\/script>\n<!-- \/ Yoast SEO plugin. -->","yoast_head_json":{"title":"t\u00e9rminos y condiciones OP Cleaning services Inc","description":"t\u00e9rminos y condiciones de nuestros servicios de limpieza que se ajustan a tu horario y tus necesidades espec\u00edficas.","robots":{"index":"index","follow":"follow","max-snippet":"max-snippet:-1","max-image-preview":"max-image-preview:large","max-video-preview":"max-video-preview:-1"},"canonical":"https:\/\/opcleaningservice.com\/es\/terminos-y-condiciones\/","og_locale":"es_ES","og_type":"article","og_title":"t\u00e9rminos y condiciones OP Cleaning services Inc","og_description":"t\u00e9rminos y condiciones de nuestros servicios de limpieza que se ajustan a tu horario y tus necesidades espec\u00edficas.","og_url":"https:\/\/opcleaningservice.com\/es\/terminos-y-condiciones\/","og_site_name":"OP Cleaning services Inc","article_modified_time":"2025-02-05T20:53:11+00:00","twitter_card":"summary_large_image","twitter_misc":{"Tiempo de lectura":"2 minutos"},"schema":{"@context":"https:\/\/schema.org","@graph":[{"@type":"WebPage","@id":"https:\/\/opcleaningservice.com\/es\/terminos-y-condiciones\/","url":"https:\/\/opcleaningservice.com\/es\/terminos-y-condiciones\/","name":"t\u00e9rminos y condiciones OP Cleaning services Inc","isPartOf":{"@id":"https:\/\/opcleaningservice.com\/#website"},"datePublished":"2024-08-26T16:49:10+00:00","dateModified":"2025-02-05T20:53:11+00:00","description":"t\u00e9rminos y condiciones de nuestros servicios de limpieza que se ajustan a tu horario y tus necesidades espec\u00edficas.","breadcrumb":{"@id":"https:\/\/opcleaningservice.com\/es\/terminos-y-condiciones\/#breadcrumb"},"inLanguage":"es","potentialAction":[{"@type":"ReadAction","target":["https:\/\/opcleaningservice.com\/es\/terminos-y-condiciones\/"]}]},{"@type":"BreadcrumbList","@id":"https:\/\/opcleaningservice.com\/es\/terminos-y-condiciones\/#breadcrumb","itemListElement":[{"@type":"ListItem","position":1,"name":"Home","item":"https:\/\/opcleaningservice.com\/es\/"},{"@type":"ListItem","position":2,"name":"T\u00e9rminos y condiciones"}]},{"@type":"WebSite","@id":"https:\/\/opcleaningservice.com\/#website","url":"https:\/\/opcleaningservice.com\/","name":"OP Cleaning services Inc","description":"Cleaning services","potentialAction":[{"@type":"SearchAction","target":{"@type":"EntryPoint","urlTemplate":"https:\/\/opcleaningservice.com\/?s={search_term_string}"},"query-input":{"@type":"PropertyValueSpecification","valueRequired":true,"valueName":"search_term_string"}}],"inLanguage":"es"}]}},"_links":{"self":[{"href":"https:\/\/opcleaningservice.com\/es\/wp-json\/wp\/v2\/pages\/273","targetHints":{"allow":["GET"]}}],"collection":[{"href":"https:\/\/opcleaningservice.com\/es\/wp-json\/wp\/v2\/pages"}],"about":[{"href":"https:\/\/opcleaningservice.com\/es\/wp-json\/wp\/v2\/types\/page"}],"author":[{"embeddable":true,"href":"https:\/\/opcleaningservice.com\/es\/wp-json\/wp\/v2\/users\/1"}],"replies":[{"embeddable":true,"href":"https:\/\/opcleaningservice.com\/es\/wp-json\/wp\/v2\/comments?post=273"}],"version-history":[{"count":12,"href":"https:\/\/opcleaningservice.com\/es\/wp-json\/wp\/v2\/pages\/273\/revisions"}],"predecessor-version":[{"id":947,"href":"https:\/\/opcleaningservice.com\/es\/wp-json\/wp\/v2\/pages\/273\/revisions\/947"}],"wp:attachment":[{"href":"https:\/\/opcleaningservice.com\/es\/wp-json\/wp\/v2\/media?parent=273"}],"curies":[{"name":"wp","href":"https:\/\/api.w.org\/{rel}","templated":true}]}}