{"id":275,"date":"2024-08-21T23:15:36","date_gmt":"2024-08-21T21:15:36","guid":{"rendered":"https:\/\/opcleaningservice.com\/book-now\/"},"modified":"2025-02-05T21:29:38","modified_gmt":"2025-02-05T20:29:38","slug":"reservar-su-servicio","status":"publish","type":"page","link":"https:\/\/opcleaningservice.com\/es\/limpieza-residencial-y-comercial\/reservar-su-servicio\/","title":{"rendered":"Reservar Ahora"},"content":{"rendered":"<div class=\"wpb-content-wrapper\"><p>[vc_row][vc_column]\n\t\t\t\t<p class=\"rs-p-wp-fix\"><\/p>\n\t\t\t\t<sr7-module data-alias=\"Banner-internos-COMIENCE-ESPAOL\" data-id=\"7\" id=\"SR7_7_1\" class=\"rs-ov-hidden\" data-version=\"6.7.40\">\n\t\t\t\t\t<sr7-adjuster><\/sr7-adjuster>\n\t\t\t\t\t<sr7-content>\n\t\t\t\t\t\t<sr7-slide id=\"SR7_7_1-17\" data-key=\"17\">\n\t\t\t\t\t\t\t<sr7-txt id=\"SR7_7_1-17-0\" class=\"sr7-layer\">COMIENCE HOY<\/sr7-txt>\n\t\t\t\t\t\t<\/sr7-slide>\n\t\t\t\t\t\t<sr7-slide id=\"SR7_7_1-18\" data-key=\"18\">\n\t\t\t\t\t\t<\/sr7-slide>\n\t\t\t\t\t<\/sr7-content>\n\t\t\t\t\t<image_lists style=\"display:none\">\n\t\t\t\t\t\t<img data-src=\"\/\/opcleaningservice.com\/wp-content\/uploads\/2024\/09\/BOOK-NOW.jpg\" data-libid=\"268\" data-lib=\"medialibrary\" title=\"BOOK-NOW\" width=\"0\" height=\"0\" data-dbsrc=\"Ly9vcGNsZWFuaW5nc2VydmljZS5jb20vd3AtY29udGVudC91cGxvYWRzLzIwMjQvMDkvQk9PSy1OT1cuanBn\"\/>\n\t\t\t\t\t<\/image_lists>\n\t\t\t\t<\/sr7-module>\n\t\t\t\t<script>\n\t\t\t\t\tSR7.PMH ??={}; SR7.PMH[\"SR7_7_1\"] = {cn:100,state:false,fn: function() { if (_tpt!==undefined && _tpt.prepareModuleHeight !== undefined) {  _tpt.prepareModuleHeight({id:\"SR7_7_1\",el:[450,450,450,450,400],type:'standard',shdw:'0',gh:[450,450,450,450,400],gw:[1920,1920,1920,1920,480],vpt:['100px&#039;,&#039;100px&#039;,&#039;100px&#039;,&#039;100px&#039;,&#039;100px'],size:{fullWidth:true, fullHeight:false},mh:'0',onh:0,onw:0,bg:{color:'{\"orig\":\"transparent\",\"type\":\"solid\",\"string\":\"transparent\"}'}});   SR7.PMH[\"SR7_7_1\"].state=true;} else if(SR7.PMH[\"SR7_7_1\"].cn-->0)\tsetTimeout( SR7.PMH[\"SR7_7_1\"].fn,19);}};SR7.PMH[\"SR7_7_1\" ].fn();\n\t\t\t\t<\/script>\n[vc_row_inner][vc_column_inner][vc_column_text css=\u00bb\u00bb]<div id=\"crumbs\"><a href=\"https:\/\/opcleaningservice.com\/es\/\">Home<\/a> > <\/div>[\/vc_column_text][\/vc_column_inner][\/vc_row_inner][\/vc_column][\/vc_row][vc_row gap=\u00bb25&#8243; equal_height=\u00bbyes\u00bb content_placement=\u00bbmiddle\u00bb][vc_column width=\u00bb1\/6&#8243; el_class=\u00bbdisplay-none\u00bb][\/vc_column][vc_column width=\u00bb2\/3&#8243;][vc_column_text css=\u00bb\u00bb]<\/p>\n<h1 style=\"text-align: center;\">RESERVAR SU SERVICIO<\/h1>\n<p style=\"text-align: center;\">Est\u00e1 listo para Reservar su servicio de limpieza con nosotros? Somos una <a href=\"https:\/\/opcleaningservice.com\/es\/op-cleaning\/\" target=\"_blank\" rel=\"noopener\">orgullosa empresa familiar<\/a>, liderada por mujeres, con m\u00e1s de 15 a\u00f1os de experiencia en el \u00e1rea de Orlando. Contamos con <a href=\"https:\/\/www.insureon.com\/blog\/what-does-it-mean-to-be-bonded-and-insured\" target=\"_blank\" rel=\"noopener\">licencia, estamos asegurados<\/a> y ofrecemos soluciones de limpieza para todas las necesidades y presupuestos. \u00a1Solicite su cotizaci\u00f3n gratuita hoy y descubra la diferencia de un servicio de limpieza profesional!<\/p>\n<p>[\/vc_column_text][\/vc_column][vc_column width=\u00bb1\/6&#8243; el_class=\u00bbdisplay-none\u00bb][\/vc_column][\/vc_row][vc_row][vc_column][vc_empty_space height=\u00bb40px\u00bb el_class=\u00bbespacios\u00bb][\/vc_column][\/vc_row][vc_section full_width=\u00bbstretch_row\u00bb css=\u00bb.vc_custom_1725368707616{background-color: #f4f7f5 !important;}\u00bb el_class=\u00bbseccion3-home\u00bb][vc_row][vc_column][vc_empty_space height=\u00bb30px\u00bb el_class=\u00bbespacios\u00bb][vc_row_inner][vc_column_inner el_class=\u00bbdisplay-none\u00bb width=\u00bb1\/3&#8243;][vc_single_image image=\u00bb547&#8243; img_size=\u00bbfull\u00bb alignment=\u00bbcenter\u00bb onclick=\u00bbcustom_link\u00bb css=\u00bb.vc_custom_1738702652581{margin-bottom: 10px !important;}\u00bb link=\u00bbhttps:\/\/opcleaningservice.com\/es\/limpieza-residencial\/\u00bb][vc_column_text css=\u00bb.vc_custom_1738702598892{margin-bottom: 10px !important;}\u00bb]<\/p>\n<h2 style=\"text-align: center;\"><a href=\"https:\/\/opcleaningservice.com\/es\/limpieza-residencial\/\">LIMPIEZA<\/a><br \/>\n<a href=\"https:\/\/opcleaningservice.com\/es\/limpieza-residencial\/\">RESIDENCIAL<\/a><\/h2>\n<p>[\/vc_column_text][\/vc_column_inner][vc_column_inner width=\u00bb1\/3&#8243;][vc_single_image image=\u00bb543&#8243; img_size=\u00bbfull\u00bb alignment=\u00bbcenter\u00bb onclick=\u00bbcustom_link\u00bb css=\u00bb.vc_custom_1738702645408{margin-bottom: 10px !important;}\u00bb link=\u00bbhttps:\/\/opcleaningservice.com\/es\/limpieza-comercial\/\u00bb][vc_column_text css=\u00bb.vc_custom_1738702627513{margin-bottom: 10px !important;}\u00bb]<\/p>\n<h2 style=\"text-align: center;\"><a href=\"https:\/\/opcleaningservice.com\/es\/limpieza-comercial\/\">LIMPIEZA<\/a><br \/>\n<a href=\"https:\/\/opcleaningservice.com\/es\/limpieza-comercial\/\">COMERCIAL<\/a><\/h2>\n<p>[\/vc_column_text][\/vc_column_inner][vc_column_inner width=\u00bb1\/3&#8243;][vc_single_image image=\u00bb545&#8243; img_size=\u00bbfull\u00bb alignment=\u00bbcenter\u00bb onclick=\u00bbcustom_link\u00bb css=\u00bb.vc_custom_1738781127952{margin-bottom: 10px !important;}\u00bb link=\u00bbhttps:\/\/opcleaningservice.com\/es\/limpieza-de-pisos\/\u00bb][vc_column_text css=\u00bb.vc_custom_1738781139953{margin-bottom: 10px !important;}\u00bb]<\/p>\n<h2 style=\"text-align: center;\"><a href=\"https:\/\/opcleaningservice.com\/es\/limpieza-de-pisos\/\">LIMPIEZA<\/a><br \/>\n<a href=\"https:\/\/opcleaningservice.com\/es\/limpieza-de-pisos\/\">DE PISOS<\/a><\/h2>\n<p>[\/vc_column_text][\/vc_column_inner][\/vc_row_inner][vc_row_inner][vc_column_inner el_class=\u00bbdisplay-none\u00bb][vc_empty_space height=\u00bb30px\u00bb el_class=\u00bbespacios\u00bb][\/vc_column_inner][\/vc_row_inner][vc_row_inner][vc_column_inner el_class=\u00bbdisplay-none\u00bb width=\u00bb1\/3&#8243;][vc_single_image image=\u00bb897&#8243; img_size=\u00bbfull\u00bb alignment=\u00bbcenter\u00bb onclick=\u00bbcustom_link\u00bb css=\u00bb.vc_custom_1738780318184{margin-bottom: 10px !important;}\u00bb link=\u00bbhttps:\/\/opcleaningservice.com\/es\/limpieza-semanal\/\u00bb][vc_column_text css=\u00bb.vc_custom_1738780022257{margin-bottom: 10px !important;}\u00bb]<\/p>\n<h2 style=\"text-align: center;\"><a href=\"https:\/\/opcleaningservice.com\/es\/limpieza-semanal\/\">SERVICIOS<\/a><br \/>\n<a href=\"https:\/\/opcleaningservice.com\/es\/limpieza-semanal\/\">SEMANALES<\/a><\/h2>\n<p>[\/vc_column_text][\/vc_column_inner][vc_column_inner width=\u00bb1\/3&#8243;][vc_single_image image=\u00bb895&#8243; img_size=\u00bbfull\u00bb alignment=\u00bbcenter\u00bb onclick=\u00bbcustom_link\u00bb css=\u00bb.vc_custom_1738780349413{margin-bottom: 10px !important;}\u00bb link=\u00bbhttps:\/\/opcleaningservice.com\/es\/servicios-de-limpieza-quincenal\/\u00bb][vc_column_text css=\u00bb.vc_custom_1738780342390{margin-bottom: 10px !important;}\u00bb]<\/p>\n<h2 style=\"text-align: center;\"><a href=\"https:\/\/opcleaningservice.com\/es\/servicios-de-limpieza-quincenal\/\">SERVICIOS<\/a><br \/>\n<a href=\"https:\/\/opcleaningservice.com\/es\/servicios-de-limpieza-quincenal\/\">QUINCENALES<\/a><\/h2>\n<p>[\/vc_column_text][\/vc_column_inner][vc_column_inner width=\u00bb1\/3&#8243;][vc_single_image image=\u00bb899&#8243; img_size=\u00bbfull\u00bb alignment=\u00bbcenter\u00bb onclick=\u00bbcustom_link\u00bb css=\u00bb.vc_custom_1738780412303{margin-bottom: 10px !important;}\u00bb link=\u00bbhttps:\/\/opcleaningservice.com\/es\/servicio-personalizado\/\u00bb][vc_column_text css=\u00bb.vc_custom_1738780425930{margin-bottom: 10px !important;}\u00bb]<\/p>\n<h2 style=\"text-align: center;\"><a href=\"https:\/\/opcleaningservice.com\/es\/servicio-personalizado\/\">SERVICIOS<\/a><br \/>\n<a href=\"https:\/\/opcleaningservice.com\/es\/servicio-personalizado\/\">PERSONALIZADOS<\/a><\/h2>\n<p>[\/vc_column_text][\/vc_column_inner][\/vc_row_inner][vc_row_inner][vc_column_inner el_class=\u00bbdisplay-none\u00bb][vc_empty_space height=\u00bb30px\u00bb el_class=\u00bbespacios\u00bb][\/vc_column_inner][\/vc_row_inner][\/vc_column][\/vc_row][\/vc_section][vc_row][vc_column][vc_empty_space height=\u00bb40px\u00bb el_class=\u00bbespacios\u00bb][\/vc_column][\/vc_row][vc_row gap=\u00bb25&#8243; equal_height=\u00bbyes\u00bb content_placement=\u00bbmiddle\u00bb][vc_column width=\u00bb1\/6&#8243; el_class=\u00bbdisplay-none\u00bb][\/vc_column][vc_column width=\u00bb2\/3&#8243;][vc_column_text css=\u00bb\u00bb]<\/p>\n<p style=\"text-align: center;\">\u00bfNo est\u00e1s seguro de qu\u00e9 servicio de limpieza es el adecuado para ti? \u00a1No hay problema! Completa nuestro formulario de contacto y te ayudaremos a crear un plan de limpieza <a href=\"https:\/\/opcleaningservice.com\/es\/servicio-personalizado\/\">personalizado<\/a> que se ajuste a tu hogar, horario y estilo de vida. Nuestro objetivo es ofrecer un servicio que cumpla con tus necesidades con conveniencia y cuidado.<\/p>\n<p>[\/vc_column_text][\/vc_column][vc_column width=\u00bb1\/6&#8243; el_class=\u00bbdisplay-none\u00bb][\/vc_column][\/vc_row][vc_row][vc_column][vc_empty_space height=\u00bb20px\u00bb el_class=\u00bbespacios\u00bb][\/vc_column][\/vc_row][vc_row full_width=\u00bbstretch_row_content_no_spaces\u00bb el_class=\u00bbseccion-formu\u00bb css=\u00bb.vc_custom_1726093682474{background-image: url(https:\/\/opcleaningservice.com\/wp-content\/uploads\/2024\/09\/banner-form-SPAN.png?id=314) !important;background-position: center !important;background-repeat: no-repeat !important;background-size: cover !important;}\u00bb][vc_column][vc_row_inner el_class=\u00bbcontainer\u00bb][vc_column_inner width=\u00bb1\/2&#8243;][\/vc_column_inner][vc_column_inner width=\u00bb1\/2&#8243;]\n<div class=\"wpcf7 no-js\" id=\"wpcf7-f274-o1\" lang=\"es-ES\" dir=\"ltr\" data-wpcf7-id=\"274\">\n<div class=\"screen-reader-response\"><p role=\"status\" aria-live=\"polite\" aria-atomic=\"true\"><\/p> <ul><\/ul><\/div>\n<form action=\"\/es\/wp-json\/wp\/v2\/pages\/275#wpcf7-f274-o1\" method=\"post\" class=\"wpcf7-form init\" aria-label=\"Formulario de contacto\" novalidate=\"novalidate\" data-status=\"init\">\n<fieldset class=\"hidden-fields-container\"><input type=\"hidden\" name=\"_wpcf7\" value=\"274\" \/><input type=\"hidden\" name=\"_wpcf7_version\" value=\"6.1.5\" \/><input type=\"hidden\" name=\"_wpcf7_locale\" value=\"es_ES\" \/><input type=\"hidden\" name=\"_wpcf7_unit_tag\" value=\"wpcf7-f274-o1\" \/><input type=\"hidden\" name=\"_wpcf7_container_post\" value=\"0\" \/><input type=\"hidden\" name=\"_wpcf7_posted_data_hash\" value=\"\" \/><input type=\"hidden\" name=\"_wpcf7_recaptcha_response\" value=\"\" \/>\n<\/fieldset>\n<div class=\"formulario-contacto\">\n\t<div style=\"padding: 0px;\" class=\"col-sm-12 \">\n\t\t<h4>NOMBRE COMPLETO*\n\t\t<\/h4>\n\t\t<p><span class=\"wpcf7-form-control-wrap\" data-name=\"fullname\"><input size=\"40\" maxlength=\"400\" class=\"wpcf7-form-control wpcf7-text wpcf7-validates-as-required\" aria-required=\"true\" aria-invalid=\"false\" placeholder=\"Nombre completo\" value=\"\" type=\"text\" name=\"fullname\" \/><\/span>\n\t\t<\/p>\n\t\t<h4>E-MAIL*\n\t\t<\/h4>\n\t\t<p><span class=\"wpcf7-form-control-wrap\" data-name=\"email\"><input size=\"40\" maxlength=\"400\" class=\"wpcf7-form-control wpcf7-email wpcf7-validates-as-required wpcf7-text wpcf7-validates-as-email\" aria-required=\"true\" aria-invalid=\"false\" placeholder=\"Direcci\u00f3n de correo electr\u00f3nico\" value=\"\" type=\"email\" name=\"email\" \/><\/span>\n\t\t<\/p>\n\t\t<h4>N\u00daMERO DE TEL\u00c9FONO*\n\t\t<\/h4>\n\t\t<p><span class=\"wpcf7-form-control-wrap\" data-name=\"phone\"><input size=\"40\" maxlength=\"400\" class=\"wpcf7-form-control wpcf7-tel wpcf7-validates-as-required wpcf7-text wpcf7-validates-as-tel\" aria-required=\"true\" aria-invalid=\"false\" placeholder=\"000-000-0000\" value=\"\" type=\"tel\" name=\"phone\" \/><\/span>\n\t\t<\/p>\n\t<\/div>\n\t<div style=\"padding: 0px;\" class=\"col-sm-12\">\n\t\t<div class=\"campo\">\n\t\t\t<p><span class=\"wpcf7-form-control-wrap\" data-name=\"acceptance-601\"><span class=\"wpcf7-form-control wpcf7-acceptance\"><span class=\"wpcf7-list-item\"><input type=\"checkbox\" name=\"acceptance-601\" value=\"1\" aria-invalid=\"false\" \/><\/span><\/span><\/span>\n\t\t\t<\/p>\n\t\t\t<p>Acepto las<a href=\"#\" target=\"_black\"> Pol\u00edticas de privacidad y confidencialidad <\/a>para uso de mis datos**\n\t\t\t<\/p>\n\t\t<\/div>\n\t\t<div class=\"submit-formu\">\n\t\t\t<p><input class=\"wpcf7-form-control wpcf7-submit has-spinner\" type=\"submit\" value=\"ENVIAR\" \/>\n\t\t\t<\/p>\n\t\t<\/div>\n\t<\/div>\n<\/div><div class=\"wpcf7-response-output\" aria-hidden=\"true\"><\/div>\n<\/form>\n<\/div>\n[\/vc_column_inner][\/vc_row_inner][\/vc_column][\/vc_row]<\/p>\n<\/div>","protected":false},"excerpt":{"rendered":"<p>[vc_row][vc_column][vc_row_inner][vc_column_inner][vc_column_text css=\u00bb\u00bb][\/vc_column_text][\/vc_column_inner][\/vc_row_inner][\/vc_column][\/vc_row][vc_row gap=\u00bb25&#8243; equal_height=\u00bbyes\u00bb content_placement=\u00bbmiddle\u00bb][vc_column width=\u00bb1\/6&#8243; el_class=\u00bbdisplay-none\u00bb][\/vc_column][vc_column width=\u00bb2\/3&#8243;][vc_column_text css=\u00bb\u00bb] RESERVAR SU SERVICIO Est\u00e1 listo para <a class=\"read-more\" href=\"https:\/\/opcleaningservice.com\/es\/limpieza-residencial-y-comercial\/reservar-su-servicio\/\">Read More<\/a><\/p>\n","protected":false},"author":1,"featured_media":0,"parent":278,"menu_order":0,"comment_status":"closed","ping_status":"closed","template":"","meta":{"_acf_changed":false,"_joinchat":[],"footnotes":""},"class_list":["post-275","page","type-page","status-publish","hentry"],"acf":[],"yoast_head":"<!-- This site is optimized with the Yoast SEO plugin v27.4 - https:\/\/yoast.com\/product\/yoast-seo-wordpress\/ -->\n<title>Reservar su servicio OP Cleaning services Inc<\/title>\n<meta name=\"description\" content=\"Reservar su servicio de limpieza ya sea residencial o comercial en el \u00e1rea de Orlando, FL con OP Cleaning.\" \/>\n<meta name=\"robots\" content=\"index, follow, max-snippet:-1, max-image-preview:large, max-video-preview:-1\" \/>\n<link rel=\"canonical\" href=\"https:\/\/opcleaningservice.com\/es\/limpieza-residencial-y-comercial\/reservar-su-servicio\/\" \/>\n<meta property=\"og:locale\" content=\"es_ES\" \/>\n<meta property=\"og:type\" content=\"article\" \/>\n<meta property=\"og:title\" content=\"Reservar su servicio OP Cleaning services Inc\" \/>\n<meta property=\"og:description\" content=\"Reservar su servicio de limpieza ya sea residencial o comercial en el \u00e1rea de Orlando, FL con OP Cleaning.\" \/>\n<meta property=\"og:url\" content=\"https:\/\/opcleaningservice.com\/es\/limpieza-residencial-y-comercial\/reservar-su-servicio\/\" \/>\n<meta property=\"og:site_name\" content=\"OP Cleaning services Inc\" \/>\n<meta property=\"article:modified_time\" content=\"2025-02-05T20:29:38+00:00\" \/>\n<meta name=\"twitter:card\" content=\"summary_large_image\" \/>\n<meta name=\"twitter:label1\" content=\"Tiempo de lectura\" \/>\n\t<meta name=\"twitter:data1\" content=\"3 minutos\" \/>\n<script type=\"application\/ld+json\" class=\"yoast-schema-graph\">{\"@context\":\"https:\\\/\\\/schema.org\",\"@graph\":[{\"@type\":\"WebPage\",\"@id\":\"https:\\\/\\\/opcleaningservice.com\\\/es\\\/limpieza-residencial-y-comercial\\\/reservar-su-servicio\\\/\",\"url\":\"https:\\\/\\\/opcleaningservice.com\\\/es\\\/limpieza-residencial-y-comercial\\\/reservar-su-servicio\\\/\",\"name\":\"Reservar su servicio OP Cleaning services Inc\",\"isPartOf\":{\"@id\":\"https:\\\/\\\/opcleaningservice.com\\\/#website\"},\"datePublished\":\"2024-08-21T21:15:36+00:00\",\"dateModified\":\"2025-02-05T20:29:38+00:00\",\"description\":\"Reservar su servicio de limpieza ya sea residencial o comercial en el \u00e1rea de Orlando, FL con OP Cleaning.\",\"breadcrumb\":{\"@id\":\"https:\\\/\\\/opcleaningservice.com\\\/es\\\/limpieza-residencial-y-comercial\\\/reservar-su-servicio\\\/#breadcrumb\"},\"inLanguage\":\"es\",\"potentialAction\":[{\"@type\":\"ReadAction\",\"target\":[\"https:\\\/\\\/opcleaningservice.com\\\/es\\\/limpieza-residencial-y-comercial\\\/reservar-su-servicio\\\/\"]}]},{\"@type\":\"BreadcrumbList\",\"@id\":\"https:\\\/\\\/opcleaningservice.com\\\/es\\\/limpieza-residencial-y-comercial\\\/reservar-su-servicio\\\/#breadcrumb\",\"itemListElement\":[{\"@type\":\"ListItem\",\"position\":1,\"name\":\"Home\",\"item\":\"https:\\\/\\\/opcleaningservice.com\\\/es\\\/\"},{\"@type\":\"ListItem\",\"position\":2,\"name\":\"Inicio\",\"item\":\"https:\\\/\\\/opcleaningservice.com\\\/es\\\/\"},{\"@type\":\"ListItem\",\"position\":3,\"name\":\"Reservar Ahora\"}]},{\"@type\":\"WebSite\",\"@id\":\"https:\\\/\\\/opcleaningservice.com\\\/#website\",\"url\":\"https:\\\/\\\/opcleaningservice.com\\\/\",\"name\":\"OP Cleaning services Inc\",\"description\":\"Cleaning services\",\"potentialAction\":[{\"@type\":\"SearchAction\",\"target\":{\"@type\":\"EntryPoint\",\"urlTemplate\":\"https:\\\/\\\/opcleaningservice.com\\\/?s={search_term_string}\"},\"query-input\":{\"@type\":\"PropertyValueSpecification\",\"valueRequired\":true,\"valueName\":\"search_term_string\"}}],\"inLanguage\":\"es\"}]}<\/script>\n<!-- \/ Yoast SEO plugin. -->","yoast_head_json":{"title":"Reservar su servicio OP Cleaning services Inc","description":"Reservar su servicio de limpieza ya sea residencial o comercial en el \u00e1rea de Orlando, FL con OP Cleaning.","robots":{"index":"index","follow":"follow","max-snippet":"max-snippet:-1","max-image-preview":"max-image-preview:large","max-video-preview":"max-video-preview:-1"},"canonical":"https:\/\/opcleaningservice.com\/es\/limpieza-residencial-y-comercial\/reservar-su-servicio\/","og_locale":"es_ES","og_type":"article","og_title":"Reservar su servicio OP Cleaning services Inc","og_description":"Reservar su servicio de limpieza ya sea residencial o comercial en el \u00e1rea de Orlando, FL con OP Cleaning.","og_url":"https:\/\/opcleaningservice.com\/es\/limpieza-residencial-y-comercial\/reservar-su-servicio\/","og_site_name":"OP Cleaning services Inc","article_modified_time":"2025-02-05T20:29:38+00:00","twitter_card":"summary_large_image","twitter_misc":{"Tiempo de lectura":"3 minutos"},"schema":{"@context":"https:\/\/schema.org","@graph":[{"@type":"WebPage","@id":"https:\/\/opcleaningservice.com\/es\/limpieza-residencial-y-comercial\/reservar-su-servicio\/","url":"https:\/\/opcleaningservice.com\/es\/limpieza-residencial-y-comercial\/reservar-su-servicio\/","name":"Reservar su servicio OP Cleaning services Inc","isPartOf":{"@id":"https:\/\/opcleaningservice.com\/#website"},"datePublished":"2024-08-21T21:15:36+00:00","dateModified":"2025-02-05T20:29:38+00:00","description":"Reservar su servicio de limpieza ya sea residencial o comercial en el \u00e1rea de Orlando, FL con OP Cleaning.","breadcrumb":{"@id":"https:\/\/opcleaningservice.com\/es\/limpieza-residencial-y-comercial\/reservar-su-servicio\/#breadcrumb"},"inLanguage":"es","potentialAction":[{"@type":"ReadAction","target":["https:\/\/opcleaningservice.com\/es\/limpieza-residencial-y-comercial\/reservar-su-servicio\/"]}]},{"@type":"BreadcrumbList","@id":"https:\/\/opcleaningservice.com\/es\/limpieza-residencial-y-comercial\/reservar-su-servicio\/#breadcrumb","itemListElement":[{"@type":"ListItem","position":1,"name":"Home","item":"https:\/\/opcleaningservice.com\/es\/"},{"@type":"ListItem","position":2,"name":"Inicio","item":"https:\/\/opcleaningservice.com\/es\/"},{"@type":"ListItem","position":3,"name":"Reservar Ahora"}]},{"@type":"WebSite","@id":"https:\/\/opcleaningservice.com\/#website","url":"https:\/\/opcleaningservice.com\/","name":"OP Cleaning services Inc","description":"Cleaning services","potentialAction":[{"@type":"SearchAction","target":{"@type":"EntryPoint","urlTemplate":"https:\/\/opcleaningservice.com\/?s={search_term_string}"},"query-input":{"@type":"PropertyValueSpecification","valueRequired":true,"valueName":"search_term_string"}}],"inLanguage":"es"}]}},"_links":{"self":[{"href":"https:\/\/opcleaningservice.com\/es\/wp-json\/wp\/v2\/pages\/275","targetHints":{"allow":["GET"]}}],"collection":[{"href":"https:\/\/opcleaningservice.com\/es\/wp-json\/wp\/v2\/pages"}],"about":[{"href":"https:\/\/opcleaningservice.com\/es\/wp-json\/wp\/v2\/types\/page"}],"author":[{"embeddable":true,"href":"https:\/\/opcleaningservice.com\/es\/wp-json\/wp\/v2\/users\/1"}],"replies":[{"embeddable":true,"href":"https:\/\/opcleaningservice.com\/es\/wp-json\/wp\/v2\/comments?post=275"}],"version-history":[{"count":19,"href":"https:\/\/opcleaningservice.com\/es\/wp-json\/wp\/v2\/pages\/275\/revisions"}],"predecessor-version":[{"id":933,"href":"https:\/\/opcleaningservice.com\/es\/wp-json\/wp\/v2\/pages\/275\/revisions\/933"}],"up":[{"embeddable":true,"href":"https:\/\/opcleaningservice.com\/es\/wp-json\/wp\/v2\/pages\/278"}],"wp:attachment":[{"href":"https:\/\/opcleaningservice.com\/es\/wp-json\/wp\/v2\/media?parent=275"}],"curies":[{"name":"wp","href":"https:\/\/api.w.org\/{rel}","templated":true}]}}