{"id":276,"date":"2024-08-21T23:14:39","date_gmt":"2024-08-21T21:14:39","guid":{"rendered":"https:\/\/opcleaningservice.com\/services\/"},"modified":"2025-02-18T19:17:07","modified_gmt":"2025-02-18T18:17:07","slug":"servicios-de-limpieza","status":"publish","type":"page","link":"https:\/\/opcleaningservice.com\/es\/servicios-de-limpieza\/","title":{"rendered":"Servicios"},"content":{"rendered":"<div class=\"wpb-content-wrapper\"><p>[vc_row][vc_column]\n\t\t\t\t<p class=\"rs-p-wp-fix\"><\/p>\n\t\t\t\t<sr7-module data-alias=\"SERVICIOS-ESPAOL\" data-id=\"11\" id=\"SR7_11_1\" class=\"rs-ov-hidden\" data-version=\"6.7.40\">\n\t\t\t\t\t<sr7-adjuster><\/sr7-adjuster>\n\t\t\t\t\t<sr7-content>\n\t\t\t\t\t\t<sr7-slide id=\"SR7_11_1-25\" data-key=\"25\">\n\t\t\t\t\t\t\t<sr7-bg id=\"SR7_11_1-25-1\" class=\"sr7-layer\"><noscript><img decoding=\"async\" src=\"https:\/\/opcleaningservice.com\/wp-content\/uploads\/2024\/08\/servi-banner.jpg\" alt=\"\" title=\"servi-banner\"><\/noscript><\/sr7-bg>\n\t\t\t\t\t\t\t<sr7-txt id=\"SR7_11_1-25-0\" class=\"sr7-layer\">NUESTROS SERVICIOS<\/sr7-txt>\n\t\t\t\t\t\t<\/sr7-slide>\n\t\t\t\t\t\t<sr7-slide id=\"SR7_11_1-26\" data-key=\"26\">\n\t\t\t\t\t\t<\/sr7-slide>\n\t\t\t\t\t<\/sr7-content>\n\t\t\t\t\t<image_lists style=\"display:none\">\n\t\t\t\t\t\t<img data-src=\"\/\/opcleaningservice.com\/wp-content\/uploads\/2024\/08\/servi-banner.jpg\" data-libid=\"149\" data-lib=\"medialibrary\" title=\"servi-banner\" width=\"0\" height=\"0\" data-dbsrc=\"Ly9vcGNsZWFuaW5nc2VydmljZS5jb20vd3AtY29udGVudC91cGxvYWRzLzIwMjQvMDgvc2VydmktYmFubmVyLmpwZw==\"\/>\n\t\t\t\t\t<\/image_lists>\n\t\t\t\t<\/sr7-module>\n\t\t\t\t<script>\n\t\t\t\t\tSR7.PMH ??={}; SR7.PMH[\"SR7_11_1\"] = {cn:100,state:false,fn: function() { if (_tpt!==undefined && _tpt.prepareModuleHeight !== undefined) {  _tpt.prepareModuleHeight({id:\"SR7_11_1\",el:[450,450,450,450,400],type:'standard',shdw:'0',gh:[450,450,450,450,400],gw:[1920,1920,1920,1920,480],vpt:['100px&#039;,&#039;100px&#039;,&#039;100px&#039;,&#039;100px&#039;,&#039;100px'],size:{fullWidth:true, fullHeight:false},mh:'0',onh:0,onw:0,bg:{color:'{\"orig\":\"transparent\",\"type\":\"solid\",\"string\":\"transparent\"}'}});   SR7.PMH[\"SR7_11_1\"].state=true;} else if(SR7.PMH[\"SR7_11_1\"].cn-->0)\tsetTimeout( SR7.PMH[\"SR7_11_1\"].fn,19);}};SR7.PMH[\"SR7_11_1\" ].fn();\n\t\t\t\t<\/script>\n[vc_row_inner][vc_column_inner][vc_column_text css=\u00bb\u00bb]<div id=\"crumbs\"><a href=\"https:\/\/opcleaningservice.com\/es\/\">Home<\/a> > <\/div>[\/vc_column_text][\/vc_column_inner][\/vc_row_inner][\/vc_column][\/vc_row][vc_section full_width=\u00bbstretch_row\u00bb css=\u00bb.vc_custom_1725559635191{padding-top: 0px !important;background-color: #ffffff !important;}\u00bb el_class=\u00bbseccion3-home\u00bb][vc_row css=\u00bb.vc_custom_1725559871096{padding-top: 0px !important;}\u00bb][vc_column][vc_empty_space height=\u00bb30px\u00bb el_class=\u00bbespacios\u00bb][vc_row_inner][vc_column_inner el_class=\u00bbdisplay-none\u00bb width=\u00bb1\/6&#8243;][\/vc_column_inner][vc_column_inner width=\u00bb2\/3&#8243;][vc_column_text css=\u00bb\u00bb]<\/p>\n<h2 style=\"text-align: center;\">Servicios de limpieza <a href=\"https:\/\/opcleaningservice.com\/es\/servicio-personalizado\/\" target=\"_blank\" rel=\"noopener\">personalizados<\/a> dise\u00f1ados solo para ti. Adaptamos nuestro enfoque para satisfacer sus necesidades \u00fanicas, asegurando que cada detalle est\u00e9 cubierto.<\/h2>\n<p>[\/vc_column_text][vc_empty_space height=\u00bb25px\u00bb el_class=\u00bbespacios\u00bb][\/vc_column_inner][vc_column_inner el_class=\u00bbdisplay-none\u00bb width=\u00bb1\/6&#8243;][\/vc_column_inner][\/vc_row_inner][vc_row_inner][vc_column_inner el_class=\u00bbdisplay-none\u00bb width=\u00bb1\/3&#8243;][vc_single_image image=\u00bb547&#8243; img_size=\u00bbfull\u00bb alignment=\u00bbcenter\u00bb onclick=\u00bbcustom_link\u00bb css=\u00bb.vc_custom_1738781039356{margin-bottom: 10px !important;}\u00bb link=\u00bbhttps:\/\/opcleaningservice.com\/es\/limpieza-residencial\/\u00bb][vc_column_text css=\u00bb.vc_custom_1738781034749{margin-bottom: 10px !important;}\u00bb]<\/p>\n<h2 style=\"text-align: center;\"><a href=\"https:\/\/opcleaningservice.com\/es\/limpieza-residencial\/\">LIMPIEZA RESIDENCIAL<\/a><\/h2>\n<p>[\/vc_column_text][vc_column_text css=\u00bb.vc_custom_1738788539704{padding-right: 10px !important;padding-left: 10px !important;}\u00bb]<\/p>\n<p style=\"text-align: center;\">Adaptamos nuestros servicios de limpieza a su <a href=\"https:\/\/www.quora.com\/What-type-of-light-housekeeping-help-services-are-available-for-senior-citizens\" target=\"_blank\" rel=\"noopener\">estilo de vida<\/a>, haciendo que su espacios se sientan frescos y acogedores.<\/p>\n<p>[\/vc_column_text][\/vc_column_inner][vc_column_inner width=\u00bb1\/3&#8243;][vc_single_image image=\u00bb543&#8243; img_size=\u00bbfull\u00bb alignment=\u00bbcenter\u00bb onclick=\u00bbcustom_link\u00bb css=\u00bb.vc_custom_1738781004594{margin-bottom: 10px !important;}\u00bb link=\u00bbhttps:\/\/opcleaningservice.com\/es\/limpieza-comercial\/\u00bb][vc_column_text css=\u00bb.vc_custom_1738781008495{margin-bottom: 10px !important;}\u00bb]<\/p>\n<h2 style=\"text-align: center;\"><a href=\"https:\/\/opcleaningservice.com\/es\/limpieza-comercial\/\">LIMPIEZA COMERCIAL<\/a><\/h2>\n<p>[\/vc_column_text][vc_column_text css=\u00bb.vc_custom_1738522932598{padding-right: 10px !important;padding-left: 10px !important;}\u00bb]<\/p>\n<p style=\"text-align: center;\">Nos aseguramos de que su espacio de trabajo est\u00e9 limpio, desinfectado y se sienta acogedor tanto para los empleados como para los clientes.<\/p>\n<p>[\/vc_column_text][\/vc_column_inner][vc_column_inner width=\u00bb1\/3&#8243;][vc_single_image image=\u00bb545&#8243; img_size=\u00bbfull\u00bb alignment=\u00bbcenter\u00bb onclick=\u00bbcustom_link\u00bb css=\u00bb.vc_custom_1738781111420{margin-bottom: 10px !important;}\u00bb link=\u00bbhttps:\/\/opcleaningservice.com\/es\/limpieza-de-pisos\/\u00bb][vc_column_text css=\u00bb.vc_custom_1738781106087{margin-bottom: 10px !important;}\u00bb]<\/p>\n<h2 style=\"text-align: center;\"><a href=\"https:\/\/opcleaningservice.com\/es\/limpieza-de-pisos\/\">LIMPIEZA DE PISOS<\/a><\/h2>\n<p>[\/vc_column_text][vc_column_text css=\u00bb.vc_custom_1738788730429{padding-right: 10px !important;padding-left: 10px !important;}\u00bb]<\/p>\n<p style=\"text-align: center;\">Ofrecemos servicios de <a href=\"https:\/\/www.masisa.com.mx\/blog\/buenas-practicas-para-lavar-diferentes-tipos-de-piso\" target=\"_blank\" rel=\"noopener\">limpieza para pisos<\/a> que cubren todas las necesidades y tipos de piso de uso com\u00fan.<\/p>\n<p>[\/vc_column_text][\/vc_column_inner][\/vc_row_inner][vc_empty_space height=\u00bb30px\u00bb el_class=\u00bbespacios\u00bb][vc_btn title=\u00bbCOTIZAR\u00bb align=\u00bbcenter\u00bb css_animation=\u00bbfadeInUp\u00bb css=\u00bb\u00bb link=\u00bburl:https%3A%2F%2Fopcleaningservice.com%2Fes%2Flimpieza-residencial-y-comercial%2Freservar-su-servicio%2F|title:Reservar%20Ahora\u00bb el_class=\u00bbbtn-opcleaning\u00bb][vc_row_inner][vc_column_inner el_class=\u00bbdisplay-none\u00bb][vc_empty_space height=\u00bb30px\u00bb el_class=\u00bbespacios\u00bb][\/vc_column_inner][\/vc_row_inner][\/vc_column][\/vc_row][\/vc_section][vc_row full_width=\u00bbstretch_row_content_no_spaces\u00bb css=\u00bb.vc_custom_1725026150740{background-color: #f2f3f4 !important;}\u00bb][vc_column][vc_row_inner el_class=\u00bbcontainer\u00bb][vc_column_inner el_class=\u00bbdisplay-none\u00bb width=\u00bb1\/6&#8243;][\/vc_column_inner][vc_column_inner width=\u00bb2\/3&#8243;][vc_single_image image=\u00bb156&#8243; img_size=\u00bbfull\u00bb alignment=\u00bbcenter\u00bb css=\u00bb\u00bb][vc_column_text css=\u00bb.vc_custom_1738621413476{margin-bottom: 10px !important;}\u00bb]<\/p>\n<h2 style=\"text-align: center;\">SERVICIOS DE LIMPIEZA RECURRENTES<\/h2>\n<p style=\"text-align: center;\">Obtenga servicios de limpieza dise\u00f1ados s\u00f3lo para usted. Personalizamos la frecuencia y el tipo de servicio para adaptarnos a sus necesidades \u00fanicas, garantizando la soluci\u00f3n perfecta para su espacio.<\/p>\n<p>[\/vc_column_text][vc_empty_space height=\u00bb30px\u00bb el_class=\u00bbespacios\u00bb][\/vc_column_inner][vc_column_inner el_class=\u00bbdisplay-none\u00bb width=\u00bb1\/6&#8243;][\/vc_column_inner][\/vc_row_inner][vc_row_inner el_class=\u00bbcontainer\u00bb][vc_column_inner el_class=\u00bbitem-servi\u00bb width=\u00bb1\/3&#8243; css=\u00bb.vc_custom_1725028950918{background-image: url(https:\/\/opcleaningservice.com\/wp-content\/uploads\/2024\/08\/bg1.jpg?id=161) !important;background-position: center !important;background-repeat: no-repeat !important;background-size: cover !important;}\u00bb][vc_single_image image=\u00bb175&#8243; img_size=\u00bbfull\u00bb alignment=\u00bbcenter\u00bb css=\u00bb.vc_custom_1725030916212{margin-bottom: 15px !important;}\u00bb][vc_column_text css=\u00bb\u00bb]<\/p>\n<p style=\"text-align: center;\">Proporcionado una vez por semana para \u00f3ptimo mantenimiento.<\/p>\n<p>[\/vc_column_text][vc_btn title=\u00bbSEMANALMENTE\u00bb align=\u00bbcenter\u00bb css_animation=\u00bbfadeInDown\u00bb css=\u00bb\u00bb link=\u00bburl:https%3A%2F%2Fopcleaningservice.com%2Fes%2Flimpieza-semanal%2F|title:Weekly\u00bb el_class=\u00bbbtn-opcleaning2&#8243;][\/vc_column_inner][vc_column_inner el_class=\u00bbitem-servi\u00bb width=\u00bb1\/3&#8243; css=\u00bb.vc_custom_1725028971324{background-image: url(https:\/\/opcleaningservice.com\/wp-content\/uploads\/2024\/08\/bg2.jpg?id=162) !important;background-position: center !important;background-repeat: no-repeat !important;background-size: cover !important;}\u00bb][vc_single_image image=\u00bb173&#8243; img_size=\u00bbfull\u00bb alignment=\u00bbcenter\u00bb css=\u00bb.vc_custom_1725030887493{margin-bottom: 15px !important;}\u00bb][vc_column_text css=\u00bb\u00bb]<\/p>\n<p style=\"text-align: center;\">Servicios de limpieza proporcionados una vez cada dos semanas.<\/p>\n<p>[\/vc_column_text][vc_btn title=\u00bbQUINCENAL\u00bb align=\u00bbcenter\u00bb css_animation=\u00bbfadeInDown\u00bb css=\u00bb\u00bb link=\u00bburl:https%3A%2F%2Fopcleaningservice.com%2Fes%2Fservicios-de-limpieza-quincenal%2F|title:BIWEEKLY\u00bb el_class=\u00bbbtn-opcleaning2&#8243;][\/vc_column_inner][vc_column_inner el_class=\u00bbitem-servi\u00bb width=\u00bb1\/3&#8243; css=\u00bb.vc_custom_1725028976677{background-image: url(https:\/\/opcleaningservice.com\/wp-content\/uploads\/2024\/08\/bg3.jpg?id=163) !important;background-position: center !important;background-repeat: no-repeat !important;background-size: cover !important;}\u00bb][vc_single_image image=\u00bb174&#8243; img_size=\u00bbfull\u00bb alignment=\u00bbcenter\u00bb css=\u00bb.vc_custom_1725030899628{margin-bottom: 15px !important;}\u00bb][vc_column_text css=\u00bb\u00bb]<\/p>\n<p style=\"text-align: center;\">Personaliza la frecuencia o el tipo de servicio de limpieza que requieres.<\/p>\n<p>[\/vc_column_text][vc_btn title=\u00bbPERSONALIZAR\u00bb align=\u00bbcenter\u00bb css_animation=\u00bbfadeInDown\u00bb css=\u00bb\u00bb link=\u00bburl:https%3A%2F%2Fopcleaningservice.com%2Fes%2Fservicio-personalizado%2F|title:PERSONALIZAR\u00bb el_class=\u00bbbtn-opcleaning2&#8243;][\/vc_column_inner][\/vc_row_inner][\/vc_column][\/vc_row][vc_row][vc_column][vc_empty_space height=\u00bb30px\u00bb el_class=\u00bbespacios\u00bb][\/vc_column][\/vc_row][vc_row full_width=\u00bbstretch_row_content_no_spaces\u00bb el_class=\u00bbseccion-formu\u00bb css=\u00bb.vc_custom_1726002829978{background-image: url(https:\/\/opcleaningservice.com\/wp-content\/uploads\/2024\/09\/banner-form-SPAN.png?id=314) !important;background-position: center !important;background-repeat: no-repeat !important;background-size: cover !important;}\u00bb][vc_column][vc_row_inner el_class=\u00bbcontainer\u00bb][vc_column_inner width=\u00bb1\/2&#8243;][\/vc_column_inner][vc_column_inner width=\u00bb1\/2&#8243;]\n<div class=\"wpcf7 no-js\" id=\"wpcf7-f274-o1\" lang=\"es-ES\" dir=\"ltr\" data-wpcf7-id=\"274\">\n<div class=\"screen-reader-response\"><p role=\"status\" aria-live=\"polite\" aria-atomic=\"true\"><\/p> <ul><\/ul><\/div>\n<form action=\"\/es\/wp-json\/wp\/v2\/pages\/276#wpcf7-f274-o1\" method=\"post\" class=\"wpcf7-form init\" aria-label=\"Formulario de contacto\" novalidate=\"novalidate\" data-status=\"init\">\n<fieldset class=\"hidden-fields-container\"><input type=\"hidden\" name=\"_wpcf7\" value=\"274\" \/><input type=\"hidden\" name=\"_wpcf7_version\" value=\"6.1.5\" \/><input type=\"hidden\" name=\"_wpcf7_locale\" value=\"es_ES\" \/><input type=\"hidden\" name=\"_wpcf7_unit_tag\" value=\"wpcf7-f274-o1\" \/><input type=\"hidden\" name=\"_wpcf7_container_post\" value=\"0\" \/><input type=\"hidden\" name=\"_wpcf7_posted_data_hash\" value=\"\" \/><input type=\"hidden\" name=\"_wpcf7_recaptcha_response\" value=\"\" \/>\n<\/fieldset>\n<div class=\"formulario-contacto\">\n\t<div style=\"padding: 0px;\" class=\"col-sm-12 \">\n\t\t<h4>NOMBRE COMPLETO*\n\t\t<\/h4>\n\t\t<p><span class=\"wpcf7-form-control-wrap\" data-name=\"fullname\"><input size=\"40\" maxlength=\"400\" class=\"wpcf7-form-control wpcf7-text wpcf7-validates-as-required\" aria-required=\"true\" aria-invalid=\"false\" placeholder=\"Nombre completo\" value=\"\" type=\"text\" name=\"fullname\" \/><\/span>\n\t\t<\/p>\n\t\t<h4>E-MAIL*\n\t\t<\/h4>\n\t\t<p><span class=\"wpcf7-form-control-wrap\" data-name=\"email\"><input size=\"40\" maxlength=\"400\" class=\"wpcf7-form-control wpcf7-email wpcf7-validates-as-required wpcf7-text wpcf7-validates-as-email\" aria-required=\"true\" aria-invalid=\"false\" placeholder=\"Direcci\u00f3n de correo electr\u00f3nico\" value=\"\" type=\"email\" name=\"email\" \/><\/span>\n\t\t<\/p>\n\t\t<h4>N\u00daMERO DE TEL\u00c9FONO*\n\t\t<\/h4>\n\t\t<p><span class=\"wpcf7-form-control-wrap\" data-name=\"phone\"><input size=\"40\" maxlength=\"400\" class=\"wpcf7-form-control wpcf7-tel wpcf7-validates-as-required wpcf7-text wpcf7-validates-as-tel\" aria-required=\"true\" aria-invalid=\"false\" placeholder=\"000-000-0000\" value=\"\" type=\"tel\" name=\"phone\" \/><\/span>\n\t\t<\/p>\n\t<\/div>\n\t<div style=\"padding: 0px;\" class=\"col-sm-12\">\n\t\t<div class=\"campo\">\n\t\t\t<p><span class=\"wpcf7-form-control-wrap\" data-name=\"acceptance-601\"><span class=\"wpcf7-form-control wpcf7-acceptance\"><span class=\"wpcf7-list-item\"><input type=\"checkbox\" name=\"acceptance-601\" value=\"1\" aria-invalid=\"false\" \/><\/span><\/span><\/span>\n\t\t\t<\/p>\n\t\t\t<p>Acepto las<a href=\"#\" target=\"_black\"> Pol\u00edticas de privacidad y confidencialidad <\/a>para uso de mis datos**\n\t\t\t<\/p>\n\t\t<\/div>\n\t\t<div class=\"submit-formu\">\n\t\t\t<p><input class=\"wpcf7-form-control wpcf7-submit has-spinner\" type=\"submit\" value=\"ENVIAR\" \/>\n\t\t\t<\/p>\n\t\t<\/div>\n\t<\/div>\n<\/div><div class=\"wpcf7-response-output\" aria-hidden=\"true\"><\/div>\n<\/form>\n<\/div>\n[\/vc_column_inner][\/vc_row_inner][\/vc_column][\/vc_row]<\/p>\n<\/div>","protected":false},"excerpt":{"rendered":"<p>[vc_row][vc_column][vc_row_inner][vc_column_inner][vc_column_text css=\u00bb\u00bb][\/vc_column_text][\/vc_column_inner][\/vc_row_inner][\/vc_column][\/vc_row][vc_section full_width=\u00bbstretch_row\u00bb css=\u00bb.vc_custom_1725559635191{padding-top: 0px !important;background-color: #ffffff !important;}\u00bb el_class=\u00bbseccion3-home\u00bb][vc_row css=\u00bb.vc_custom_1725559871096{padding-top: 0px !important;}\u00bb][vc_column][vc_empty_space height=\u00bb30px\u00bb el_class=\u00bbespacios\u00bb][vc_row_inner][vc_column_inner el_class=\u00bbdisplay-none\u00bb <a class=\"read-more\" href=\"https:\/\/opcleaningservice.com\/es\/servicios-de-limpieza\/\">Read More<\/a><\/p>\n","protected":false},"author":1,"featured_media":0,"parent":0,"menu_order":0,"comment_status":"closed","ping_status":"closed","template":"","meta":{"_acf_changed":false,"_joinchat":[],"footnotes":""},"class_list":["post-276","page","type-page","status-publish","hentry"],"acf":[],"yoast_head":"<!-- This site is optimized with the Yoast SEO plugin v27.4 - https:\/\/yoast.com\/product\/yoast-seo-wordpress\/ -->\n<title>servicios de limpieza OP Cleaning services Inc<\/title>\n<meta name=\"description\" content=\"Conoce m\u00e1s sobre los diferentes servicios de limpieza que ofrecemos en OP Cleaning en el \u00e1rea de Orlando, FL.\" \/>\n<meta name=\"robots\" content=\"index, follow, max-snippet:-1, max-image-preview:large, max-video-preview:-1\" \/>\n<link rel=\"canonical\" href=\"https:\/\/opcleaningservice.com\/es\/servicios-de-limpieza\/\" \/>\n<meta property=\"og:locale\" content=\"es_ES\" \/>\n<meta property=\"og:type\" content=\"article\" \/>\n<meta property=\"og:title\" content=\"servicios de limpieza OP Cleaning services Inc\" \/>\n<meta property=\"og:description\" content=\"Conoce m\u00e1s sobre los diferentes servicios de limpieza que ofrecemos en OP Cleaning en el \u00e1rea de Orlando, FL.\" \/>\n<meta property=\"og:url\" content=\"https:\/\/opcleaningservice.com\/es\/servicios-de-limpieza\/\" \/>\n<meta property=\"og:site_name\" content=\"OP Cleaning services Inc\" \/>\n<meta property=\"article:modified_time\" content=\"2025-02-18T18:17:07+00:00\" \/>\n<meta name=\"twitter:card\" content=\"summary_large_image\" \/>\n<meta name=\"twitter:label1\" content=\"Tiempo de lectura\" \/>\n\t<meta name=\"twitter:data1\" content=\"2 minutos\" \/>\n<script type=\"application\/ld+json\" class=\"yoast-schema-graph\">{\"@context\":\"https:\\\/\\\/schema.org\",\"@graph\":[{\"@type\":\"WebPage\",\"@id\":\"https:\\\/\\\/opcleaningservice.com\\\/es\\\/servicios-de-limpieza\\\/\",\"url\":\"https:\\\/\\\/opcleaningservice.com\\\/es\\\/servicios-de-limpieza\\\/\",\"name\":\"servicios de limpieza OP Cleaning services Inc\",\"isPartOf\":{\"@id\":\"https:\\\/\\\/opcleaningservice.com\\\/#website\"},\"datePublished\":\"2024-08-21T21:14:39+00:00\",\"dateModified\":\"2025-02-18T18:17:07+00:00\",\"description\":\"Conoce m\u00e1s sobre los diferentes servicios de limpieza que ofrecemos en OP Cleaning en el \u00e1rea de Orlando, FL.\",\"breadcrumb\":{\"@id\":\"https:\\\/\\\/opcleaningservice.com\\\/es\\\/servicios-de-limpieza\\\/#breadcrumb\"},\"inLanguage\":\"es\",\"potentialAction\":[{\"@type\":\"ReadAction\",\"target\":[\"https:\\\/\\\/opcleaningservice.com\\\/es\\\/servicios-de-limpieza\\\/\"]}]},{\"@type\":\"BreadcrumbList\",\"@id\":\"https:\\\/\\\/opcleaningservice.com\\\/es\\\/servicios-de-limpieza\\\/#breadcrumb\",\"itemListElement\":[{\"@type\":\"ListItem\",\"position\":1,\"name\":\"Home\",\"item\":\"https:\\\/\\\/opcleaningservice.com\\\/es\\\/\"},{\"@type\":\"ListItem\",\"position\":2,\"name\":\"Servicios\"}]},{\"@type\":\"WebSite\",\"@id\":\"https:\\\/\\\/opcleaningservice.com\\\/#website\",\"url\":\"https:\\\/\\\/opcleaningservice.com\\\/\",\"name\":\"OP Cleaning services Inc\",\"description\":\"Cleaning services\",\"potentialAction\":[{\"@type\":\"SearchAction\",\"target\":{\"@type\":\"EntryPoint\",\"urlTemplate\":\"https:\\\/\\\/opcleaningservice.com\\\/?s={search_term_string}\"},\"query-input\":{\"@type\":\"PropertyValueSpecification\",\"valueRequired\":true,\"valueName\":\"search_term_string\"}}],\"inLanguage\":\"es\"}]}<\/script>\n<!-- \/ Yoast SEO plugin. -->","yoast_head_json":{"title":"servicios de limpieza OP Cleaning services Inc","description":"Conoce m\u00e1s sobre los diferentes servicios de limpieza que ofrecemos en OP Cleaning en el \u00e1rea de Orlando, FL.","robots":{"index":"index","follow":"follow","max-snippet":"max-snippet:-1","max-image-preview":"max-image-preview:large","max-video-preview":"max-video-preview:-1"},"canonical":"https:\/\/opcleaningservice.com\/es\/servicios-de-limpieza\/","og_locale":"es_ES","og_type":"article","og_title":"servicios de limpieza OP Cleaning services Inc","og_description":"Conoce m\u00e1s sobre los diferentes servicios de limpieza que ofrecemos en OP Cleaning en el \u00e1rea de Orlando, FL.","og_url":"https:\/\/opcleaningservice.com\/es\/servicios-de-limpieza\/","og_site_name":"OP Cleaning services Inc","article_modified_time":"2025-02-18T18:17:07+00:00","twitter_card":"summary_large_image","twitter_misc":{"Tiempo de lectura":"2 minutos"},"schema":{"@context":"https:\/\/schema.org","@graph":[{"@type":"WebPage","@id":"https:\/\/opcleaningservice.com\/es\/servicios-de-limpieza\/","url":"https:\/\/opcleaningservice.com\/es\/servicios-de-limpieza\/","name":"servicios de limpieza OP Cleaning services Inc","isPartOf":{"@id":"https:\/\/opcleaningservice.com\/#website"},"datePublished":"2024-08-21T21:14:39+00:00","dateModified":"2025-02-18T18:17:07+00:00","description":"Conoce m\u00e1s sobre los diferentes servicios de limpieza que ofrecemos en OP Cleaning en el \u00e1rea de Orlando, FL.","breadcrumb":{"@id":"https:\/\/opcleaningservice.com\/es\/servicios-de-limpieza\/#breadcrumb"},"inLanguage":"es","potentialAction":[{"@type":"ReadAction","target":["https:\/\/opcleaningservice.com\/es\/servicios-de-limpieza\/"]}]},{"@type":"BreadcrumbList","@id":"https:\/\/opcleaningservice.com\/es\/servicios-de-limpieza\/#breadcrumb","itemListElement":[{"@type":"ListItem","position":1,"name":"Home","item":"https:\/\/opcleaningservice.com\/es\/"},{"@type":"ListItem","position":2,"name":"Servicios"}]},{"@type":"WebSite","@id":"https:\/\/opcleaningservice.com\/#website","url":"https:\/\/opcleaningservice.com\/","name":"OP Cleaning services Inc","description":"Cleaning services","potentialAction":[{"@type":"SearchAction","target":{"@type":"EntryPoint","urlTemplate":"https:\/\/opcleaningservice.com\/?s={search_term_string}"},"query-input":{"@type":"PropertyValueSpecification","valueRequired":true,"valueName":"search_term_string"}}],"inLanguage":"es"}]}},"_links":{"self":[{"href":"https:\/\/opcleaningservice.com\/es\/wp-json\/wp\/v2\/pages\/276","targetHints":{"allow":["GET"]}}],"collection":[{"href":"https:\/\/opcleaningservice.com\/es\/wp-json\/wp\/v2\/pages"}],"about":[{"href":"https:\/\/opcleaningservice.com\/es\/wp-json\/wp\/v2\/types\/page"}],"author":[{"embeddable":true,"href":"https:\/\/opcleaningservice.com\/es\/wp-json\/wp\/v2\/users\/1"}],"replies":[{"embeddable":true,"href":"https:\/\/opcleaningservice.com\/es\/wp-json\/wp\/v2\/comments?post=276"}],"version-history":[{"count":33,"href":"https:\/\/opcleaningservice.com\/es\/wp-json\/wp\/v2\/pages\/276\/revisions"}],"predecessor-version":[{"id":1009,"href":"https:\/\/opcleaningservice.com\/es\/wp-json\/wp\/v2\/pages\/276\/revisions\/1009"}],"wp:attachment":[{"href":"https:\/\/opcleaningservice.com\/es\/wp-json\/wp\/v2\/media?parent=276"}],"curies":[{"name":"wp","href":"https:\/\/api.w.org\/{rel}","templated":true}]}}