{"id":277,"date":"2024-08-21T23:13:09","date_gmt":"2024-08-21T21:13:09","guid":{"rendered":"https:\/\/opcleaningservice.com\/about-us\/"},"modified":"2025-02-05T21:39:07","modified_gmt":"2025-02-05T20:39:07","slug":"op-cleaning","status":"publish","type":"page","link":"https:\/\/opcleaningservice.com\/es\/op-cleaning\/","title":{"rendered":"Nosotros"},"content":{"rendered":"<div class=\"wpb-content-wrapper\"><p>[vc_row][vc_column]\n\t\t\t\t<p class=\"rs-p-wp-fix\"><\/p>\n\t\t\t\t<sr7-module data-alias=\"NOSOTROS-ESPAOL\" data-id=\"10\" id=\"SR7_10_1\" class=\"rs-ov-hidden\" data-version=\"6.7.40\">\n\t\t\t\t\t<sr7-adjuster><\/sr7-adjuster>\n\t\t\t\t\t<sr7-content>\n\t\t\t\t\t\t<sr7-slide id=\"SR7_10_1-23\" data-key=\"23\">\n\t\t\t\t\t\t\t<sr7-bg id=\"SR7_10_1-23-1\" class=\"sr7-layer\"><noscript><img decoding=\"async\" src=\"https:\/\/opcleaningservice.com\/wp-content\/uploads\/2024\/08\/banner-services.jpg\" alt=\"\" title=\"banner-services\"><\/noscript><\/sr7-bg>\n\t\t\t\t\t\t\t<sr7-txt id=\"SR7_10_1-23-0\" class=\"sr7-layer\">ACERCA  DE OP CLEANING<\/sr7-txt>\n\t\t\t\t\t\t<\/sr7-slide>\n\t\t\t\t\t\t<sr7-slide id=\"SR7_10_1-24\" data-key=\"24\">\n\t\t\t\t\t\t<\/sr7-slide>\n\t\t\t\t\t<\/sr7-content>\n\t\t\t\t\t<image_lists style=\"display:none\">\n\t\t\t\t\t\t<img data-src=\"\/\/opcleaningservice.com\/wp-content\/uploads\/2024\/08\/banner-services.jpg\" data-libid=\"118\" data-lib=\"medialibrary\" title=\"banner-services\" width=\"0\" height=\"0\" data-dbsrc=\"Ly9vcGNsZWFuaW5nc2VydmljZS5jb20vd3AtY29udGVudC91cGxvYWRzLzIwMjQvMDgvYmFubmVyLXNlcnZpY2VzLmpwZw==\"\/>\n\t\t\t\t\t<\/image_lists>\n\t\t\t\t<\/sr7-module>\n\t\t\t\t<script>\n\t\t\t\t\tSR7.PMH ??={}; SR7.PMH[\"SR7_10_1\"] = {cn:100,state:false,fn: function() { if (_tpt!==undefined && _tpt.prepareModuleHeight !== undefined) {  _tpt.prepareModuleHeight({id:\"SR7_10_1\",el:[450,450,450,450,400],type:'standard',shdw:'0',gh:[450,450,450,450,400],gw:[1920,1920,1920,1920,480],vpt:['100px&#039;,&#039;100px&#039;,&#039;100px&#039;,&#039;100px&#039;,&#039;100px'],size:{fullWidth:true, fullHeight:false},mh:'0',onh:0,onw:0,bg:{color:'{\"orig\":\"transparent\",\"type\":\"solid\",\"string\":\"transparent\"}'}});   SR7.PMH[\"SR7_10_1\"].state=true;} else if(SR7.PMH[\"SR7_10_1\"].cn-->0)\tsetTimeout( SR7.PMH[\"SR7_10_1\"].fn,19);}};SR7.PMH[\"SR7_10_1\" ].fn();\n\t\t\t\t<\/script>\n[vc_row_inner][vc_column_inner][vc_column_text css=\u00bb\u00bb]<div id=\"crumbs\"><a href=\"https:\/\/opcleaningservice.com\/es\/\">Home<\/a> > <\/div>[\/vc_column_text][\/vc_column_inner][\/vc_row_inner][\/vc_column][\/vc_row][vc_row gap=\u00bb25&#8243; equal_height=\u00bbyes\u00bb content_placement=\u00bbmiddle\u00bb][vc_column width=\u00bb1\/2&#8243;][vc_single_image image=\u00bb375&#8243; img_size=\u00bbfull\u00bb css=\u00bb\u00bb][\/vc_column][vc_column width=\u00bb1\/2&#8243;][vc_column_text css=\u00bb\u00bb]<\/p>\n<h1><strong>ACERCA DE OP CLEANING<\/strong><\/h1>\n<p>Nuestra empresa comenz\u00f3 en 2010, cuando una larga amistad se convirti\u00f3 en una incre\u00edble sociedad empresarial. Nos enorgullece ser parte de la <a href=\"https:\/\/queverenorlando.com\/2024\/04\/12\/comunidad-latina-de-orlando\/\" target=\"_blank\" rel=\"noopener\">comunidad latina<\/a> y nos encanta ofrecer servicios de limpieza residencial y comercial de la m\u00e1s alta calidad.<\/p>\n<p>En OP Cleaning, las iniciales \u00abOP\u00bb representan a las fundadoras, Olga y Piedad, quienes transformaron su amistad de a\u00f1os en un servicio de limpieza confiable. Nos dedicamos a ofrecer <a href=\"https:\/\/opcleaningservice.com\/es\/servicios-de-limpieza\/\" target=\"_blank\" rel=\"noopener\">soluciones de limpieza personalizadas<\/a> y confiables, adaptadas a tus necesidades. Por m\u00e1s de 10 a\u00f1os, hemos hecho brillar hogares y negocios en todo el estado. Nuestro equipo amable y eficiente se enfoca en ofrecer un excelente servicio, siempre.[\/vc_column_text][\/vc_column][\/vc_row][vc_row][vc_column][vc_empty_space height=\u00bb45px\u00bb el_class=\u00bbespacios\u00bb][\/vc_column][\/vc_row][vc_row][vc_column width=\u00bb1\/2&#8243;][vc_column_text css=\u00bb\u00bb]Nos sentimos orgullosas de ser una empresa dirigida por mujeres, parte de la comunidad latina, que ofrece servicios de limpieza residencial y comercial en los que puedes confiar. Empresa fundada y dirigida de forma local, estamos completamente aseguradas.<\/p>\n<p>En OP Cleaning creemos en mantener las cosas simples: sin contratos a largo plazo, solo un servicio confiable en todo momento. Nuestro equipo llega completamente equipado y ofrecemos una garant\u00eda de 24 horas para asegurarnos de que est\u00e9s completamente satisfecho.<\/p>\n<p>Con la confianza de clientes <a href=\"https:\/\/opcleaningservice.com\/es\/limpieza-residencial\/\" target=\"_blank\" rel=\"noopener\">residenciales<\/a> y <a href=\"https:\/\/opcleaningservice.com\/es\/limpieza-comercial\/\" target=\"_blank\" rel=\"noopener\">comerciales<\/a>, nos destacamos por entregar espacios impecables y organizados, con un enfoque en los detalles y la satisfacci\u00f3n del cliente. Con m\u00e1s de una d\u00e9cada de experiencia, hemos construido una s\u00f3lida reputaci\u00f3n como una opci\u00f3n confiable para servicios de limpieza en Orlando.[\/vc_column_text][vc_empty_space height=\u00bb40px\u00bb el_class=\u00bbespacios\u00bb][vc_btn title=\u00bbCOTIZAR\u00bb align=\u00bbcenter\u00bb css=\u00bb\u00bb link=\u00bburl:https%3A%2F%2Fopcleaningservice.com%2Fes%2Flimpieza-residencial-y-comercial%2Freservar-su-servicio%2F|title:Reservar%20Ahora\u00bb el_class=\u00bbbtn-opcleaning\u00bb][\/vc_column][vc_column width=\u00bb1\/2&#8243;][vc_single_image image=\u00bb373&#8243; img_size=\u00bbfull\u00bb alignment=\u00bbcenter\u00bb css=\u00bb\u00bb][\/vc_column][\/vc_row][vc_row][vc_column][vc_empty_space height=\u00bb60px\u00bb el_class=\u00bbespacios\u00bb][\/vc_column][\/vc_row][vc_section full_width=\u00bbstretch_row\u00bb css=\u00bb.vc_custom_1724322766371{background-color: #f2f3f4 !important;}\u00bb el_class=\u00bbseccion3-home\u00bb][vc_row][vc_column][vc_empty_space height=\u00bb30px\u00bb el_class=\u00bbespacios\u00bb][vc_row_inner][vc_column_inner el_class=\u00bbdisplay-none\u00bb width=\u00bb1\/6&#8243;][\/vc_column_inner][vc_column_inner width=\u00bb2\/3&#8243;][vc_column_text css=\u00bb\u00bb]<\/p>\n<h2 style=\"text-align: center;\">\u00bfQu\u00e9 nos hace diferentes?<\/h2>\n<p>[\/vc_column_text][vc_empty_space height=\u00bb25px\u00bb el_class=\u00bbespacios\u00bb][\/vc_column_inner][vc_column_inner el_class=\u00bbdisplay-none\u00bb width=\u00bb1\/6&#8243;][\/vc_column_inner][\/vc_row_inner][vc_row_inner][vc_column_inner el_class=\u00bbdisplay-none\u00bb width=\u00bb1\/3&#8243;][vc_single_image image=\u00bb140&#8243; img_size=\u00bbfull\u00bb alignment=\u00bbcenter\u00bb css=\u00bb.vc_custom_1724750880627{margin-bottom: 10px !important;}\u00bb][vc_column_text css=\u00bb.vc_custom_1725920934169{margin-bottom: 10px !important;}\u00bb]<\/p>\n<h2 style=\"text-align: center;\">ORIENTADO A LA FAMILIA<\/h2>\n<p>[\/vc_column_text][vc_column_text css=\u00bb.vc_custom_1738097838150{padding-right: 10px !important;padding-left: 10px !important;}\u00bb]<\/p>\n<p style=\"text-align: center;\">Nuestros clientes pueden estar tranquilos sabiendo que su hogar ha sido limpiado a fondo por un equipo que realmente se preocupa por la calidad.<\/p>\n<p>[\/vc_column_text][\/vc_column_inner][vc_column_inner width=\u00bb1\/3&#8243;][vc_single_image image=\u00bb143&#8243; img_size=\u00bbfull\u00bb alignment=\u00bbcenter\u00bb css=\u00bb.vc_custom_1724750894694{margin-bottom: 10px !important;}\u00bb][vc_column_text css=\u00bb.vc_custom_1738098057231{margin-bottom: 10px !important;}\u00bb]<\/p>\n<h2 style=\"text-align: center;\">CREADA Y DIRIGIDA POR MUJERES<\/h2>\n<p>[\/vc_column_text][vc_column_text css=\u00bb.vc_custom_1738097853536{padding-right: 10px !important;padding-left: 10px !important;}\u00bb]<\/p>\n<p style=\"text-align: center;\">Somos miembros de la comunidad, como t\u00fa, por eso tu satisfacci\u00f3n\u2014y nuestra reputaci\u00f3n\u2014es lo m\u00e1s importante para nosotros.<\/p>\n<p>[\/vc_column_text][\/vc_column_inner][vc_column_inner width=\u00bb1\/3&#8243;][vc_single_image image=\u00bb67&#8243; img_size=\u00bbfull\u00bb alignment=\u00bbcenter\u00bb css=\u00bb.vc_custom_1724326902586{margin-bottom: 10px !important;}\u00bb][vc_column_text css=\u00bb.vc_custom_1725921031152{margin-bottom: 10px !important;}\u00bb]<\/p>\n<h2 style=\"text-align: center;\">PRIORIZANDO<br \/>\nLUGARES DE TRABAJO<\/h2>\n<p>[\/vc_column_text][vc_column_text css=\u00bb.vc_custom_1738097862898{padding-right: 10px !important;padding-left: 10px !important;}\u00bb]<\/p>\n<p style=\"text-align: center;\">Ofrecemos la limpieza m\u00e1s completa para tu oficina o espacio de trabajo, superando a cualquier otra empresa de la industria.<\/p>\n<p>[\/vc_column_text][\/vc_column_inner][\/vc_row_inner][vc_row_inner][vc_column_inner el_class=\u00bbdisplay-none\u00bb width=\u00bb1\/3&#8243;][vc_single_image image=\u00bb142&#8243; img_size=\u00bbfull\u00bb alignment=\u00bbcenter\u00bb css=\u00bb.vc_custom_1724751085945{margin-bottom: 10px !important;}\u00bb][vc_column_text css=\u00bb.vc_custom_1725921106257{margin-bottom: 10px !important;}\u00bb]<\/p>\n<h2 style=\"text-align: center;\">SERVICIOS<br \/>\nGARANTIZADO<\/h2>\n<p>[\/vc_column_text][vc_column_text css=\u00bb.vc_custom_1738621245930{padding-right: 10px !important;padding-left: 10px !important;}\u00bb]<\/p>\n<p style=\"text-align: center;\">Respondemos a las necesidades, solicitudes, inquietudes y quejas de nuestros clientes de manera oportuna, educada, atenta, amigable y profesional.<\/p>\n<p>[\/vc_column_text][\/vc_column_inner][vc_column_inner width=\u00bb1\/3&#8243;][vc_single_image image=\u00bb141&#8243; img_size=\u00bbfull\u00bb alignment=\u00bbcenter\u00bb css=\u00bb.vc_custom_1724751165119{margin-bottom: 10px !important;}\u00bb][vc_column_text css=\u00bb.vc_custom_1738621235597{margin-bottom: 10px !important;}\u00bb]<\/p>\n<h2 style=\"text-align: center;\">SERVICIOS<br \/>\nCON FRECUENCIA<\/h2>\n<p>[\/vc_column_text][vc_column_text css=\u00bb.vc_custom_1738621190173{padding-right: 10px !important;padding-left: 10px !important;}\u00bb]<\/p>\n<p style=\"text-align: center;\">Ofrecemos servicios de limpieza dise\u00f1ados especialmente para ti. Adaptamos nuestro enfoque a tus necesidades y estilo de vida \u00fanicos.<\/p>\n<p>[\/vc_column_text][\/vc_column_inner][vc_column_inner width=\u00bb1\/3&#8243;][vc_single_image image=\u00bb139&#8243; img_size=\u00bbfull\u00bb alignment=\u00bbcenter\u00bb css=\u00bb.vc_custom_1724751261469{margin-bottom: 10px !important;}\u00bb][vc_column_text css=\u00bb.vc_custom_1738097921665{margin-bottom: 10px !important;}\u00bb]<\/p>\n<h2 style=\"text-align: center;\">RECONOCIDOS EN EL<br \/>\n\u00c1REA<\/h2>\n<p>[\/vc_column_text][vc_column_text css=\u00bb.vc_custom_1738621173049{padding-right: 10px !important;padding-left: 10px !important;}\u00bb]<\/p>\n<p style=\"text-align: center;\">Reconocidos en el \u00e1rea por nuestro excelente servicio. Nos adaptamos a tus necesidades, asegur\u00e1ndonos de que cada detalle sea manejado con cuidado.<\/p>\n<p>[\/vc_column_text][\/vc_column_inner][\/vc_row_inner][vc_row_inner][vc_column_inner el_class=\u00bbdisplay-none\u00bb][vc_empty_space height=\u00bb30px\u00bb el_class=\u00bbespacios\u00bb][vc_btn title=\u00bbSERVICIOS\u00bb align=\u00bbcenter\u00bb css=\u00bb\u00bb link=\u00bburl:https%3A%2F%2Fopcleaningservice.com%2Fes%2Fservicios%2F|title:SERVICIOS\u00bb el_class=\u00bbbtn-opcleaning\u00bb][vc_empty_space height=\u00bb30px\u00bb el_class=\u00bbespacios\u00bb][\/vc_column_inner][\/vc_row_inner][\/vc_column][\/vc_row][\/vc_section][vc_row][vc_column][vc_empty_space height=\u00bb45px\u00bb][\/vc_column][\/vc_row][vc_row][vc_column][vc_column_text css=\u00bb\u00bb]<\/p>\n<h2 style=\"text-align: center;\">MIEMBRO OFICIAL DE ISSA<\/h2>\n<p>[\/vc_column_text][vc_row_inner][vc_column_inner width=\u00bb1\/2&#8243;][vc_single_image image=\u00bb617&#8243; img_size=\u00bb300&#215;300&#8243; alignment=\u00bbcenter\u00bb onclick=\u00bbcustom_link\u00bb css=\u00bb\u00bb link=\u00bbhttps:\/\/opcleaningservice.com\/es\/membresia-de-issa\/\u00bb][\/vc_column_inner][vc_column_inner width=\u00bb1\/2&#8243;][vc_empty_space height=\u00bb45px\u00bb][vc_column_text css=\u00bb\u00bb]<\/p>\n<h3>OP Cleaning Service se complace en anunciar su reciente membres\u00eda en ISSA, aline\u00e1ndonos con la asociaci\u00f3n m\u00e1s respetada del mundo en la industria de la limpieza.<\/h3>\n<p>[\/vc_column_text][vc_btn title=\u00bbLEER M\u00c1S\u00bb css=\u00bb\u00bb el_class=\u00bbbtn-opcleaning\u00bb link=\u00bburl:https%3A%2F%2Fopcleaningservice.com%2Fes%2Fmembresia-de-issa%2F|title:Membres%C3%ADa%20de%20ISSA\u00bb][\/vc_column_inner][\/vc_row_inner][vc_empty_space height=\u00bb50px\u00bb][\/vc_column][\/vc_row][vc_row][vc_column][vc_empty_space][vc_column_text css=\u00bb\u00bb]<\/p>\n<h2 style=\"text-align: center;\"><strong>TRABAJOS RECIENTES<\/strong><\/h2>\n<p>[\/vc_column_text][vc_empty_space][\/vc_column][\/vc_row][vc_row][vc_column]<div id=\"ult-carousel-304471709569e4da5135cb5\" class=\"ult-carousel-wrapper   ult_horizontal\" data-gutter=\"15\" data-rtl=\"false\" ><div class=\"ult-carousel-298531201469e4da5135aba \" >[vc_single_image image=\u00bb233&#8243; img_size=\u00bbfull\u00bb alignment=\u00bbcenter\u00bb css=\u00bb\u00bb][vc_single_image image=\u00bb234&#8243; img_size=\u00bbfull\u00bb alignment=\u00bbcenter\u00bb css=\u00bb\u00bb][vc_single_image image=\u00bb235&#8243; img_size=\u00bbfull\u00bb alignment=\u00bbcenter\u00bb css=\u00bb\u00bb][vc_single_image image=\u00bb244&#8243; img_size=\u00bbfull\u00bb alignment=\u00bbcenter\u00bb css=\u00bb\u00bb][vc_single_image image=\u00bb238&#8243; img_size=\u00bbfull\u00bb alignment=\u00bbcenter\u00bb css=\u00bb\u00bb][vc_single_image image=\u00bb242&#8243; img_size=\u00bbfull\u00bb alignment=\u00bbcenter\u00bb css=\u00bb\u00bb]<\/div><\/div>\t\t\t<script type=\"text\/javascript\">\n\t\t\t\tjQuery(document).ready(function ($) {\n\t\t\t\t\tif( typeof jQuery('.ult-carousel-298531201469e4da5135aba').slick == \"function\"){\n\t\t\t\t\t\t$('.ult-carousel-298531201469e4da5135aba').slick({dots: true,autoplay: true,autoplaySpeed: \"5000\",speed: \"300\",infinite: true,arrows: true,nextArrow: '<button type=\"button\" role=\"button\" aria-label=\"Next\" style=\"color:#333333; font-size:20px;\" class=\"slick-next default\"><i class=\"ultsl-arrow-right4\"><\/i><\/button>',prevArrow: '<button type=\"button\" role=\"button\" aria-label=\"Previous\" style=\"color:#333333; font-size:20px;\" class=\"slick-prev default\"><i class=\"ultsl-arrow-left4\"><\/i><\/button>',slidesToScroll:4,slidesToShow:4,swipe: true,draggable: true,touchMove: true,pauseOnHover: true,pauseOnFocus: false,responsive: [\n\t\t\t\t\t\t\t{\n\t\t\t\t\t\t\t  breakpoint: 1026,\n\t\t\t\t\t\t\t  settings: {\n\t\t\t\t\t\t\t\tslidesToShow: 4,\n\t\t\t\t\t\t\t\tslidesToScroll: 4,  \n\t\t\t\t\t\t\t  }\n\t\t\t\t\t\t\t},\n\t\t\t\t\t\t\t{\n\t\t\t\t\t\t\t  breakpoint: 1025,\n\t\t\t\t\t\t\t  settings: {\n\t\t\t\t\t\t\t\tslidesToShow: 3,\n\t\t\t\t\t\t\t\tslidesToScroll: 3\n\t\t\t\t\t\t\t  }\n\t\t\t\t\t\t\t},\n\t\t\t\t\t\t\t{\n\t\t\t\t\t\t\t  breakpoint: 760,\n\t\t\t\t\t\t\t  settings: {\n\t\t\t\t\t\t\t\tslidesToShow: 1,\n\t\t\t\t\t\t\t\tslidesToScroll: 1\n\t\t\t\t\t\t\t  }\n\t\t\t\t\t\t\t}\n\t\t\t\t\t\t],pauseOnDotsHover: true,customPaging: function(slider, i) {\n                   return '<i type=\"button\" style= \"color:#333333;\" class=\"ultsl-record\" data-role=\"none\"><\/i>';\n                },});\n\t\t\t\t\t}\n\t\t\t\t});\n\t\t\t<\/script>\n\t\t\t[vc_empty_space height=\u00bb28px\u00bb][vc_btn title=\u00bbRESERVA YA\u00bb align=\u00bbcenter\u00bb css=\u00bb\u00bb link=\u00bburl:https%3A%2F%2Fopcleaningservice.com%2Fes%2Flimpieza-residencial-y-comercial%2Freservar-su-servicio%2F|title:Reservar%20Ahora\u00bb el_class=\u00bbbtn-opcleaning\u00bb][vc_empty_space height=\u00bb45px\u00bb][\/vc_column][\/vc_row][vc_row full_width=\u00bbstretch_row_content_no_spaces\u00bb el_class=\u00bbseccion-formu\u00bb css=\u00bb.vc_custom_1726043672991{background-image: url(https:\/\/opcleaningservice.com\/wp-content\/uploads\/2024\/09\/banner-form-SPAN.png?id=314) !important;background-position: center !important;background-repeat: no-repeat !important;background-size: cover !important;}\u00bb][vc_column][vc_row_inner el_class=\u00bbcontainer\u00bb][vc_column_inner width=\u00bb1\/2&#8243;][\/vc_column_inner][vc_column_inner width=\u00bb1\/2&#8243;]\n<div class=\"wpcf7 no-js\" id=\"wpcf7-f274-o1\" lang=\"es-ES\" dir=\"ltr\" data-wpcf7-id=\"274\">\n<div class=\"screen-reader-response\"><p role=\"status\" aria-live=\"polite\" aria-atomic=\"true\"><\/p> <ul><\/ul><\/div>\n<form action=\"\/es\/wp-json\/wp\/v2\/pages\/277#wpcf7-f274-o1\" method=\"post\" class=\"wpcf7-form init\" aria-label=\"Formulario de contacto\" novalidate=\"novalidate\" data-status=\"init\">\n<fieldset class=\"hidden-fields-container\"><input type=\"hidden\" name=\"_wpcf7\" value=\"274\" \/><input type=\"hidden\" name=\"_wpcf7_version\" value=\"6.1.5\" \/><input type=\"hidden\" name=\"_wpcf7_locale\" value=\"es_ES\" \/><input type=\"hidden\" name=\"_wpcf7_unit_tag\" value=\"wpcf7-f274-o1\" \/><input type=\"hidden\" name=\"_wpcf7_container_post\" value=\"0\" \/><input type=\"hidden\" name=\"_wpcf7_posted_data_hash\" value=\"\" \/><input type=\"hidden\" name=\"_wpcf7_recaptcha_response\" value=\"\" \/>\n<\/fieldset>\n<div class=\"formulario-contacto\">\n\t<div style=\"padding: 0px;\" class=\"col-sm-12 \">\n\t\t<h4>NOMBRE COMPLETO*\n\t\t<\/h4>\n\t\t<p><span class=\"wpcf7-form-control-wrap\" data-name=\"fullname\"><input size=\"40\" maxlength=\"400\" class=\"wpcf7-form-control wpcf7-text wpcf7-validates-as-required\" aria-required=\"true\" aria-invalid=\"false\" placeholder=\"Nombre completo\" value=\"\" type=\"text\" name=\"fullname\" \/><\/span>\n\t\t<\/p>\n\t\t<h4>E-MAIL*\n\t\t<\/h4>\n\t\t<p><span class=\"wpcf7-form-control-wrap\" data-name=\"email\"><input size=\"40\" maxlength=\"400\" class=\"wpcf7-form-control wpcf7-email wpcf7-validates-as-required wpcf7-text wpcf7-validates-as-email\" aria-required=\"true\" aria-invalid=\"false\" placeholder=\"Direcci\u00f3n de correo electr\u00f3nico\" value=\"\" type=\"email\" name=\"email\" \/><\/span>\n\t\t<\/p>\n\t\t<h4>N\u00daMERO DE TEL\u00c9FONO*\n\t\t<\/h4>\n\t\t<p><span class=\"wpcf7-form-control-wrap\" data-name=\"phone\"><input size=\"40\" maxlength=\"400\" class=\"wpcf7-form-control wpcf7-tel wpcf7-validates-as-required wpcf7-text wpcf7-validates-as-tel\" aria-required=\"true\" aria-invalid=\"false\" placeholder=\"000-000-0000\" value=\"\" type=\"tel\" name=\"phone\" \/><\/span>\n\t\t<\/p>\n\t<\/div>\n\t<div style=\"padding: 0px;\" class=\"col-sm-12\">\n\t\t<div class=\"campo\">\n\t\t\t<p><span class=\"wpcf7-form-control-wrap\" data-name=\"acceptance-601\"><span class=\"wpcf7-form-control wpcf7-acceptance\"><span class=\"wpcf7-list-item\"><input type=\"checkbox\" name=\"acceptance-601\" value=\"1\" aria-invalid=\"false\" \/><\/span><\/span><\/span>\n\t\t\t<\/p>\n\t\t\t<p>Acepto las<a href=\"#\" target=\"_black\"> Pol\u00edticas de privacidad y confidencialidad <\/a>para uso de mis datos**\n\t\t\t<\/p>\n\t\t<\/div>\n\t\t<div class=\"submit-formu\">\n\t\t\t<p><input class=\"wpcf7-form-control wpcf7-submit has-spinner\" type=\"submit\" value=\"ENVIAR\" \/>\n\t\t\t<\/p>\n\t\t<\/div>\n\t<\/div>\n<\/div><div class=\"wpcf7-response-output\" aria-hidden=\"true\"><\/div>\n<\/form>\n<\/div>\n[\/vc_column_inner][\/vc_row_inner][\/vc_column][\/vc_row]<\/p>\n<\/div>","protected":false},"excerpt":{"rendered":"<p>[vc_row][vc_column][vc_row_inner][vc_column_inner][vc_column_text css=\u00bb\u00bb][\/vc_column_text][\/vc_column_inner][\/vc_row_inner][\/vc_column][\/vc_row][vc_row gap=\u00bb25&#8243; equal_height=\u00bbyes\u00bb content_placement=\u00bbmiddle\u00bb][vc_column width=\u00bb1\/2&#8243;][vc_single_image image=\u00bb375&#8243; img_size=\u00bbfull\u00bb css=\u00bb\u00bb][\/vc_column][vc_column width=\u00bb1\/2&#8243;][vc_column_text css=\u00bb\u00bb] ACERCA DE OP CLEANING <a class=\"read-more\" href=\"https:\/\/opcleaningservice.com\/es\/op-cleaning\/\">Read More<\/a><\/p>\n","protected":false},"author":1,"featured_media":0,"parent":0,"menu_order":0,"comment_status":"closed","ping_status":"closed","template":"","meta":{"_acf_changed":false,"_joinchat":[],"footnotes":""},"class_list":["post-277","page","type-page","status-publish","hentry"],"acf":[],"yoast_head":"<!-- This site is optimized with the Yoast SEO plugin v27.4 - https:\/\/yoast.com\/product\/yoast-seo-wordpress\/ -->\n<title>OP cleaning sobre nosotros OP Cleaning services Inc<\/title>\n<meta name=\"description\" content=\"En OP Cleaning Services prestamos servicios de limpieza residencial y comercial en el \u00e1rea de Orlando, FL.\" \/>\n<meta name=\"robots\" content=\"index, follow, max-snippet:-1, max-image-preview:large, max-video-preview:-1\" \/>\n<link rel=\"canonical\" href=\"https:\/\/opcleaningservice.com\/es\/op-cleaning\/\" \/>\n<meta property=\"og:locale\" content=\"es_ES\" \/>\n<meta property=\"og:type\" content=\"article\" \/>\n<meta property=\"og:title\" content=\"OP cleaning sobre nosotros OP Cleaning services Inc\" \/>\n<meta property=\"og:description\" content=\"En OP Cleaning Services prestamos servicios de limpieza residencial y comercial en el \u00e1rea de Orlando, FL.\" \/>\n<meta property=\"og:url\" content=\"https:\/\/opcleaningservice.com\/es\/op-cleaning\/\" \/>\n<meta property=\"og:site_name\" content=\"OP Cleaning services Inc\" \/>\n<meta property=\"article:modified_time\" content=\"2025-02-05T20:39:07+00:00\" \/>\n<meta name=\"twitter:card\" content=\"summary_large_image\" \/>\n<meta name=\"twitter:label1\" content=\"Tiempo de lectura\" \/>\n\t<meta name=\"twitter:data1\" content=\"5 minutos\" \/>\n<script type=\"application\/ld+json\" class=\"yoast-schema-graph\">{\"@context\":\"https:\\\/\\\/schema.org\",\"@graph\":[{\"@type\":\"WebPage\",\"@id\":\"https:\\\/\\\/opcleaningservice.com\\\/es\\\/op-cleaning\\\/\",\"url\":\"https:\\\/\\\/opcleaningservice.com\\\/es\\\/op-cleaning\\\/\",\"name\":\"OP cleaning sobre nosotros OP Cleaning services Inc\",\"isPartOf\":{\"@id\":\"https:\\\/\\\/opcleaningservice.com\\\/#website\"},\"datePublished\":\"2024-08-21T21:13:09+00:00\",\"dateModified\":\"2025-02-05T20:39:07+00:00\",\"description\":\"En OP Cleaning Services prestamos servicios de limpieza residencial y comercial en el \u00e1rea de Orlando, FL.\",\"breadcrumb\":{\"@id\":\"https:\\\/\\\/opcleaningservice.com\\\/es\\\/op-cleaning\\\/#breadcrumb\"},\"inLanguage\":\"es\",\"potentialAction\":[{\"@type\":\"ReadAction\",\"target\":[\"https:\\\/\\\/opcleaningservice.com\\\/es\\\/op-cleaning\\\/\"]}]},{\"@type\":\"BreadcrumbList\",\"@id\":\"https:\\\/\\\/opcleaningservice.com\\\/es\\\/op-cleaning\\\/#breadcrumb\",\"itemListElement\":[{\"@type\":\"ListItem\",\"position\":1,\"name\":\"Home\",\"item\":\"https:\\\/\\\/opcleaningservice.com\\\/es\\\/\"},{\"@type\":\"ListItem\",\"position\":2,\"name\":\"Nosotros\"}]},{\"@type\":\"WebSite\",\"@id\":\"https:\\\/\\\/opcleaningservice.com\\\/#website\",\"url\":\"https:\\\/\\\/opcleaningservice.com\\\/\",\"name\":\"OP Cleaning services Inc\",\"description\":\"Cleaning services\",\"potentialAction\":[{\"@type\":\"SearchAction\",\"target\":{\"@type\":\"EntryPoint\",\"urlTemplate\":\"https:\\\/\\\/opcleaningservice.com\\\/?s={search_term_string}\"},\"query-input\":{\"@type\":\"PropertyValueSpecification\",\"valueRequired\":true,\"valueName\":\"search_term_string\"}}],\"inLanguage\":\"es\"}]}<\/script>\n<!-- \/ Yoast SEO plugin. -->","yoast_head_json":{"title":"OP cleaning sobre nosotros OP Cleaning services Inc","description":"En OP Cleaning Services prestamos servicios de limpieza residencial y comercial en el \u00e1rea de Orlando, FL.","robots":{"index":"index","follow":"follow","max-snippet":"max-snippet:-1","max-image-preview":"max-image-preview:large","max-video-preview":"max-video-preview:-1"},"canonical":"https:\/\/opcleaningservice.com\/es\/op-cleaning\/","og_locale":"es_ES","og_type":"article","og_title":"OP cleaning sobre nosotros OP Cleaning services Inc","og_description":"En OP Cleaning Services prestamos servicios de limpieza residencial y comercial en el \u00e1rea de Orlando, FL.","og_url":"https:\/\/opcleaningservice.com\/es\/op-cleaning\/","og_site_name":"OP Cleaning services Inc","article_modified_time":"2025-02-05T20:39:07+00:00","twitter_card":"summary_large_image","twitter_misc":{"Tiempo de lectura":"5 minutos"},"schema":{"@context":"https:\/\/schema.org","@graph":[{"@type":"WebPage","@id":"https:\/\/opcleaningservice.com\/es\/op-cleaning\/","url":"https:\/\/opcleaningservice.com\/es\/op-cleaning\/","name":"OP cleaning sobre nosotros OP Cleaning services Inc","isPartOf":{"@id":"https:\/\/opcleaningservice.com\/#website"},"datePublished":"2024-08-21T21:13:09+00:00","dateModified":"2025-02-05T20:39:07+00:00","description":"En OP Cleaning Services prestamos servicios de limpieza residencial y comercial en el \u00e1rea de Orlando, FL.","breadcrumb":{"@id":"https:\/\/opcleaningservice.com\/es\/op-cleaning\/#breadcrumb"},"inLanguage":"es","potentialAction":[{"@type":"ReadAction","target":["https:\/\/opcleaningservice.com\/es\/op-cleaning\/"]}]},{"@type":"BreadcrumbList","@id":"https:\/\/opcleaningservice.com\/es\/op-cleaning\/#breadcrumb","itemListElement":[{"@type":"ListItem","position":1,"name":"Home","item":"https:\/\/opcleaningservice.com\/es\/"},{"@type":"ListItem","position":2,"name":"Nosotros"}]},{"@type":"WebSite","@id":"https:\/\/opcleaningservice.com\/#website","url":"https:\/\/opcleaningservice.com\/","name":"OP Cleaning services Inc","description":"Cleaning services","potentialAction":[{"@type":"SearchAction","target":{"@type":"EntryPoint","urlTemplate":"https:\/\/opcleaningservice.com\/?s={search_term_string}"},"query-input":{"@type":"PropertyValueSpecification","valueRequired":true,"valueName":"search_term_string"}}],"inLanguage":"es"}]}},"_links":{"self":[{"href":"https:\/\/opcleaningservice.com\/es\/wp-json\/wp\/v2\/pages\/277","targetHints":{"allow":["GET"]}}],"collection":[{"href":"https:\/\/opcleaningservice.com\/es\/wp-json\/wp\/v2\/pages"}],"about":[{"href":"https:\/\/opcleaningservice.com\/es\/wp-json\/wp\/v2\/types\/page"}],"author":[{"embeddable":true,"href":"https:\/\/opcleaningservice.com\/es\/wp-json\/wp\/v2\/users\/1"}],"replies":[{"embeddable":true,"href":"https:\/\/opcleaningservice.com\/es\/wp-json\/wp\/v2\/comments?post=277"}],"version-history":[{"count":28,"href":"https:\/\/opcleaningservice.com\/es\/wp-json\/wp\/v2\/pages\/277\/revisions"}],"predecessor-version":[{"id":941,"href":"https:\/\/opcleaningservice.com\/es\/wp-json\/wp\/v2\/pages\/277\/revisions\/941"}],"wp:attachment":[{"href":"https:\/\/opcleaningservice.com\/es\/wp-json\/wp\/v2\/media?parent=277"}],"curies":[{"name":"wp","href":"https:\/\/api.w.org\/{rel}","templated":true}]}}