{"id":280,"date":"2024-08-21T19:58:26","date_gmt":"2024-08-21T17:58:26","guid":{"rendered":"https:\/\/opcleaningservice.com\/privacy-policy\/"},"modified":"2025-02-05T21:46:47","modified_gmt":"2025-02-05T20:46:47","slug":"politica-de-privacidad","status":"publish","type":"page","link":"https:\/\/opcleaningservice.com\/es\/politica-de-privacidad\/","title":{"rendered":"Pol\u00edtica de Privacidad"},"content":{"rendered":"<div class=\"wpb-content-wrapper\"><p>[vc_row][vc_column]\n\t\t\t\t<p class=\"rs-p-wp-fix\"><\/p>\n\t\t\t\t<sr7-module data-alias=\"privacy-policy-1\" data-id=\"33\" id=\"SR7_33_1\" class=\"rs-ov-hidden\" data-version=\"6.7.40\">\n\t\t\t\t\t<sr7-adjuster><\/sr7-adjuster>\n\t\t\t\t\t<sr7-content>\n\t\t\t\t\t\t<sr7-slide id=\"SR7_33_1-69\" data-key=\"69\">\n\t\t\t\t\t\t\t<sr7-bg id=\"SR7_33_1-69-1\" class=\"sr7-layer\"><noscript><img decoding=\"async\" src=\"https:\/\/opcleaningservice.com\/wp-content\/uploads\/2024\/09\/bg-interno.jpg\" alt=\"\" title=\"bg-interno\"><\/noscript><\/sr7-bg>\n\t\t\t\t\t\t\t<sr7-txt id=\"SR7_33_1-69-0\" class=\"sr7-layer\">POL\u00cdTICA DE PRIVACIDAD<\/sr7-txt>\n\t\t\t\t\t\t<\/sr7-slide>\n\t\t\t\t\t\t<sr7-slide id=\"SR7_33_1-70\" data-key=\"70\">\n\t\t\t\t\t\t<\/sr7-slide>\n\t\t\t\t\t<\/sr7-content>\n\t\t\t\t\t<image_lists style=\"display:none\">\n\t\t\t\t\t\t<img data-src=\"\/\/opcleaningservice.com\/wp-content\/uploads\/2024\/09\/bg-interno.jpg\" data-libid=\"184\" data-lib=\"medialibrary\" title=\"bg-interno\" width=\"0\" height=\"0\" data-dbsrc=\"Ly9vcGNsZWFuaW5nc2VydmljZS5jb20vd3AtY29udGVudC91cGxvYWRzLzIwMjQvMDkvYmctaW50ZXJuby5qcGc=\"\/>\n\t\t\t\t\t<\/image_lists>\n\t\t\t\t<\/sr7-module>\n\t\t\t\t<script>\n\t\t\t\t\tSR7.PMH ??={}; SR7.PMH[\"SR7_33_1\"] = {cn:100,state:false,fn: function() { if (_tpt!==undefined && _tpt.prepareModuleHeight !== undefined) {  _tpt.prepareModuleHeight({id:\"SR7_33_1\",el:[350,350,350,350,200],type:'standard',shdw:'0',gh:[350,350,350,350,200],gw:[1920,1920,1920,1920,480],vpt:['-100px&#039;,&#039;-100px&#039;,&#039;-100px&#039;,&#039;-100px&#039;,&#039;-100px'],size:{fullWidth:true, fullHeight:false},mh:'0',onh:0,onw:0,bg:{color:'{\"orig\":\"transparent\",\"type\":\"solid\",\"string\":\"transparent\"}'}});   SR7.PMH[\"SR7_33_1\"].state=true;} else if(SR7.PMH[\"SR7_33_1\"].cn-->0)\tsetTimeout( SR7.PMH[\"SR7_33_1\"].fn,19);}};SR7.PMH[\"SR7_33_1\" ].fn();\n\t\t\t\t<\/script>\n[vc_row_inner][vc_column_inner][vc_column_text css=\u00bb\u00bb]<div id=\"crumbs\"><a href=\"https:\/\/opcleaningservice.com\/es\/\">Home<\/a> > <\/div>[\/vc_column_text][\/vc_column_inner][\/vc_row_inner][\/vc_column][\/vc_row][vc_row][vc_column][vc_column_text css=\u00bb\u00bb]<\/p>\n<h1><strong>Pol\u00edtica de Privacidad<\/strong><\/h1>\n<p>En OP Cleaning Service, valoramos la privacidad de nuestros clientes y nos comprometemos a proteger sus datos personales. Esta pol\u00edtica de privacidad describe c\u00f3mo recopilamos, usamos, y aseguramos la informaci\u00f3n que obtenemos a trav\u00e9s de nuestro sitio web y servicios.<\/p>\n<h3><strong>Informaci\u00f3n que Recopilamos:<\/strong><\/h3>\n<p>Recopilamos informaci\u00f3n personal cuando utiliza nuestros servicios o se pone en contacto con nosotros. Esto incluye su nombre, correo electr\u00f3nico, n\u00famero de tel\u00e9fono, y cualquier otra informaci\u00f3n proporcionada en formularios de contacto o al realizar una reserva. Tambi\u00e9n podemos recopilar informaci\u00f3n sobre su actividad en nuestro sitio web, como el uso de cookies.<\/p>\n<h3><strong>Uso de la Informaci\u00f3n:<\/strong><\/h3>\n<p>La informaci\u00f3n que recopilamos se utiliza para proporcionarle nuestros servicios de limpieza, responder a consultas y mejorar la experiencia en nuestro sitio web. En algunos casos, podemos usar sus datos para enviarle ofertas y actualizaciones relacionadas con nuestros servicios. Nunca venderemos ni compartiremos su informaci\u00f3n personal con terceros sin su consentimiento, excepto cuando sea necesario para cumplir con la ley o proteger nuestros derechos.<\/p>\n<h3><strong>Protecci\u00f3n de Datos Personales:<\/strong><\/h3>\n<p>OP Cleaning Service toma medidas adecuadas para proteger su informaci\u00f3n personal contra accesos no autorizados, uso indebido o alteraci\u00f3n. Implementamos medidas de seguridad f\u00edsicas, electr\u00f3nicas y administrativas para garantizar la integridad de los datos proporcionados.<\/p>\n<h3><strong>Cookies:<\/strong><\/h3>\n<p>Nuestro sitio web utiliza cookies para mejorar su experiencia de navegaci\u00f3n. Las <a href=\"https:\/\/policies.google.com\/technologies\/cookies?hl=es\" target=\"_blank\" rel=\"noopener\"><strong>cookies<\/strong><\/a> son peque\u00f1os archivos almacenados en su dispositivo que nos permiten recordar sus preferencias y mejorar la funcionalidad del sitio. Usted puede ajustar la configuraci\u00f3n de cookies en su navegador en cualquier momento.<\/p>\n<h3><strong>Acceso a la Informaci\u00f3n:<\/strong><\/h3>\n<p>Usted tiene derecho a acceder, corregir o eliminar cualquier informaci\u00f3n personal que tengamos sobre usted. Si desea ejercer estos derechos o tiene preguntas sobre c\u00f3mo manejamos sus datos personales, por favor p\u00f3ngase en contacto con nosotros a trav\u00e9s de nuestro sitio web.<\/p>\n<h3><strong>Cambios en la Pol\u00edtica de Privacidad:<\/strong><\/h3>\n<p>Nos reservamos el derecho de actualizar esta pol\u00edtica de privacidad en cualquier momento. Cualquier cambio ser\u00e1 publicado en esta p\u00e1gina, y los cambios entrar\u00e1n en vigencia en el momento de su publicaci\u00f3n.<\/p>\n<p>Al utilizar nuestros servicios o visitar nuestro sitio web, usted acepta esta pol\u00edtica de privacidad.<\/p>\n<p>Si tiene alguna pregunta o necesita m\u00e1s informaci\u00f3n, no dude en <a href=\"https:\/\/opcleaningservice.com\/es\/home\/reservar-ahora\/\"><strong>contactarnos<\/strong><\/a>.[\/vc_column_text][vc_empty_space height=\u00bb40px\u00bb el_class=\u00bbespacios\u00bb][\/vc_column][\/vc_row][vc_row][vc_column][vc_empty_space][vc_column_text css=\u00bb\u00bb]<\/p>\n<h2 style=\"text-align: center;\">TRABAJOS RECIENTES<\/h2>\n<p>[\/vc_column_text][vc_empty_space]<div id=\"ult-carousel-204717448769e4da4e66504\" class=\"ult-carousel-wrapper   ult_horizontal\" data-gutter=\"15\" data-rtl=\"false\" ><div class=\"ult-carousel-123745425869e4da4e65fb3 \" >[vc_single_image image=\u00bb236&#8243; img_size=\u00bbfull\u00bb alignment=\u00bbcenter\u00bb css=\u00bb\u00bb][vc_single_image image=\u00bb234&#8243; img_size=\u00bbfull\u00bb alignment=\u00bbcenter\u00bb css=\u00bb\u00bb][vc_single_image image=\u00bb237&#8243; img_size=\u00bbfull\u00bb alignment=\u00bbcenter\u00bb css=\u00bb\u00bb][vc_single_image image=\u00bb241&#8243; img_size=\u00bbfull\u00bb alignment=\u00bbcenter\u00bb css=\u00bb\u00bb][vc_single_image image=\u00bb239&#8243; img_size=\u00bbfull\u00bb alignment=\u00bbcenter\u00bb css=\u00bb\u00bb][vc_single_image image=\u00bb247&#8243; img_size=\u00bbfull\u00bb alignment=\u00bbcenter\u00bb css=\u00bb\u00bb][vc_single_image image=\u00bb235&#8243; img_size=\u00bbfull\u00bb alignment=\u00bbcenter\u00bb css=\u00bb\u00bb][vc_single_image image=\u00bb246&#8243; img_size=\u00bbfull\u00bb alignment=\u00bbcenter\u00bb css=\u00bb\u00bb]<\/div><\/div>\t\t\t<script type=\"text\/javascript\">\n\t\t\t\tjQuery(document).ready(function ($) {\n\t\t\t\t\tif( typeof jQuery('.ult-carousel-123745425869e4da4e65fb3').slick == \"function\"){\n\t\t\t\t\t\t$('.ult-carousel-123745425869e4da4e65fb3').slick({dots: true,autoplay: true,autoplaySpeed: \"5000\",speed: \"300\",infinite: true,arrows: true,nextArrow: '<button type=\"button\" role=\"button\" aria-label=\"Next\" style=\"color:#333333; font-size:20px;\" class=\"slick-next default\"><i class=\"ultsl-arrow-right4\"><\/i><\/button>',prevArrow: '<button type=\"button\" role=\"button\" aria-label=\"Previous\" style=\"color:#333333; font-size:20px;\" class=\"slick-prev default\"><i class=\"ultsl-arrow-left4\"><\/i><\/button>',slidesToScroll:4,slidesToShow:4,swipe: true,draggable: true,touchMove: true,pauseOnHover: true,pauseOnFocus: false,responsive: [\n\t\t\t\t\t\t\t{\n\t\t\t\t\t\t\t  breakpoint: 1026,\n\t\t\t\t\t\t\t  settings: {\n\t\t\t\t\t\t\t\tslidesToShow: 4,\n\t\t\t\t\t\t\t\tslidesToScroll: 4,  \n\t\t\t\t\t\t\t  }\n\t\t\t\t\t\t\t},\n\t\t\t\t\t\t\t{\n\t\t\t\t\t\t\t  breakpoint: 1025,\n\t\t\t\t\t\t\t  settings: {\n\t\t\t\t\t\t\t\tslidesToShow: 3,\n\t\t\t\t\t\t\t\tslidesToScroll: 3\n\t\t\t\t\t\t\t  }\n\t\t\t\t\t\t\t},\n\t\t\t\t\t\t\t{\n\t\t\t\t\t\t\t  breakpoint: 760,\n\t\t\t\t\t\t\t  settings: {\n\t\t\t\t\t\t\t\tslidesToShow: 1,\n\t\t\t\t\t\t\t\tslidesToScroll: 1\n\t\t\t\t\t\t\t  }\n\t\t\t\t\t\t\t}\n\t\t\t\t\t\t],pauseOnDotsHover: true,customPaging: function(slider, i) {\n                   return '<i type=\"button\" style= \"color:#333333;\" class=\"ultsl-record\" data-role=\"none\"><\/i>';\n                },});\n\t\t\t\t\t}\n\t\t\t\t});\n\t\t\t<\/script>\n\t\t\t[vc_empty_space][vc_btn title=\u00bbRESERVAR\u00bb color=\u00bbblack\u00bb align=\u00bbcenter\u00bb css=\u00bb\u00bb link=\u00bburl:https%3A%2F%2Fopcleaningservice.com%2Fes%2Flimpieza-residencial-y-comercial%2Freservar-su-servicio%2F|title:Reservar%20Ahora\u00bb el_class=\u00bbbtn-opcleaning\u00bb][vc_empty_space][\/vc_column][\/vc_row][vc_row full_width=\u00bbstretch_row_content_no_spaces\u00bb bg_type=\u00bbimage\u00bb css=\u00bb.vc_custom_1738617820773{background-image: url(https:\/\/opcleaningservice.com\/wp-content\/uploads\/2024\/09\/banner-form-SPAN.png?id=314) !important;}\u00bb el_class=\u00bbseccion-formu\u00bb][vc_column][vc_row_inner][vc_column_inner width=\u00bb1\/2&#8243;][\/vc_column_inner][vc_column_inner width=\u00bb1\/2&#8243;]\n<div class=\"wpcf7 no-js\" id=\"wpcf7-f274-o1\" lang=\"es-ES\" dir=\"ltr\" data-wpcf7-id=\"274\">\n<div class=\"screen-reader-response\"><p role=\"status\" aria-live=\"polite\" aria-atomic=\"true\"><\/p> <ul><\/ul><\/div>\n<form action=\"\/es\/wp-json\/wp\/v2\/pages\/280#wpcf7-f274-o1\" method=\"post\" class=\"wpcf7-form init\" aria-label=\"Formulario de contacto\" novalidate=\"novalidate\" data-status=\"init\">\n<fieldset class=\"hidden-fields-container\"><input type=\"hidden\" name=\"_wpcf7\" value=\"274\" \/><input type=\"hidden\" name=\"_wpcf7_version\" value=\"6.1.5\" \/><input type=\"hidden\" name=\"_wpcf7_locale\" value=\"es_ES\" \/><input type=\"hidden\" name=\"_wpcf7_unit_tag\" value=\"wpcf7-f274-o1\" \/><input type=\"hidden\" name=\"_wpcf7_container_post\" value=\"0\" \/><input type=\"hidden\" name=\"_wpcf7_posted_data_hash\" value=\"\" \/><input type=\"hidden\" name=\"_wpcf7_recaptcha_response\" value=\"\" \/>\n<\/fieldset>\n<div class=\"formulario-contacto\">\n\t<div style=\"padding: 0px;\" class=\"col-sm-12 \">\n\t\t<h4>NOMBRE COMPLETO*\n\t\t<\/h4>\n\t\t<p><span class=\"wpcf7-form-control-wrap\" data-name=\"fullname\"><input size=\"40\" maxlength=\"400\" class=\"wpcf7-form-control wpcf7-text wpcf7-validates-as-required\" aria-required=\"true\" aria-invalid=\"false\" placeholder=\"Nombre completo\" value=\"\" type=\"text\" name=\"fullname\" \/><\/span>\n\t\t<\/p>\n\t\t<h4>E-MAIL*\n\t\t<\/h4>\n\t\t<p><span class=\"wpcf7-form-control-wrap\" data-name=\"email\"><input size=\"40\" maxlength=\"400\" class=\"wpcf7-form-control wpcf7-email wpcf7-validates-as-required wpcf7-text wpcf7-validates-as-email\" aria-required=\"true\" aria-invalid=\"false\" placeholder=\"Direcci\u00f3n de correo electr\u00f3nico\" value=\"\" type=\"email\" name=\"email\" \/><\/span>\n\t\t<\/p>\n\t\t<h4>N\u00daMERO DE TEL\u00c9FONO*\n\t\t<\/h4>\n\t\t<p><span class=\"wpcf7-form-control-wrap\" data-name=\"phone\"><input size=\"40\" maxlength=\"400\" class=\"wpcf7-form-control wpcf7-tel wpcf7-validates-as-required wpcf7-text wpcf7-validates-as-tel\" aria-required=\"true\" aria-invalid=\"false\" placeholder=\"000-000-0000\" value=\"\" type=\"tel\" name=\"phone\" \/><\/span>\n\t\t<\/p>\n\t<\/div>\n\t<div style=\"padding: 0px;\" class=\"col-sm-12\">\n\t\t<div class=\"campo\">\n\t\t\t<p><span class=\"wpcf7-form-control-wrap\" data-name=\"acceptance-601\"><span class=\"wpcf7-form-control wpcf7-acceptance\"><span class=\"wpcf7-list-item\"><input type=\"checkbox\" name=\"acceptance-601\" value=\"1\" aria-invalid=\"false\" \/><\/span><\/span><\/span>\n\t\t\t<\/p>\n\t\t\t<p>Acepto las<a href=\"#\" target=\"_black\"> Pol\u00edticas de privacidad y confidencialidad <\/a>para uso de mis datos**\n\t\t\t<\/p>\n\t\t<\/div>\n\t\t<div class=\"submit-formu\">\n\t\t\t<p><input class=\"wpcf7-form-control wpcf7-submit has-spinner\" type=\"submit\" value=\"ENVIAR\" \/>\n\t\t\t<\/p>\n\t\t<\/div>\n\t<\/div>\n<\/div><div class=\"wpcf7-response-output\" aria-hidden=\"true\"><\/div>\n<\/form>\n<\/div>\n[\/vc_column_inner][\/vc_row_inner][\/vc_column][\/vc_row]<\/p>\n<\/div>","protected":false},"excerpt":{"rendered":"<p>[vc_row][vc_column][vc_row_inner][vc_column_inner][vc_column_text css=\u00bb\u00bb][\/vc_column_text][\/vc_column_inner][\/vc_row_inner][\/vc_column][\/vc_row][vc_row][vc_column][vc_column_text css=\u00bb\u00bb] Pol\u00edtica de Privacidad En OP Cleaning Service, valoramos la privacidad de nuestros <a class=\"read-more\" href=\"https:\/\/opcleaningservice.com\/es\/politica-de-privacidad\/\">Read More<\/a><\/p>\n","protected":false},"author":1,"featured_media":0,"parent":0,"menu_order":0,"comment_status":"closed","ping_status":"open","template":"","meta":{"_acf_changed":false,"_joinchat":[],"footnotes":""},"class_list":["post-280","page","type-page","status-publish","hentry"],"acf":[],"yoast_head":"<!-- This site is optimized with the Yoast SEO plugin v27.4 - https:\/\/yoast.com\/product\/yoast-seo-wordpress\/ -->\n<title>Pol\u00edtica de Privacidad - OP Cleaning services Inc<\/title>\n<meta name=\"description\" content=\"Conozca m\u00e1s sobre nuestra Pol\u00edtica de privacidad y el tratamiento de los datos personales enviados a trav\u00e9s de nuestro sitio.\" \/>\n<meta name=\"robots\" content=\"index, follow, max-snippet:-1, max-image-preview:large, max-video-preview:-1\" \/>\n<link rel=\"canonical\" href=\"https:\/\/opcleaningservice.com\/es\/politica-de-privacidad\/\" \/>\n<meta property=\"og:locale\" content=\"es_ES\" \/>\n<meta property=\"og:type\" content=\"article\" \/>\n<meta property=\"og:title\" content=\"Pol\u00edtica de Privacidad - OP Cleaning services Inc\" \/>\n<meta property=\"og:description\" content=\"Conozca m\u00e1s sobre nuestra Pol\u00edtica de privacidad y el tratamiento de los datos personales enviados a trav\u00e9s de nuestro sitio.\" \/>\n<meta property=\"og:url\" content=\"https:\/\/opcleaningservice.com\/es\/politica-de-privacidad\/\" \/>\n<meta property=\"og:site_name\" content=\"OP Cleaning services Inc\" \/>\n<meta property=\"article:modified_time\" content=\"2025-02-05T20:46:47+00:00\" \/>\n<meta name=\"twitter:card\" content=\"summary_large_image\" \/>\n<meta name=\"twitter:label1\" content=\"Tiempo de lectura\" \/>\n\t<meta name=\"twitter:data1\" content=\"4 minutos\" \/>\n<script type=\"application\/ld+json\" class=\"yoast-schema-graph\">{\"@context\":\"https:\\\/\\\/schema.org\",\"@graph\":[{\"@type\":\"WebPage\",\"@id\":\"https:\\\/\\\/opcleaningservice.com\\\/es\\\/politica-de-privacidad\\\/\",\"url\":\"https:\\\/\\\/opcleaningservice.com\\\/es\\\/politica-de-privacidad\\\/\",\"name\":\"Pol\u00edtica de Privacidad - OP Cleaning services Inc\",\"isPartOf\":{\"@id\":\"https:\\\/\\\/opcleaningservice.com\\\/#website\"},\"datePublished\":\"2024-08-21T17:58:26+00:00\",\"dateModified\":\"2025-02-05T20:46:47+00:00\",\"description\":\"Conozca m\u00e1s sobre nuestra Pol\u00edtica de privacidad y el tratamiento de los datos personales enviados a trav\u00e9s de nuestro sitio.\",\"breadcrumb\":{\"@id\":\"https:\\\/\\\/opcleaningservice.com\\\/es\\\/politica-de-privacidad\\\/#breadcrumb\"},\"inLanguage\":\"es\",\"potentialAction\":[{\"@type\":\"ReadAction\",\"target\":[\"https:\\\/\\\/opcleaningservice.com\\\/es\\\/politica-de-privacidad\\\/\"]}]},{\"@type\":\"BreadcrumbList\",\"@id\":\"https:\\\/\\\/opcleaningservice.com\\\/es\\\/politica-de-privacidad\\\/#breadcrumb\",\"itemListElement\":[{\"@type\":\"ListItem\",\"position\":1,\"name\":\"Home\",\"item\":\"https:\\\/\\\/opcleaningservice.com\\\/es\\\/\"},{\"@type\":\"ListItem\",\"position\":2,\"name\":\"Pol\u00edtica de Privacidad\"}]},{\"@type\":\"WebSite\",\"@id\":\"https:\\\/\\\/opcleaningservice.com\\\/#website\",\"url\":\"https:\\\/\\\/opcleaningservice.com\\\/\",\"name\":\"OP Cleaning services Inc\",\"description\":\"Cleaning services\",\"potentialAction\":[{\"@type\":\"SearchAction\",\"target\":{\"@type\":\"EntryPoint\",\"urlTemplate\":\"https:\\\/\\\/opcleaningservice.com\\\/?s={search_term_string}\"},\"query-input\":{\"@type\":\"PropertyValueSpecification\",\"valueRequired\":true,\"valueName\":\"search_term_string\"}}],\"inLanguage\":\"es\"}]}<\/script>\n<!-- \/ Yoast SEO plugin. -->","yoast_head_json":{"title":"Pol\u00edtica de Privacidad - OP Cleaning services Inc","description":"Conozca m\u00e1s sobre nuestra Pol\u00edtica de privacidad y el tratamiento de los datos personales enviados a trav\u00e9s de nuestro sitio.","robots":{"index":"index","follow":"follow","max-snippet":"max-snippet:-1","max-image-preview":"max-image-preview:large","max-video-preview":"max-video-preview:-1"},"canonical":"https:\/\/opcleaningservice.com\/es\/politica-de-privacidad\/","og_locale":"es_ES","og_type":"article","og_title":"Pol\u00edtica de Privacidad - OP Cleaning services Inc","og_description":"Conozca m\u00e1s sobre nuestra Pol\u00edtica de privacidad y el tratamiento de los datos personales enviados a trav\u00e9s de nuestro sitio.","og_url":"https:\/\/opcleaningservice.com\/es\/politica-de-privacidad\/","og_site_name":"OP Cleaning services Inc","article_modified_time":"2025-02-05T20:46:47+00:00","twitter_card":"summary_large_image","twitter_misc":{"Tiempo de lectura":"4 minutos"},"schema":{"@context":"https:\/\/schema.org","@graph":[{"@type":"WebPage","@id":"https:\/\/opcleaningservice.com\/es\/politica-de-privacidad\/","url":"https:\/\/opcleaningservice.com\/es\/politica-de-privacidad\/","name":"Pol\u00edtica de Privacidad - OP Cleaning services Inc","isPartOf":{"@id":"https:\/\/opcleaningservice.com\/#website"},"datePublished":"2024-08-21T17:58:26+00:00","dateModified":"2025-02-05T20:46:47+00:00","description":"Conozca m\u00e1s sobre nuestra Pol\u00edtica de privacidad y el tratamiento de los datos personales enviados a trav\u00e9s de nuestro sitio.","breadcrumb":{"@id":"https:\/\/opcleaningservice.com\/es\/politica-de-privacidad\/#breadcrumb"},"inLanguage":"es","potentialAction":[{"@type":"ReadAction","target":["https:\/\/opcleaningservice.com\/es\/politica-de-privacidad\/"]}]},{"@type":"BreadcrumbList","@id":"https:\/\/opcleaningservice.com\/es\/politica-de-privacidad\/#breadcrumb","itemListElement":[{"@type":"ListItem","position":1,"name":"Home","item":"https:\/\/opcleaningservice.com\/es\/"},{"@type":"ListItem","position":2,"name":"Pol\u00edtica de Privacidad"}]},{"@type":"WebSite","@id":"https:\/\/opcleaningservice.com\/#website","url":"https:\/\/opcleaningservice.com\/","name":"OP Cleaning services Inc","description":"Cleaning services","potentialAction":[{"@type":"SearchAction","target":{"@type":"EntryPoint","urlTemplate":"https:\/\/opcleaningservice.com\/?s={search_term_string}"},"query-input":{"@type":"PropertyValueSpecification","valueRequired":true,"valueName":"search_term_string"}}],"inLanguage":"es"}]}},"_links":{"self":[{"href":"https:\/\/opcleaningservice.com\/es\/wp-json\/wp\/v2\/pages\/280","targetHints":{"allow":["GET"]}}],"collection":[{"href":"https:\/\/opcleaningservice.com\/es\/wp-json\/wp\/v2\/pages"}],"about":[{"href":"https:\/\/opcleaningservice.com\/es\/wp-json\/wp\/v2\/types\/page"}],"author":[{"embeddable":true,"href":"https:\/\/opcleaningservice.com\/es\/wp-json\/wp\/v2\/users\/1"}],"replies":[{"embeddable":true,"href":"https:\/\/opcleaningservice.com\/es\/wp-json\/wp\/v2\/comments?post=280"}],"version-history":[{"count":11,"href":"https:\/\/opcleaningservice.com\/es\/wp-json\/wp\/v2\/pages\/280\/revisions"}],"predecessor-version":[{"id":944,"href":"https:\/\/opcleaningservice.com\/es\/wp-json\/wp\/v2\/pages\/280\/revisions\/944"}],"wp:attachment":[{"href":"https:\/\/opcleaningservice.com\/es\/wp-json\/wp\/v2\/media?parent=280"}],"curies":[{"name":"wp","href":"https:\/\/api.w.org\/{rel}","templated":true}]}}