{"id":730,"date":"2024-10-04T18:21:51","date_gmt":"2024-10-04T16:21:51","guid":{"rendered":"https:\/\/opcleaningservice.com\/servicios-de-limpieza-comercial\/"},"modified":"2025-02-05T21:30:16","modified_gmt":"2025-02-05T20:30:16","slug":"limpieza-comercial","status":"publish","type":"page","link":"https:\/\/opcleaningservice.com\/es\/limpieza-comercial\/","title":{"rendered":"limpieza comercial"},"content":{"rendered":"<div class=\"wpb-content-wrapper\"><p>[vc_row][vc_column]\n\t\t\t\t<p class=\"rs-p-wp-fix\"><\/p>\n\t\t\t\t<sr7-module data-alias=\"commercial-services-1\" data-id=\"27\" id=\"SR7_27_1\" class=\"rs-ov-hidden\" data-version=\"6.7.40\">\n\t\t\t\t\t<sr7-adjuster><\/sr7-adjuster>\n\t\t\t\t\t<sr7-content>\n\t\t\t\t\t\t<sr7-slide id=\"SR7_27_1-57\" data-key=\"57\">\n\t\t\t\t\t\t\t<sr7-bg id=\"SR7_27_1-57-1\" class=\"sr7-layer\"><noscript><img decoding=\"async\" src=\"https:\/\/opcleaningservice.com\/wp-content\/uploads\/2024\/09\/BOOK-NOW.jpg\" alt=\"\" title=\"BOOK-NOW\"><\/noscript><\/sr7-bg>\n\t\t\t\t\t\t\t<sr7-txt id=\"SR7_27_1-57-0\" class=\"sr7-layer\">LIMPIEZA<br \/>\nCOMERCIAL<\/sr7-txt>\n\t\t\t\t\t\t<\/sr7-slide>\n\t\t\t\t\t\t<sr7-slide id=\"SR7_27_1-58\" data-key=\"58\">\n\t\t\t\t\t\t<\/sr7-slide>\n\t\t\t\t\t<\/sr7-content>\n\t\t\t\t\t<image_lists style=\"display:none\">\n\t\t\t\t\t\t<img data-src=\"\/\/opcleaningservice.com\/wp-content\/uploads\/2024\/09\/BOOK-NOW.jpg\" data-libid=\"203\" data-lib=\"medialibrary\" title=\"BOOK-NOW\" width=\"0\" height=\"0\" data-dbsrc=\"Ly9vcGNsZWFuaW5nc2VydmljZS5jb20vd3AtY29udGVudC91cGxvYWRzLzIwMjQvMDkvQk9PSy1OT1cuanBn\"\/>\n\t\t\t\t\t<\/image_lists>\n\t\t\t\t<\/sr7-module>\n\t\t\t\t<script>\n\t\t\t\t\tSR7.PMH ??={}; SR7.PMH[\"SR7_27_1\"] = {cn:100,state:false,fn: function() { if (_tpt!==undefined && _tpt.prepareModuleHeight !== undefined) {  _tpt.prepareModuleHeight({id:\"SR7_27_1\",el:[450,450,450,450,400],type:'standard',shdw:'0',gh:[450,450,450,450,400],gw:[1920,1920,1920,1920,480],vpt:['-100px&#039;,&#039;-100px&#039;,&#039;-100px&#039;,&#039;-100px&#039;,&#039;-100px'],size:{fullWidth:true, fullHeight:false},mh:'0',onh:0,onw:0,bg:{color:'{\"orig\":\"transparent\",\"type\":\"solid\",\"string\":\"transparent\"}'}});   SR7.PMH[\"SR7_27_1\"].state=true;} else if(SR7.PMH[\"SR7_27_1\"].cn-->0)\tsetTimeout( SR7.PMH[\"SR7_27_1\"].fn,19);}};SR7.PMH[\"SR7_27_1\" ].fn();\n\t\t\t\t<\/script>\n[vc_row_inner][vc_column_inner][vc_column_text css=\u00bb\u00bb]<div id=\"crumbs\"><a href=\"https:\/\/opcleaningservice.com\/es\/\">Home<\/a> > <\/div>[\/vc_column_text][\/vc_column_inner][\/vc_row_inner][vc_empty_space height=\u00bb40px\u00bb][\/vc_column][\/vc_row][vc_row gap=\u00bb25&#8243; equal_height=\u00bbyes\u00bb content_placement=\u00bbmiddle\u00bb][vc_column width=\u00bb1\/2&#8243;][vc_single_image image=\u00bb376&#8243; img_size=\u00bbfull\u00bb css=\u00bb\u00bb][\/vc_column][vc_column width=\u00bb1\/2&#8243;][vc_column_text css=\u00bb\u00bb]<\/p>\n<h1><strong>LIMPIEZA COMERCIAL<\/strong><\/h1>\n<p>OP Cleaning Services se especializa en <strong>servicios de limpieza comercial<\/strong> totalmente personalizables para satisfacer las <a href=\"https:\/\/www.quora.com\/How-often-should-I-have-my-home-or-office-cleaned\" target=\"_blank\" rel=\"noopener\">necesidades \u00fanicas<\/a> de cada empresa. Tanto si se trata de una oficina como de una f\u00e1brica o un almac\u00e9n, colaboramos estrechamente contigo para desarrollar un plan de limpieza que se centre en las \u00e1reas espec\u00edficas que te preocupan y se adapte perfectamente a tu horario.<\/p>\n<p>As\u00ed mismo, nuestros <strong>servicios de limpieza comercial<\/strong> son flexibles y est\u00e1n dise\u00f1ados para adaptarse a tu negocio sin interrumpir las operaciones diarias.[\/vc_column_text][vc_btn title=\u00bbRESERVA YA\u00bb css=\u00bb\u00bb el_class=\u00bbbtn-opcleaning\u00bb link=\u00bburl:https%3A%2F%2Fopcleaningservice.com%2Fes%2Flimpieza-residencial-y-comercial%2Freservar-su-servicio%2F|title:Reserva%20ahora\u00bb][\/vc_column][\/vc_row][vc_row][vc_column][vc_empty_space][\/vc_column][\/vc_row][vc_row][vc_column width=\u00bb1\/2&#8243;][vc_column_text css=\u00bb\u00bb]<\/p>\n<h2>SERVICIOS A SU MEDIDA<\/h2>\n<p>Entendemos que cada empresa tiene prioridades diferentes, por eso nuestros servicios de limpieza se adaptan a la disposici\u00f3n de tus instalaciones. Desde espacios de oficina muy transitados hasta zonas especializadas en equipos de f\u00e1brica, nuestro equipo se asegura de limpiar a fondo cada cent\u00edmetro de tu espacio de trabajo. Centr\u00e1ndonos en las \u00e1reas que m\u00e1s te importan, nos ocupamos del polvo, los residuos y la suciedad, dejando tu negocio limpio y en buen estado.<\/p>\n<p>Adem\u00e1s, nuestros <strong>servicios de limpieza comercial<\/strong> te permiten <a href=\"https:\/\/opcleaningservice.com\/es\/servicios-de-limpieza\/\" target=\"_blank\" rel=\"noopener\">ajustar la frecuencia<\/a> de la limpieza en funci\u00f3n de tus necesidades. Tanto si necesitas un servicio diario, semanal o mensual, nos aseguramos de que tu oficina, f\u00e1brica o almac\u00e9n permanezca limpio, seguro y presentable tanto para empleados como para clientes.[\/vc_column_text][vc_empty_space height=\u00bb40px\u00bb el_class=\u00bbespacios\u00bb][\/vc_column][vc_column width=\u00bb1\/2&#8243;][vc_single_image image=\u00bb512&#8243; img_size=\u00bbfull\u00bb css=\u00bb\u00bb][\/vc_column][\/vc_row][vc_row][vc_column][vc_column_text css=\u00bb\u00bb]<\/p>\n<p style=\"text-align: center;\">Deja que OP Servicios de Limpieza elimine el estr\u00e9s de mantener tu espacio de trabajo para que puedas centrarte en lo que de verdad importa. Con nuestro equipo de expertos a cargo de tus necesidades de limpieza comercial, tendr\u00e1s la tranquilidad de saber que tu oficina, f\u00e1brica o almac\u00e9n est\u00e1 impecable y bien cuidado. \u00bfListo para experimentar la diferencia? Obt\u00e9n hoy mismo un presupuesto gratuito rellenando el siguiente formulario, y deja que te ayudemos a mantener tu empresa limpia y eficiente.<\/p>\n<p>[\/vc_column_text][vc_empty_space height=\u00bb35px\u00bb][vc_btn title=\u00bbCOTIZACI\u00d3N\u00bb align=\u00bbcenter\u00bb css=\u00bb\u00bb el_class=\u00bbbtn-opcleaning\u00bb link=\u00bburl:https%3A%2F%2Fopcleaningservice.com%2Fes%2Flimpieza-residencial-y-comercial%2Freservar-su-servicio%2F|title:Reserva%20ahora\u00bb][vc_empty_space height=\u00bb55px\u00bb][\/vc_column][\/vc_row][vc_row][vc_column][vc_column_text css=\u00bb\u00bb]<\/p>\n<h2 style=\"text-align: center;\">TRABAJOS RECIENTES<\/h2>\n<p>[\/vc_column_text][vc_empty_space][\/vc_column][\/vc_row][vc_row slider_type=\u00bbhorizontal\u00bb slide_to_scroll=\u00bball\u00bb title_text_typography=\u00bb\u00bb slides_on_desk=\u00bb4&#8243; slides_on_tabs=\u00bb3&#8243; slides_on_mob=\u00bb1&#8243; infinite_loop=\u00bbon\u00bb speed=\u00bb300&#8243; autoplay=\u00bbon\u00bb autoplay_speed=\u00bb5000&#8243; arrows=\u00bbshow\u00bb arrow_style=\u00bbdefault\u00bb arrow_bg_color=\u00bb\u00bb arrow_border_color=\u00bb\u00bb border_size=\u00bb2&#8243; arrow_color=\u00bb#0052F5&#8243; arrow_size=\u00bb60&#8243; next_icon=\u00bbultsl-arrow-right4&#8243; prev_icon=\u00bbultsl-arrow-left4&#8243; dots=\u00bboff\u00bb dots_color=\u00bb#333333&#8243; dots_icon=\u00bbultsl-record\u00bb item_animation=\u00bb\u00bb draggable=\u00bbon\u00bb touch_move=\u00bbon\u00bb rtl=\u00bb\u00bb adaptive_height=\u00bb\u00bb pauseohover=\u00bbon\u00bb centermode=\u00bboff\u00bb focusonselect=\u00bb\u00bb item_space=\u00bb15&#8243; css_ad_caraousel=\u00bb.vc_custom_1727988574402{padding-right: 20px !important;padding-left: 20px !important;}\u00bb][vc_column]<div id=\"ult-carousel-259048421769e4da10abb29\" class=\"ult-carousel-wrapper  vc_custom_1728059044985  ult_horizontal\" data-gutter=\"15\" data-rtl=\"false\" ><div class=\"ult-carousel-93463370269e4da10ab67a \" >[vc_single_image image=\u00bb520&#8243; img_size=\u00bbfull\u00bb alignment=\u00bbcenter\u00bb css=\u00bb\u00bb][vc_single_image image=\u00bb95&#8243; img_size=\u00bbfull\u00bb alignment=\u00bbcenter\u00bb css=\u00bb\u00bb][vc_single_image image=\u00bb86&#8243; img_size=\u00bbfull\u00bb alignment=\u00bbcenter\u00bb css=\u00bb\u00bb][vc_single_image image=\u00bb92&#8243; img_size=\u00bbfull\u00bb alignment=\u00bbcenter\u00bb css=\u00bb\u00bb][vc_single_image image=\u00bb98&#8243; img_size=\u00bbfull\u00bb alignment=\u00bbcenter\u00bb css=\u00bb\u00bb][vc_single_image image=\u00bb90&#8243; img_size=\u00bbfull\u00bb alignment=\u00bbcenter\u00bb css=\u00bb\u00bb]<\/div><\/div>\t\t\t<script type=\"text\/javascript\">\n\t\t\t\tjQuery(document).ready(function ($) {\n\t\t\t\t\tif( typeof jQuery('.ult-carousel-93463370269e4da10ab67a').slick == \"function\"){\n\t\t\t\t\t\t$('.ult-carousel-93463370269e4da10ab67a').slick({dots: false,autoplay: true,autoplaySpeed: \"5000\",speed: \"300\",infinite: true,arrows: true,nextArrow: '<button type=\"button\" role=\"button\" aria-label=\"Next\" style=\"color:#0052F5; font-size:60px;\" class=\"slick-next default\"><i class=\"ultsl-arrow-right4\"><\/i><\/button>',prevArrow: '<button type=\"button\" role=\"button\" aria-label=\"Previous\" style=\"color:#0052F5; font-size:60px;\" class=\"slick-prev default\"><i class=\"ultsl-arrow-left4\"><\/i><\/button>',slidesToScroll:4,slidesToShow:4,swipe: true,draggable: true,touchMove: true,pauseOnHover: true,pauseOnFocus: false,responsive: [\n\t\t\t\t\t\t\t{\n\t\t\t\t\t\t\t  breakpoint: 1026,\n\t\t\t\t\t\t\t  settings: {\n\t\t\t\t\t\t\t\tslidesToShow: 4,\n\t\t\t\t\t\t\t\tslidesToScroll: 4,  \n\t\t\t\t\t\t\t  }\n\t\t\t\t\t\t\t},\n\t\t\t\t\t\t\t{\n\t\t\t\t\t\t\t  breakpoint: 1025,\n\t\t\t\t\t\t\t  settings: {\n\t\t\t\t\t\t\t\tslidesToShow: 3,\n\t\t\t\t\t\t\t\tslidesToScroll: 3\n\t\t\t\t\t\t\t  }\n\t\t\t\t\t\t\t},\n\t\t\t\t\t\t\t{\n\t\t\t\t\t\t\t  breakpoint: 760,\n\t\t\t\t\t\t\t  settings: {\n\t\t\t\t\t\t\t\tslidesToShow: 1,\n\t\t\t\t\t\t\t\tslidesToScroll: 1\n\t\t\t\t\t\t\t  }\n\t\t\t\t\t\t\t}\n\t\t\t\t\t\t],pauseOnDotsHover: true,customPaging: function(slider, i) {\n                   return '<i type=\"button\" style= \"color:#333333;\" class=\"ultsl-record\" data-role=\"none\"><\/i>';\n                },});\n\t\t\t\t\t}\n\t\t\t\t});\n\t\t\t<\/script>\n\t\t\t[vc_btn title=\u00bbSERVICIOS\u00bb size=\u00bblg\u00bb align=\u00bbcenter\u00bb css=\u00bb\u00bb el_class=\u00bbbtn-opcleaning\u00bb link=\u00bburl:https%3A%2F%2Fopcleaningservice.com%2Fes%2Fservicios%2F|title:Reserva%20ahora|\u00bb][\/vc_column][\/vc_row][vc_row][vc_column][vc_empty_space][\/vc_column][\/vc_row][vc_row full_width=\u00bbstretch_row_content_no_spaces\u00bb el_class=\u00bbseccion-formu\u00bb css=\u00bb.vc_custom_1724751512715{background-image: url(https:\/\/opcleaningservice.com\/wp-content\/uploads\/2024\/08\/img-formu.jpg?id=146) !important;background-position: center !important;background-repeat: no-repeat !important;background-size: cover !important;}\u00bb][vc_column][vc_row_inner el_class=\u00bbcontainer\u00bb][vc_column_inner width=\u00bb1\/2&#8243;][\/vc_column_inner][vc_column_inner width=\u00bb1\/2&#8243;]\n<div class=\"wpcf7 no-js\" id=\"wpcf7-f274-o1\" lang=\"es-ES\" dir=\"ltr\" data-wpcf7-id=\"274\">\n<div class=\"screen-reader-response\"><p role=\"status\" aria-live=\"polite\" aria-atomic=\"true\"><\/p> <ul><\/ul><\/div>\n<form action=\"\/es\/wp-json\/wp\/v2\/pages\/730#wpcf7-f274-o1\" method=\"post\" class=\"wpcf7-form init\" aria-label=\"Formulario de contacto\" novalidate=\"novalidate\" data-status=\"init\">\n<fieldset class=\"hidden-fields-container\"><input type=\"hidden\" name=\"_wpcf7\" value=\"274\" \/><input type=\"hidden\" name=\"_wpcf7_version\" value=\"6.1.5\" \/><input type=\"hidden\" name=\"_wpcf7_locale\" value=\"es_ES\" \/><input type=\"hidden\" name=\"_wpcf7_unit_tag\" value=\"wpcf7-f274-o1\" \/><input type=\"hidden\" name=\"_wpcf7_container_post\" value=\"0\" \/><input type=\"hidden\" name=\"_wpcf7_posted_data_hash\" value=\"\" \/><input type=\"hidden\" name=\"_wpcf7_recaptcha_response\" value=\"\" \/>\n<\/fieldset>\n<div class=\"formulario-contacto\">\n\t<div style=\"padding: 0px;\" class=\"col-sm-12 \">\n\t\t<h4>NOMBRE COMPLETO*\n\t\t<\/h4>\n\t\t<p><span class=\"wpcf7-form-control-wrap\" data-name=\"fullname\"><input size=\"40\" maxlength=\"400\" class=\"wpcf7-form-control wpcf7-text wpcf7-validates-as-required\" aria-required=\"true\" aria-invalid=\"false\" placeholder=\"Nombre completo\" value=\"\" type=\"text\" name=\"fullname\" \/><\/span>\n\t\t<\/p>\n\t\t<h4>E-MAIL*\n\t\t<\/h4>\n\t\t<p><span class=\"wpcf7-form-control-wrap\" data-name=\"email\"><input size=\"40\" maxlength=\"400\" class=\"wpcf7-form-control wpcf7-email wpcf7-validates-as-required wpcf7-text wpcf7-validates-as-email\" aria-required=\"true\" aria-invalid=\"false\" placeholder=\"Direcci\u00f3n de correo electr\u00f3nico\" value=\"\" type=\"email\" name=\"email\" \/><\/span>\n\t\t<\/p>\n\t\t<h4>N\u00daMERO DE TEL\u00c9FONO*\n\t\t<\/h4>\n\t\t<p><span class=\"wpcf7-form-control-wrap\" data-name=\"phone\"><input size=\"40\" maxlength=\"400\" class=\"wpcf7-form-control wpcf7-tel wpcf7-validates-as-required wpcf7-text wpcf7-validates-as-tel\" aria-required=\"true\" aria-invalid=\"false\" placeholder=\"000-000-0000\" value=\"\" type=\"tel\" name=\"phone\" \/><\/span>\n\t\t<\/p>\n\t<\/div>\n\t<div style=\"padding: 0px;\" class=\"col-sm-12\">\n\t\t<div class=\"campo\">\n\t\t\t<p><span class=\"wpcf7-form-control-wrap\" data-name=\"acceptance-601\"><span class=\"wpcf7-form-control wpcf7-acceptance\"><span class=\"wpcf7-list-item\"><input type=\"checkbox\" name=\"acceptance-601\" value=\"1\" aria-invalid=\"false\" \/><\/span><\/span><\/span>\n\t\t\t<\/p>\n\t\t\t<p>Acepto las<a href=\"#\" target=\"_black\"> Pol\u00edticas de privacidad y confidencialidad <\/a>para uso de mis datos**\n\t\t\t<\/p>\n\t\t<\/div>\n\t\t<div class=\"submit-formu\">\n\t\t\t<p><input class=\"wpcf7-form-control wpcf7-submit has-spinner\" type=\"submit\" value=\"ENVIAR\" \/>\n\t\t\t<\/p>\n\t\t<\/div>\n\t<\/div>\n<\/div><div class=\"wpcf7-response-output\" aria-hidden=\"true\"><\/div>\n<\/form>\n<\/div>\n[\/vc_column_inner][\/vc_row_inner][\/vc_column][\/vc_row]<\/p>\n<\/div>","protected":false},"excerpt":{"rendered":"<p>[vc_row][vc_column][vc_row_inner][vc_column_inner][vc_column_text css=\u00bb\u00bb][\/vc_column_text][\/vc_column_inner][\/vc_row_inner][vc_empty_space height=\u00bb40px\u00bb][\/vc_column][\/vc_row][vc_row gap=\u00bb25&#8243; equal_height=\u00bbyes\u00bb content_placement=\u00bbmiddle\u00bb][vc_column width=\u00bb1\/2&#8243;][vc_single_image image=\u00bb376&#8243; img_size=\u00bbfull\u00bb css=\u00bb\u00bb][\/vc_column][vc_column width=\u00bb1\/2&#8243;][vc_column_text css=\u00bb\u00bb] LIMPIEZA COMERCIAL OP <a class=\"read-more\" href=\"https:\/\/opcleaningservice.com\/es\/limpieza-comercial\/\">Read More<\/a><\/p>\n","protected":false},"author":2,"featured_media":0,"parent":0,"menu_order":0,"comment_status":"closed","ping_status":"closed","template":"","meta":{"_acf_changed":false,"_joinchat":[],"footnotes":""},"class_list":["post-730","page","type-page","status-publish","hentry"],"acf":[],"yoast_head":"<!-- This site is optimized with the Yoast SEO plugin v27.4 - https:\/\/yoast.com\/product\/yoast-seo-wordpress\/ -->\n<title>limpieza comercial<\/title>\n<meta name=\"description\" content=\"Servicios de limpieza comercial en Orlando, Fl. M\u00e1s de 10 a\u00f1os de experiencia creando espacios limpios para ti y tus empleados.\" \/>\n<meta name=\"robots\" content=\"index, follow, max-snippet:-1, max-image-preview:large, max-video-preview:-1\" \/>\n<link rel=\"canonical\" href=\"https:\/\/opcleaningservice.com\/es\/limpieza-comercial\/\" \/>\n<meta property=\"og:locale\" content=\"es_ES\" \/>\n<meta property=\"og:type\" content=\"article\" \/>\n<meta property=\"og:title\" content=\"limpieza comercial\" \/>\n<meta property=\"og:description\" content=\"Servicios de limpieza comercial en Orlando, Fl. M\u00e1s de 10 a\u00f1os de experiencia creando espacios limpios para ti y tus empleados.\" \/>\n<meta property=\"og:url\" content=\"https:\/\/opcleaningservice.com\/es\/limpieza-comercial\/\" \/>\n<meta property=\"og:site_name\" content=\"OP Cleaning services Inc\" \/>\n<meta property=\"article:modified_time\" content=\"2025-02-05T20:30:16+00:00\" \/>\n<meta name=\"twitter:card\" content=\"summary_large_image\" \/>\n<meta name=\"twitter:label1\" content=\"Tiempo de lectura\" \/>\n\t<meta name=\"twitter:data1\" content=\"4 minutos\" \/>\n<script type=\"application\/ld+json\" class=\"yoast-schema-graph\">{\"@context\":\"https:\\\/\\\/schema.org\",\"@graph\":[{\"@type\":\"WebPage\",\"@id\":\"https:\\\/\\\/opcleaningservice.com\\\/es\\\/limpieza-comercial\\\/\",\"url\":\"https:\\\/\\\/opcleaningservice.com\\\/es\\\/limpieza-comercial\\\/\",\"name\":\"limpieza comercial\",\"isPartOf\":{\"@id\":\"https:\\\/\\\/opcleaningservice.com\\\/#website\"},\"datePublished\":\"2024-10-04T16:21:51+00:00\",\"dateModified\":\"2025-02-05T20:30:16+00:00\",\"description\":\"Servicios de limpieza comercial en Orlando, Fl. M\u00e1s de 10 a\u00f1os de experiencia creando espacios limpios para ti y tus empleados.\",\"breadcrumb\":{\"@id\":\"https:\\\/\\\/opcleaningservice.com\\\/es\\\/limpieza-comercial\\\/#breadcrumb\"},\"inLanguage\":\"es\",\"potentialAction\":[{\"@type\":\"ReadAction\",\"target\":[\"https:\\\/\\\/opcleaningservice.com\\\/es\\\/limpieza-comercial\\\/\"]}]},{\"@type\":\"BreadcrumbList\",\"@id\":\"https:\\\/\\\/opcleaningservice.com\\\/es\\\/limpieza-comercial\\\/#breadcrumb\",\"itemListElement\":[{\"@type\":\"ListItem\",\"position\":1,\"name\":\"Home\",\"item\":\"https:\\\/\\\/opcleaningservice.com\\\/es\\\/\"},{\"@type\":\"ListItem\",\"position\":2,\"name\":\"limpieza comercial\"}]},{\"@type\":\"WebSite\",\"@id\":\"https:\\\/\\\/opcleaningservice.com\\\/#website\",\"url\":\"https:\\\/\\\/opcleaningservice.com\\\/\",\"name\":\"OP Cleaning services Inc\",\"description\":\"Cleaning services\",\"potentialAction\":[{\"@type\":\"SearchAction\",\"target\":{\"@type\":\"EntryPoint\",\"urlTemplate\":\"https:\\\/\\\/opcleaningservice.com\\\/?s={search_term_string}\"},\"query-input\":{\"@type\":\"PropertyValueSpecification\",\"valueRequired\":true,\"valueName\":\"search_term_string\"}}],\"inLanguage\":\"es\"}]}<\/script>\n<!-- \/ Yoast SEO plugin. -->","yoast_head_json":{"title":"limpieza comercial","description":"Servicios de limpieza comercial en Orlando, Fl. M\u00e1s de 10 a\u00f1os de experiencia creando espacios limpios para ti y tus empleados.","robots":{"index":"index","follow":"follow","max-snippet":"max-snippet:-1","max-image-preview":"max-image-preview:large","max-video-preview":"max-video-preview:-1"},"canonical":"https:\/\/opcleaningservice.com\/es\/limpieza-comercial\/","og_locale":"es_ES","og_type":"article","og_title":"limpieza comercial","og_description":"Servicios de limpieza comercial en Orlando, Fl. M\u00e1s de 10 a\u00f1os de experiencia creando espacios limpios para ti y tus empleados.","og_url":"https:\/\/opcleaningservice.com\/es\/limpieza-comercial\/","og_site_name":"OP Cleaning services Inc","article_modified_time":"2025-02-05T20:30:16+00:00","twitter_card":"summary_large_image","twitter_misc":{"Tiempo de lectura":"4 minutos"},"schema":{"@context":"https:\/\/schema.org","@graph":[{"@type":"WebPage","@id":"https:\/\/opcleaningservice.com\/es\/limpieza-comercial\/","url":"https:\/\/opcleaningservice.com\/es\/limpieza-comercial\/","name":"limpieza comercial","isPartOf":{"@id":"https:\/\/opcleaningservice.com\/#website"},"datePublished":"2024-10-04T16:21:51+00:00","dateModified":"2025-02-05T20:30:16+00:00","description":"Servicios de limpieza comercial en Orlando, Fl. M\u00e1s de 10 a\u00f1os de experiencia creando espacios limpios para ti y tus empleados.","breadcrumb":{"@id":"https:\/\/opcleaningservice.com\/es\/limpieza-comercial\/#breadcrumb"},"inLanguage":"es","potentialAction":[{"@type":"ReadAction","target":["https:\/\/opcleaningservice.com\/es\/limpieza-comercial\/"]}]},{"@type":"BreadcrumbList","@id":"https:\/\/opcleaningservice.com\/es\/limpieza-comercial\/#breadcrumb","itemListElement":[{"@type":"ListItem","position":1,"name":"Home","item":"https:\/\/opcleaningservice.com\/es\/"},{"@type":"ListItem","position":2,"name":"limpieza comercial"}]},{"@type":"WebSite","@id":"https:\/\/opcleaningservice.com\/#website","url":"https:\/\/opcleaningservice.com\/","name":"OP Cleaning services Inc","description":"Cleaning services","potentialAction":[{"@type":"SearchAction","target":{"@type":"EntryPoint","urlTemplate":"https:\/\/opcleaningservice.com\/?s={search_term_string}"},"query-input":{"@type":"PropertyValueSpecification","valueRequired":true,"valueName":"search_term_string"}}],"inLanguage":"es"}]}},"_links":{"self":[{"href":"https:\/\/opcleaningservice.com\/es\/wp-json\/wp\/v2\/pages\/730","targetHints":{"allow":["GET"]}}],"collection":[{"href":"https:\/\/opcleaningservice.com\/es\/wp-json\/wp\/v2\/pages"}],"about":[{"href":"https:\/\/opcleaningservice.com\/es\/wp-json\/wp\/v2\/types\/page"}],"author":[{"embeddable":true,"href":"https:\/\/opcleaningservice.com\/es\/wp-json\/wp\/v2\/users\/2"}],"replies":[{"embeddable":true,"href":"https:\/\/opcleaningservice.com\/es\/wp-json\/wp\/v2\/comments?post=730"}],"version-history":[{"count":9,"href":"https:\/\/opcleaningservice.com\/es\/wp-json\/wp\/v2\/pages\/730\/revisions"}],"predecessor-version":[{"id":934,"href":"https:\/\/opcleaningservice.com\/es\/wp-json\/wp\/v2\/pages\/730\/revisions\/934"}],"wp:attachment":[{"href":"https:\/\/opcleaningservice.com\/es\/wp-json\/wp\/v2\/media?parent=730"}],"curies":[{"name":"wp","href":"https:\/\/api.w.org\/{rel}","templated":true}]}}