{"id":733,"date":"2024-10-04T20:42:11","date_gmt":"2024-10-04T18:42:11","guid":{"rendered":"https:\/\/opcleaningservice.com\/servicios-de-limpieza-de-suelos\/"},"modified":"2025-02-05T21:37:28","modified_gmt":"2025-02-05T20:37:28","slug":"limpieza-de-pisos","status":"publish","type":"page","link":"https:\/\/opcleaningservice.com\/es\/limpieza-de-pisos\/","title":{"rendered":"Limpieza-de-pisos"},"content":{"rendered":"<div class=\"wpb-content-wrapper\"><p>[vc_row][vc_column]\n\t\t\t\t<p class=\"rs-p-wp-fix\"><\/p>\n\t\t\t\t<sr7-module data-alias=\"floor-cleaning-services-1\" data-id=\"26\" id=\"SR7_26_1\" class=\"rs-ov-hidden\" data-version=\"6.7.40\">\n\t\t\t\t\t<sr7-adjuster><\/sr7-adjuster>\n\t\t\t\t\t<sr7-content>\n\t\t\t\t\t\t<sr7-slide id=\"SR7_26_1-55\" data-key=\"55\">\n\t\t\t\t\t\t\t<sr7-bg id=\"SR7_26_1-55-1\" class=\"sr7-layer\"><noscript><img decoding=\"async\" src=\"https:\/\/opcleaningservice.com\/wp-content\/uploads\/2025\/02\/banners-cleaning-floors.jpg\" alt=\"\" title=\"banners-cleaning-floors\"><\/noscript><\/sr7-bg>\n\t\t\t\t\t\t\t<sr7-txt id=\"SR7_26_1-55-0\" class=\"sr7-layer\">SERVICIOS DE LIMPIEZA PARA PISOS<\/sr7-txt>\n\t\t\t\t\t\t<\/sr7-slide>\n\t\t\t\t\t\t<sr7-slide id=\"SR7_26_1-56\" data-key=\"56\">\n\t\t\t\t\t\t<\/sr7-slide>\n\t\t\t\t\t<\/sr7-content>\n\t\t\t\t\t<image_lists style=\"display:none\">\n\t\t\t\t\t\t<img data-src=\"\/\/opcleaningservice.com\/wp-content\/uploads\/2025\/02\/banners-cleaning-floors.jpg\" data-libid=\"805\" data-lib=\"medialibrary\" title=\"banners-cleaning-floors\" width=\"0\" height=\"0\" data-dbsrc=\"Ly9vcGNsZWFuaW5nc2VydmljZS5jb20vd3AtY29udGVudC91cGxvYWRzLzIwMjUvMDIvYmFubmVycy1jbGVhbmluZy1mbG9vcnMuanBn\"\/>\n\t\t\t\t\t<\/image_lists>\n\t\t\t\t<\/sr7-module>\n\t\t\t\t<script>\n\t\t\t\t\tSR7.PMH ??={}; SR7.PMH[\"SR7_26_1\"] = {cn:100,state:false,fn: function() { if (_tpt!==undefined && _tpt.prepareModuleHeight !== undefined) {  _tpt.prepareModuleHeight({id:\"SR7_26_1\",el:[450,450,450,450,200],type:'standard',shdw:'0',gh:[450,450,450,450,200],gw:[1920,1920,1920,1920,480],vpt:['-100px&#039;,&#039;-100px&#039;,&#039;-100px&#039;,&#039;-100px&#039;,&#039;-100px'],size:{fullWidth:true, fullHeight:false},mh:'0',onh:0,onw:0,bg:{color:'{\"orig\":\"transparent\",\"type\":\"solid\",\"string\":\"transparent\"}'}});   SR7.PMH[\"SR7_26_1\"].state=true;} else if(SR7.PMH[\"SR7_26_1\"].cn-->0)\tsetTimeout( SR7.PMH[\"SR7_26_1\"].fn,19);}};SR7.PMH[\"SR7_26_1\" ].fn();\n\t\t\t\t<\/script>\n[vc_row_inner][vc_column_inner][vc_column_text css=\u00bb\u00bb]<div id=\"crumbs\"><a href=\"https:\/\/opcleaningservice.com\/es\/\">Home<\/a> > <\/div>[\/vc_column_text][\/vc_column_inner][\/vc_row_inner][\/vc_column][\/vc_row][vc_row gap=\u00bb25&#8243; equal_height=\u00bbyes\u00bb content_placement=\u00bbmiddle\u00bb][vc_column width=\u00bb1\/2&#8243;][vc_single_image image=\u00bb596&#8243; img_size=\u00bbfull\u00bb css=\u00bb\u00bb][\/vc_column][vc_column width=\u00bb1\/2&#8243;][vc_column_text css=\u00bb\u00bb]<\/p>\n<h1><strong>LIMPIEZA DE PISOS<\/strong><\/h1>\n<p>En OP Cleaning, nuestros <strong>servicios de limpieza de pisos<\/strong> abarcan una amplia gama de tratamientos especializados para mantener tus suelos con un aspecto impecable y en buen estado. As\u00ed mismo, limpiamos ya sea si tienes pisos de baldosa, madera o vinilo, y te ofrecemos una limpieza y un cuidado minucioso.<\/p>\n<p>Desde el barrido y fregado habituales hasta tratamientos m\u00e1s avanzados como el encerado y decapado, nos aseguramos de que tus suelos brillen y se mantengan en <a href=\"https:\/\/www.angi.com\/articles\/how-keep-floors-clean.htm\" target=\"_blank\" rel=\"noopener\">excelentes condiciones<\/a>, mejorando el aspecto general de tu espacio.[\/vc_column_text][vc_empty_space][vc_btn title=\u00bbM\u00c1S INFO\u00bb color=\u00bbblack\u00bb css=\u00bb\u00bb link=\u00bburl:https%3A%2F%2Fopcleaningservice.com%2Fes%2Flimpieza-residencial-y-comercial%2Freservar-su-servicio%2F|title:Reserva%20ahora\u00bb el_class=\u00bbbtn-opcleaning\u00bb][\/vc_column][\/vc_row][vc_row][vc_column][vc_empty_space height=\u00bb35px\u00bb][\/vc_column][\/vc_row][vc_row][vc_column width=\u00bb1\/2&#8243;][vc_column_text css=\u00bb\u00bb]<\/p>\n<h2><strong>ENCERAR Y FREGAR SUELOS<\/strong><\/h2>\n<p>Nuestros <strong>servicios de limpieza de suelos<\/strong> incluyen el decapado y encerado expertos, que ayudan a restaurar la belleza original de tus suelos. Con el tiempo, los suelos pueden acumular suciedad, ara\u00f1azos y desgaste, sin embargo con nuestro proceso de decapado y encerado, eliminamos las capas viejas y opacas de cera y aplicamos una capa nueva.<\/p>\n<p>A causa de esto no s\u00f3lo hace que tus suelos parezcan nuevos de nuevo, sino que tambi\u00e9n a\u00f1ade una capa protectora que ayuda a evitar m\u00e1s da\u00f1os, <a href=\"https:\/\/www.angi.com\/articles\/how-keep-floors-clean.htm\" target=\"_blank\" rel=\"noopener\">alargando<\/a> la vida de tu suelo.[\/vc_column_text][vc_empty_space height=\u00bb20px\u00bb el_class=\u00bbespacios\u00bb][\/vc_column][vc_column width=\u00bb1\/2&#8243;][vc_single_image image=\u00bb392&#8243; img_size=\u00bbfull\u00bb css=\u00bb\u00bb][\/vc_column][\/vc_row][vc_row][vc_column][vc_empty_space height=\u00bb35px\u00bb][\/vc_column][\/vc_row][vc_row gap=\u00bb25&#8243; equal_height=\u00bbyes\u00bb content_placement=\u00bbmiddle\u00bb][vc_column width=\u00bb1\/2&#8243;][vc_single_image image=\u00bb594&#8243; img_size=\u00bbfull\u00bb css=\u00bb\u00bb][\/vc_column][vc_column width=\u00bb1\/2&#8243;][vc_column_text css=\u00bb\u00bb]<\/p>\n<h2><strong>LAVADO A PRESI\u00d3N<\/strong><\/h2>\n<p>Adicionalmente, para espacios exteriores o zonas propensas a acumular mucha suciedad, ofrecemos lavado a presi\u00f3n profesional como parte de nuestros <strong>servicios de limpieza de suelos<\/strong>.<\/p>\n<p><a href=\"https:\/\/melbournejettercentre.com.au\/ultimate-guide-floor-surface-cleaning\/\" target=\"_blank\" rel=\"noopener\">El lavado a presi\u00f3n<\/a> es ideal para limpiar superficies de hormig\u00f3n, aceras, calzadas y patios, garantizando que se elimine a fondo toda la suciedad, mugre y residuos. Como resultado, este servicio es perfecto para restaurar el aspecto de zonas muy transitadas y mantenerlas a salvo de peligros de resbalones.[\/vc_column_text][\/vc_column][\/vc_row][vc_row][vc_column][vc_empty_space height=\u00bb35px\u00bb][\/vc_column][\/vc_row][vc_row gap=\u00bb25&#8243; equal_height=\u00bbyes\u00bb content_placement=\u00bbmiddle\u00bb][vc_column width=\u00bb1\/2&#8243;][vc_empty_space][vc_column_text css=\u00bb\u00bb]<\/p>\n<h2><strong>LIMPIEZA DE BALDOSAS Y FRAGUA<\/strong><\/h2>\n<p>Nuestros <strong>servicios de limpieza de suelos<\/strong> tambi\u00e9n incluyen la limpieza especializada de baldosas. Con el tiempo, el azulejo y la fragua o lechada pueden acumular manchas y decolorarse. Nuestro equipo utiliza t\u00e9cnicas avanzadas para limpiar en profundidad y restaurar el brillo original de tus azulejos, garantizando que tengan un aspecto fresco e impecable.<\/p>\n<p>Ya sea en tu cocina, ba\u00f1o o local comercial, nos aseguramos de que tus azulejos y baldosas queden limpios y desinfectados, dej\u00e1ndolos relucientes y frescos.[\/vc_column_text][vc_btn title=\u00bbSABER M\u00c1S\u00bb color=\u00bbblack\u00bb css=\u00bb\u00bb link=\u00bburl:https%3A%2F%2Fopcleaningservice.com%2Fes%2Flimpieza-residencial-y-comercial%2Freservar-su-servicio%2F|title:Reserva%20ahora\u00bb el_class=\u00bbbtn-opcleaning\u00bb][\/vc_column][vc_column width=\u00bb1\/2&#8243;][vc_single_image image=\u00bb598&#8243; img_size=\u00bbfull\u00bb css=\u00bb\u00bb][\/vc_column][\/vc_row][vc_row][vc_column][vc_empty_space height=\u00bb45px\u00bb][vc_column_text css=\u00bb\u00bb]\u00bfNo est\u00e1s seguro de qu\u00e9 servicio de limpieza es el adecuado para ti? \u00a1No hay problema! Completa nuestro formulario de <a href=\"https:\/\/opcleaningservice.com\/es\/home\/reservar-ahora\/\">contacto<\/a> y te ayudaremos a crear un plan de limpieza personalizado que se ajuste a tu hogar, horario y estilo de vida. Nuestro objetivo es ofrecer un servicio que cumpla con tus necesidades con conveniencia y cuidado.[\/vc_column_text][vc_empty_space height=\u00bb45px\u00bb][\/vc_column][\/vc_row][vc_row slider_type=\u00bbhorizontal\u00bb slide_to_scroll=\u00bball\u00bb title_text_typography=\u00bb\u00bb slides_on_desk=\u00bb4&#8243; slides_on_tabs=\u00bb3&#8243; slides_on_mob=\u00bb1&#8243; infinite_loop=\u00bbon\u00bb speed=\u00bb300&#8243; autoplay=\u00bbon\u00bb autoplay_speed=\u00bb5000&#8243; arrows=\u00bbshow\u00bb arrow_style=\u00bbdefault\u00bb arrow_bg_color=\u00bb\u00bb arrow_border_color=\u00bb\u00bb border_size=\u00bb2&#8243; arrow_color=\u00bb#0052F5&#8243; arrow_size=\u00bb60&#8243; next_icon=\u00bbultsl-arrow-right4&#8243; prev_icon=\u00bbultsl-arrow-left4&#8243; dots=\u00bboff\u00bb dots_color=\u00bb#333333&#8243; dots_icon=\u00bbultsl-record\u00bb item_animation=\u00bb\u00bb draggable=\u00bbon\u00bb touch_move=\u00bbon\u00bb rtl=\u00bb\u00bb adaptive_height=\u00bb\u00bb pauseohover=\u00bbon\u00bb centermode=\u00bboff\u00bb focusonselect=\u00bb\u00bb item_space=\u00bb15&#8243; css_ad_caraousel=\u00bb.vc_custom_1727988574402{padding-right: 20px !important;padding-left: 20px !important;}\u00bb][vc_column][vc_column_text css=\u00bb\u00bb]<\/p>\n<h2 style=\"text-align: center;\">TRABAJOS RECIENTES<\/h2>\n<p>[\/vc_column_text][vc_empty_space]<div id=\"ult-carousel-352211607169e4da497d31e\" class=\"ult-carousel-wrapper  vc_custom_1728067631758  ult_horizontal\" data-gutter=\"15\" data-rtl=\"false\" ><div class=\"ult-carousel-264785009169e4da497cfbb \" >[vc_single_image image=\u00bb520&#8243; img_size=\u00bbfull\u00bb alignment=\u00bbcenter\u00bb css=\u00bb\u00bb][vc_single_image image=\u00bb92&#8243; img_size=\u00bbfull\u00bb alignment=\u00bbcenter\u00bb css=\u00bb\u00bb][vc_single_image image=\u00bb89&#8243; img_size=\u00bbfull\u00bb alignment=\u00bbcenter\u00bb css=\u00bb\u00bb][vc_single_image image=\u00bb98&#8243; img_size=\u00bbfull\u00bb alignment=\u00bbcenter\u00bb css=\u00bb\u00bb][vc_single_image image=\u00bb97&#8243; img_size=\u00bbfull\u00bb alignment=\u00bbcenter\u00bb css=\u00bb\u00bb][vc_single_image image=\u00bb86&#8243; img_size=\u00bbfull\u00bb alignment=\u00bbcenter\u00bb css=\u00bb\u00bb]<\/div><\/div>\t\t\t<script type=\"text\/javascript\">\n\t\t\t\tjQuery(document).ready(function ($) {\n\t\t\t\t\tif( typeof jQuery('.ult-carousel-264785009169e4da497cfbb').slick == \"function\"){\n\t\t\t\t\t\t$('.ult-carousel-264785009169e4da497cfbb').slick({dots: false,autoplay: true,autoplaySpeed: \"5000\",speed: \"300\",infinite: true,arrows: true,nextArrow: '<button type=\"button\" role=\"button\" aria-label=\"Next\" style=\"color:#0052F5; font-size:60px;\" class=\"slick-next default\"><i class=\"ultsl-arrow-right4\"><\/i><\/button>',prevArrow: '<button type=\"button\" role=\"button\" aria-label=\"Previous\" style=\"color:#0052F5; font-size:60px;\" class=\"slick-prev default\"><i class=\"ultsl-arrow-left4\"><\/i><\/button>',slidesToScroll:4,slidesToShow:4,swipe: true,draggable: true,touchMove: true,pauseOnHover: true,pauseOnFocus: false,responsive: [\n\t\t\t\t\t\t\t{\n\t\t\t\t\t\t\t  breakpoint: 1026,\n\t\t\t\t\t\t\t  settings: {\n\t\t\t\t\t\t\t\tslidesToShow: 4,\n\t\t\t\t\t\t\t\tslidesToScroll: 4,  \n\t\t\t\t\t\t\t  }\n\t\t\t\t\t\t\t},\n\t\t\t\t\t\t\t{\n\t\t\t\t\t\t\t  breakpoint: 1025,\n\t\t\t\t\t\t\t  settings: {\n\t\t\t\t\t\t\t\tslidesToShow: 3,\n\t\t\t\t\t\t\t\tslidesToScroll: 3\n\t\t\t\t\t\t\t  }\n\t\t\t\t\t\t\t},\n\t\t\t\t\t\t\t{\n\t\t\t\t\t\t\t  breakpoint: 760,\n\t\t\t\t\t\t\t  settings: {\n\t\t\t\t\t\t\t\tslidesToShow: 1,\n\t\t\t\t\t\t\t\tslidesToScroll: 1\n\t\t\t\t\t\t\t  }\n\t\t\t\t\t\t\t}\n\t\t\t\t\t\t],pauseOnDotsHover: true,customPaging: function(slider, i) {\n                   return '<i type=\"button\" style= \"color:#333333;\" class=\"ultsl-record\" data-role=\"none\"><\/i>';\n                },});\n\t\t\t\t\t}\n\t\t\t\t});\n\t\t\t<\/script>\n\t\t\t[vc_empty_space][vc_btn title=\u00bbRESERVA YA\u00bb color=\u00bbblack\u00bb align=\u00bbcenter\u00bb css=\u00bb\u00bb link=\u00bburl:https%3A%2F%2Fopcleaningservice.com%2Fes%2Flimpieza-residencial-y-comercial%2Freservar-su-servicio%2F|title:Reserva%20ahora\u00bb el_class=\u00bbbtn-opcleaning\u00bb][\/vc_column][\/vc_row][vc_row][vc_column][vc_empty_space height=\u00bb45px\u00bb][\/vc_column][\/vc_row][vc_row full_width=\u00bbstretch_row_content_no_spaces\u00bb el_class=\u00bbseccion-formu\u00bb css=\u00bb.vc_custom_1724751512715{background-image: url(https:\/\/opcleaningservice.com\/wp-content\/uploads\/2024\/08\/img-formu.jpg?id=146) !important;background-position: center !important;background-repeat: no-repeat !important;background-size: cover !important;}\u00bb][vc_column][vc_row_inner el_class=\u00bbcontainer\u00bb][vc_column_inner width=\u00bb1\/2&#8243;][\/vc_column_inner][vc_column_inner width=\u00bb1\/2&#8243;]\n<div class=\"wpcf7 no-js\" id=\"wpcf7-f274-o1\" lang=\"es-ES\" dir=\"ltr\" data-wpcf7-id=\"274\">\n<div class=\"screen-reader-response\"><p role=\"status\" aria-live=\"polite\" aria-atomic=\"true\"><\/p> <ul><\/ul><\/div>\n<form action=\"\/es\/wp-json\/wp\/v2\/pages\/733#wpcf7-f274-o1\" method=\"post\" class=\"wpcf7-form init\" aria-label=\"Formulario de contacto\" novalidate=\"novalidate\" data-status=\"init\">\n<fieldset class=\"hidden-fields-container\"><input type=\"hidden\" name=\"_wpcf7\" value=\"274\" \/><input type=\"hidden\" name=\"_wpcf7_version\" value=\"6.1.5\" \/><input type=\"hidden\" name=\"_wpcf7_locale\" value=\"es_ES\" \/><input type=\"hidden\" name=\"_wpcf7_unit_tag\" value=\"wpcf7-f274-o1\" \/><input type=\"hidden\" name=\"_wpcf7_container_post\" value=\"0\" \/><input type=\"hidden\" name=\"_wpcf7_posted_data_hash\" value=\"\" \/><input type=\"hidden\" name=\"_wpcf7_recaptcha_response\" value=\"\" \/>\n<\/fieldset>\n<div class=\"formulario-contacto\">\n\t<div style=\"padding: 0px;\" class=\"col-sm-12 \">\n\t\t<h4>NOMBRE COMPLETO*\n\t\t<\/h4>\n\t\t<p><span class=\"wpcf7-form-control-wrap\" data-name=\"fullname\"><input size=\"40\" maxlength=\"400\" class=\"wpcf7-form-control wpcf7-text wpcf7-validates-as-required\" aria-required=\"true\" aria-invalid=\"false\" placeholder=\"Nombre completo\" value=\"\" type=\"text\" name=\"fullname\" \/><\/span>\n\t\t<\/p>\n\t\t<h4>E-MAIL*\n\t\t<\/h4>\n\t\t<p><span class=\"wpcf7-form-control-wrap\" data-name=\"email\"><input size=\"40\" maxlength=\"400\" class=\"wpcf7-form-control wpcf7-email wpcf7-validates-as-required wpcf7-text wpcf7-validates-as-email\" aria-required=\"true\" aria-invalid=\"false\" placeholder=\"Direcci\u00f3n de correo electr\u00f3nico\" value=\"\" type=\"email\" name=\"email\" \/><\/span>\n\t\t<\/p>\n\t\t<h4>N\u00daMERO DE TEL\u00c9FONO*\n\t\t<\/h4>\n\t\t<p><span class=\"wpcf7-form-control-wrap\" data-name=\"phone\"><input size=\"40\" maxlength=\"400\" class=\"wpcf7-form-control wpcf7-tel wpcf7-validates-as-required wpcf7-text wpcf7-validates-as-tel\" aria-required=\"true\" aria-invalid=\"false\" placeholder=\"000-000-0000\" value=\"\" type=\"tel\" name=\"phone\" \/><\/span>\n\t\t<\/p>\n\t<\/div>\n\t<div style=\"padding: 0px;\" class=\"col-sm-12\">\n\t\t<div class=\"campo\">\n\t\t\t<p><span class=\"wpcf7-form-control-wrap\" data-name=\"acceptance-601\"><span class=\"wpcf7-form-control wpcf7-acceptance\"><span class=\"wpcf7-list-item\"><input type=\"checkbox\" name=\"acceptance-601\" value=\"1\" aria-invalid=\"false\" \/><\/span><\/span><\/span>\n\t\t\t<\/p>\n\t\t\t<p>Acepto las<a href=\"#\" target=\"_black\"> Pol\u00edticas de privacidad y confidencialidad <\/a>para uso de mis datos**\n\t\t\t<\/p>\n\t\t<\/div>\n\t\t<div class=\"submit-formu\">\n\t\t\t<p><input class=\"wpcf7-form-control wpcf7-submit has-spinner\" type=\"submit\" value=\"ENVIAR\" \/>\n\t\t\t<\/p>\n\t\t<\/div>\n\t<\/div>\n<\/div><div class=\"wpcf7-response-output\" aria-hidden=\"true\"><\/div>\n<\/form>\n<\/div>\n[\/vc_column_inner][\/vc_row_inner][\/vc_column][\/vc_row]<\/p>\n<\/div>","protected":false},"excerpt":{"rendered":"<p>[vc_row][vc_column][vc_row_inner][vc_column_inner][vc_column_text css=\u00bb\u00bb][\/vc_column_text][\/vc_column_inner][\/vc_row_inner][\/vc_column][\/vc_row][vc_row gap=\u00bb25&#8243; equal_height=\u00bbyes\u00bb content_placement=\u00bbmiddle\u00bb][vc_column width=\u00bb1\/2&#8243;][vc_single_image image=\u00bb596&#8243; img_size=\u00bbfull\u00bb css=\u00bb\u00bb][\/vc_column][vc_column width=\u00bb1\/2&#8243;][vc_column_text css=\u00bb\u00bb] LIMPIEZA DE PISOS En <a class=\"read-more\" href=\"https:\/\/opcleaningservice.com\/es\/limpieza-de-pisos\/\">Read More<\/a><\/p>\n","protected":false},"author":2,"featured_media":0,"parent":0,"menu_order":0,"comment_status":"closed","ping_status":"closed","template":"","meta":{"_acf_changed":false,"_joinchat":[],"footnotes":""},"class_list":["post-733","page","type-page","status-publish","hentry"],"acf":[],"yoast_head":"<!-- This site is optimized with the Yoast SEO plugin v27.4 - https:\/\/yoast.com\/product\/yoast-seo-wordpress\/ -->\n<title>Limpieza de pisos OP Cleaning services Inc<\/title>\n<meta name=\"description\" content=\"Ofrecemos una amplia gama de servicios de Limpieza de pisos para que tengan un aspecto impecable y duren m\u00e1s.\" \/>\n<meta name=\"robots\" content=\"index, follow, max-snippet:-1, max-image-preview:large, max-video-preview:-1\" \/>\n<link rel=\"canonical\" href=\"https:\/\/opcleaningservice.com\/es\/limpieza-de-pisos\/\" \/>\n<meta property=\"og:locale\" content=\"es_ES\" \/>\n<meta property=\"og:type\" content=\"article\" \/>\n<meta property=\"og:title\" content=\"Limpieza de pisos OP Cleaning services Inc\" \/>\n<meta property=\"og:description\" content=\"Ofrecemos una amplia gama de servicios de Limpieza de pisos para que tengan un aspecto impecable y duren m\u00e1s.\" \/>\n<meta property=\"og:url\" content=\"https:\/\/opcleaningservice.com\/es\/limpieza-de-pisos\/\" \/>\n<meta property=\"og:site_name\" content=\"OP Cleaning services Inc\" \/>\n<meta property=\"article:modified_time\" content=\"2025-02-05T20:37:28+00:00\" \/>\n<meta name=\"twitter:card\" content=\"summary_large_image\" \/>\n<meta name=\"twitter:label1\" content=\"Tiempo de lectura\" \/>\n\t<meta name=\"twitter:data1\" content=\"3 minutos\" \/>\n<script type=\"application\/ld+json\" class=\"yoast-schema-graph\">{\"@context\":\"https:\\\/\\\/schema.org\",\"@graph\":[{\"@type\":\"WebPage\",\"@id\":\"https:\\\/\\\/opcleaningservice.com\\\/es\\\/limpieza-de-pisos\\\/\",\"url\":\"https:\\\/\\\/opcleaningservice.com\\\/es\\\/limpieza-de-pisos\\\/\",\"name\":\"Limpieza de pisos OP Cleaning services Inc\",\"isPartOf\":{\"@id\":\"https:\\\/\\\/opcleaningservice.com\\\/#website\"},\"datePublished\":\"2024-10-04T18:42:11+00:00\",\"dateModified\":\"2025-02-05T20:37:28+00:00\",\"description\":\"Ofrecemos una amplia gama de servicios de Limpieza de pisos para que tengan un aspecto impecable y duren m\u00e1s.\",\"breadcrumb\":{\"@id\":\"https:\\\/\\\/opcleaningservice.com\\\/es\\\/limpieza-de-pisos\\\/#breadcrumb\"},\"inLanguage\":\"es\",\"potentialAction\":[{\"@type\":\"ReadAction\",\"target\":[\"https:\\\/\\\/opcleaningservice.com\\\/es\\\/limpieza-de-pisos\\\/\"]}]},{\"@type\":\"BreadcrumbList\",\"@id\":\"https:\\\/\\\/opcleaningservice.com\\\/es\\\/limpieza-de-pisos\\\/#breadcrumb\",\"itemListElement\":[{\"@type\":\"ListItem\",\"position\":1,\"name\":\"Home\",\"item\":\"https:\\\/\\\/opcleaningservice.com\\\/es\\\/\"},{\"@type\":\"ListItem\",\"position\":2,\"name\":\"Limpieza-de-pisos\"}]},{\"@type\":\"WebSite\",\"@id\":\"https:\\\/\\\/opcleaningservice.com\\\/#website\",\"url\":\"https:\\\/\\\/opcleaningservice.com\\\/\",\"name\":\"OP Cleaning services Inc\",\"description\":\"Cleaning services\",\"potentialAction\":[{\"@type\":\"SearchAction\",\"target\":{\"@type\":\"EntryPoint\",\"urlTemplate\":\"https:\\\/\\\/opcleaningservice.com\\\/?s={search_term_string}\"},\"query-input\":{\"@type\":\"PropertyValueSpecification\",\"valueRequired\":true,\"valueName\":\"search_term_string\"}}],\"inLanguage\":\"es\"}]}<\/script>\n<!-- \/ Yoast SEO plugin. -->","yoast_head_json":{"title":"Limpieza de pisos OP Cleaning services Inc","description":"Ofrecemos una amplia gama de servicios de Limpieza de pisos para que tengan un aspecto impecable y duren m\u00e1s.","robots":{"index":"index","follow":"follow","max-snippet":"max-snippet:-1","max-image-preview":"max-image-preview:large","max-video-preview":"max-video-preview:-1"},"canonical":"https:\/\/opcleaningservice.com\/es\/limpieza-de-pisos\/","og_locale":"es_ES","og_type":"article","og_title":"Limpieza de pisos OP Cleaning services Inc","og_description":"Ofrecemos una amplia gama de servicios de Limpieza de pisos para que tengan un aspecto impecable y duren m\u00e1s.","og_url":"https:\/\/opcleaningservice.com\/es\/limpieza-de-pisos\/","og_site_name":"OP Cleaning services Inc","article_modified_time":"2025-02-05T20:37:28+00:00","twitter_card":"summary_large_image","twitter_misc":{"Tiempo de lectura":"3 minutos"},"schema":{"@context":"https:\/\/schema.org","@graph":[{"@type":"WebPage","@id":"https:\/\/opcleaningservice.com\/es\/limpieza-de-pisos\/","url":"https:\/\/opcleaningservice.com\/es\/limpieza-de-pisos\/","name":"Limpieza de pisos OP Cleaning services Inc","isPartOf":{"@id":"https:\/\/opcleaningservice.com\/#website"},"datePublished":"2024-10-04T18:42:11+00:00","dateModified":"2025-02-05T20:37:28+00:00","description":"Ofrecemos una amplia gama de servicios de Limpieza de pisos para que tengan un aspecto impecable y duren m\u00e1s.","breadcrumb":{"@id":"https:\/\/opcleaningservice.com\/es\/limpieza-de-pisos\/#breadcrumb"},"inLanguage":"es","potentialAction":[{"@type":"ReadAction","target":["https:\/\/opcleaningservice.com\/es\/limpieza-de-pisos\/"]}]},{"@type":"BreadcrumbList","@id":"https:\/\/opcleaningservice.com\/es\/limpieza-de-pisos\/#breadcrumb","itemListElement":[{"@type":"ListItem","position":1,"name":"Home","item":"https:\/\/opcleaningservice.com\/es\/"},{"@type":"ListItem","position":2,"name":"Limpieza-de-pisos"}]},{"@type":"WebSite","@id":"https:\/\/opcleaningservice.com\/#website","url":"https:\/\/opcleaningservice.com\/","name":"OP Cleaning services Inc","description":"Cleaning services","potentialAction":[{"@type":"SearchAction","target":{"@type":"EntryPoint","urlTemplate":"https:\/\/opcleaningservice.com\/?s={search_term_string}"},"query-input":{"@type":"PropertyValueSpecification","valueRequired":true,"valueName":"search_term_string"}}],"inLanguage":"es"}]}},"_links":{"self":[{"href":"https:\/\/opcleaningservice.com\/es\/wp-json\/wp\/v2\/pages\/733","targetHints":{"allow":["GET"]}}],"collection":[{"href":"https:\/\/opcleaningservice.com\/es\/wp-json\/wp\/v2\/pages"}],"about":[{"href":"https:\/\/opcleaningservice.com\/es\/wp-json\/wp\/v2\/types\/page"}],"author":[{"embeddable":true,"href":"https:\/\/opcleaningservice.com\/es\/wp-json\/wp\/v2\/users\/2"}],"replies":[{"embeddable":true,"href":"https:\/\/opcleaningservice.com\/es\/wp-json\/wp\/v2\/comments?post=733"}],"version-history":[{"count":9,"href":"https:\/\/opcleaningservice.com\/es\/wp-json\/wp\/v2\/pages\/733\/revisions"}],"predecessor-version":[{"id":796,"href":"https:\/\/opcleaningservice.com\/es\/wp-json\/wp\/v2\/pages\/733\/revisions\/796"}],"wp:attachment":[{"href":"https:\/\/opcleaningservice.com\/es\/wp-json\/wp\/v2\/media?parent=733"}],"curies":[{"name":"wp","href":"https:\/\/api.w.org\/{rel}","templated":true}]}}